{"id":20764,"date":"2020-11-16T15:52:47","date_gmt":"2020-11-16T15:52:47","guid":{"rendered":"https:\/\/b-sharpe.d.wpstage.net\/?page_id=20764"},"modified":"2021-03-25T13:21:59","modified_gmt":"2021-03-25T13:21:59","slug":"funzionamento","status":"publish","type":"page","link":"https:\/\/www.b-sharpe.com\/it\/spazio-aziende\/funzionamento\/","title":{"rendered":"Funzionamento Aziende"},"content":{"rendered":"\n<h1>\n\t\tLa semplicit\u00e0 b-sharpe al servizio delle aziende\n\t<\/h1>\n\t<p>Eseguire le tue operazioni di cambio on-line non \u00e8 mai stato cos\u00ec semplice! La creazione del tuo account richiede solo pochi minuti.<\/p>\n\t\t\t<a href=\"https:\/\/secure.b-sharpe.com\/auth\/registration\/company\/?language=it\" target=\"_self\" role=\"button\" rel=\"noopener\">\n\t\t\t\t\t\t\tApri il tuo account\n\t\t\t\t\t<\/a>\n\t\t\t\t<img decoding=\"async\" src=\"https:\/\/www.b-sharpe.com\/wp-content\/uploads\/2021\/03\/Fonctionnement.png\" alt=\"Fonctionnement\" title=\"Fonctionnement\" itemprop=\"image\"  \/>\n\t\t\t\t<img decoding=\"async\" src=\"https:\/\/www.b-sharpe.com\/wp-content\/uploads\/2021\/03\/Taux.png\" alt=\"Taux\" itemprop=\"image\" height=\"572\" width=\"572\" title=\"Taux\" onerror=\"this.style.display='none'\"  \/>\n<h2>\n\t\tFissa il tasso di cambio\n\t<\/h2>\n\t<p>Per una gestione ottimizzata dei costi, imposta in anticipo il tasso di cambio per ogni transazione. Beneficia di un contatto diretto con la nostra trading room.<\/p>\n<h2>\n\t\tTasso a ricezione\n\t<\/h2>\n\t<p>In questo caso, applichiamo il tasso di cambio corrispondente al momento in cui riceviamo i fondi.<\/p>\n\t\t\t\t<img decoding=\"async\" src=\"https:\/\/www.b-sharpe.com\/wp-content\/uploads\/2021\/03\/Taux-Reception.png\" alt=\"Taux Reception\" itemprop=\"image\" height=\"572\" width=\"572\" title=\"Taux Reception\" onerror=\"this.style.display='none'\"  \/>\n\t\t\t\t<img decoding=\"async\" src=\"https:\/\/www.b-sharpe.com\/wp-content\/uploads\/2021\/03\/Service-client.png\" alt=\"Service client\" itemprop=\"image\" height=\"572\" width=\"572\" title=\"Service client\" onerror=\"this.style.display='none'\"  \/>\n<h2>\n\t\tIl nostro servizio si adatta alla tua azienda\n\t<\/h2>\n<h2>\n\t\tCrea il tuo account in pochi clic\n\t<\/h2>\n\t<p>Iscriviti gratuitamente online e beneficia del nostro supporto per attivare il tuo account. Una volta verificata la tua identit\u00e0, potrai connetterti al tuo spazio, aggiungere i tuoi beneficiari e ricevere o inviare denaro in qualsiasi parte del mondo.<\/p>\n\t\t\t\t<img decoding=\"async\" src=\"https:\/\/www.b-sharpe.com\/wp-content\/uploads\/2021\/03\/Pro.png\" alt=\"Pro\" itemprop=\"image\" height=\"572\" width=\"572\" title=\"Pro\" onerror=\"this.style.display='none'\"  \/>\n\t\t\t<a href=\"https:\/\/secure.b-sharpe.com\/auth\/registration\/company\/?language=it\" target=\"_self\" role=\"button\" rel=\"noopener\">\n\t\t\t\t\t\t\tApri un account\n\t\t\t\t\t<\/a>\n\t\t\t<a href=\"\/it\/spazio-aziende\/servizio-clienti\/\" target=\"_self\" role=\"button\" rel=\"noopener\">\n\t\t\t\t\t\t\tContatta il team vendite\n\t\t\t\t\t<\/a>\n<h2>\n\t\tPronto per iniziare ad utilizzare il nostro servizio?\n\t<\/h2>\n\t<ul>\n\t\t<li>\t\t\n\t\t1<h3>Aggiungi i tuoi beneficiari<\/h3><\/li><li>\t\t\n\t\t2<h3>Fissa il tasso di cambio con il nostro team di esperti<\/h3><\/li><li>\t\t\n\t\t3<h3>Alla ricezione dei fondi, effettuiamo il cambio al tasso fissato in precedenza<\/h3><\/li><li>\t\t\n\t\t4<h3>I fondi sono versati sul conto del beneficiario predefinito<\/h3><\/li>\t<\/ul>\n<h2>\n\t\tOttimizza il cambio valuta per la tua azienda\n\t<\/h2>\n\t\t\t\t<p>Pagamenti internazionali &amp; conto multi-valuta<\/p>\n\t\t\t\t<p>Pagamento delle fatture in valuta estera<\/p>\n\t\t\t\t<p>Pagamento dei collaboratori in valuta estera<\/p>\n\t\t\t\t<p>Tasso di cambio fissato in anticipo<\/p>\n\t\t\t\t<p>Riduzione del numero dei conti bancari<\/p>\n\t\t\t\t<p>Riduzione dei costi amministrativi<\/p>\n\n","protected":false},"excerpt":{"rendered":"<p>La semplicit\u00e0 b-sharpe al servizio delle aziende Eseguire le tue operazioni di cambio on-line non \u00e8 mai stato cos\u00ec semplice! La creazione del tuo account richiede solo pochi minuti. Apri il tuo account Fissa il tasso di cambio Per una gestione ottimizzata dei costi, imposta in anticipo il tasso di cambio per ogni transazione. Beneficia&hellip;<\/p>\n","protected":false},"author":15,"featured_media":24520,"parent":12514,"menu_order":0,"comment_status":"closed","ping_status":"closed","template":"","meta":{"_acf_changed":false,"footnotes":""},"class_list":["post-20764","page","type-page","status-publish","has-post-thumbnail","hentry"],"acf":[],"yoast_head":"<!-- This site is optimized with the Yoast SEO plugin v26.9 - https:\/\/yoast.com\/product\/yoast-seo-wordpress\/ -->\n<title>Funzionamento dei servizi di cambio valuta per le aziende<\/title>\n<meta name=\"robots\" content=\"index, follow, max-snippet:-1, max-image-preview:large, max-video-preview:-1\" \/>\n<link rel=\"canonical\" href=\"https:\/\/www.b-sharpe.com\/it\/spazio-aziende\/funzionamento\/\" \/>\n<meta property=\"og:locale\" content=\"it_IT\" \/>\n<meta property=\"og:type\" content=\"article\" \/>\n<meta property=\"og:title\" content=\"Funzionamento dei servizi di cambio valuta per le aziende\" \/>\n<meta property=\"og:description\" content=\"La semplicit\u00e0 b-sharpe al servizio delle aziende Eseguire le tue operazioni di cambio on-line non \u00e8 mai stato cos\u00ec semplice! La creazione del tuo account richiede solo pochi minuti. Apri il tuo account Fissa il tasso di cambio Per una gestione ottimizzata dei costi, imposta in anticipo il tasso di cambio per ogni transazione. Beneficia&hellip;\" \/>\n<meta property=\"og:url\" content=\"https:\/\/www.b-sharpe.com\/it\/spazio-aziende\/funzionamento\/\" \/>\n<meta property=\"og:site_name\" content=\"b-sharpe\" \/>\n<meta property=\"article:modified_time\" content=\"2021-03-25T13:21:59+00:00\" \/>\n<meta property=\"og:image\" content=\"https:\/\/www.b-sharpe.com\/wp-content\/uploads\/2021\/02\/2.png\" \/>\n\t<meta property=\"og:image:width\" content=\"1500\" \/>\n\t<meta property=\"og:image:height\" content=\"940\" \/>\n\t<meta property=\"og:image:type\" content=\"image\/png\" \/>\n<meta name=\"twitter:card\" content=\"summary_large_image\" \/>\n<meta name=\"twitter:label1\" content=\"Tempo di lettura stimato\" \/>\n\t<meta name=\"twitter:data1\" content=\"1 minuto\" \/>\n<script type=\"application\/ld+json\" class=\"yoast-schema-graph\">{\"@context\":\"https:\/\/schema.org\",\"@graph\":[{\"@type\":\"WebPage\",\"@id\":\"https:\/\/www.b-sharpe.com\/it\/spazio-aziende\/funzionamento\/\",\"url\":\"https:\/\/www.b-sharpe.com\/it\/spazio-aziende\/funzionamento\/\",\"name\":\"Funzionamento dei servizi di cambio valuta per le aziende\",\"isPartOf\":{\"@id\":\"https:\/\/www.b-sharpe.com\/it\/#website\"},\"primaryImageOfPage\":{\"@id\":\"https:\/\/www.b-sharpe.com\/it\/spazio-aziende\/funzionamento\/#primaryimage\"},\"image\":{\"@id\":\"https:\/\/www.b-sharpe.com\/it\/spazio-aziende\/funzionamento\/#primaryimage\"},\"thumbnailUrl\":\"https:\/\/www.b-sharpe.com\/wp-content\/uploads\/2021\/02\/2.png\",\"datePublished\":\"2020-11-16T15:52:47+00:00\",\"dateModified\":\"2021-03-25T13:21:59+00:00\",\"breadcrumb\":{\"@id\":\"https:\/\/www.b-sharpe.com\/it\/spazio-aziende\/funzionamento\/#breadcrumb\"},\"inLanguage\":\"it-IT\",\"potentialAction\":[{\"@type\":\"ReadAction\",\"target\":[\"https:\/\/www.b-sharpe.com\/it\/spazio-aziende\/funzionamento\/\"]}]},{\"@type\":\"ImageObject\",\"inLanguage\":\"it-IT\",\"@id\":\"https:\/\/www.b-sharpe.com\/it\/spazio-aziende\/funzionamento\/#primaryimage\",\"url\":\"https:\/\/www.b-sharpe.com\/wp-content\/uploads\/2021\/02\/2.png\",\"contentUrl\":\"https:\/\/www.b-sharpe.com\/wp-content\/uploads\/2021\/02\/2.png\",\"width\":1500,\"height\":940},{\"@type\":\"BreadcrumbList\",\"@id\":\"https:\/\/www.b-sharpe.com\/it\/spazio-aziende\/funzionamento\/#breadcrumb\",\"itemListElement\":[{\"@type\":\"ListItem\",\"position\":1,\"name\":\"Accueil\",\"item\":\"https:\/\/www.b-sharpe.com\/it\/\"},{\"@type\":\"ListItem\",\"position\":2,\"name\":\"Le nostre soluzioni per il cambio valuta online destinate alle imprese\",\"item\":\"https:\/\/www.b-sharpe.com\/it\/spazio-aziende\/\"},{\"@type\":\"ListItem\",\"position\":3,\"name\":\"Funzionamento Aziende\"}]},{\"@type\":\"WebSite\",\"@id\":\"https:\/\/www.b-sharpe.com\/it\/#website\",\"url\":\"https:\/\/www.b-sharpe.com\/it\/\",\"name\":\"b-sharpe\",\"description\":\"Le change en ligne de qualit\u00e9 suisse\",\"potentialAction\":[{\"@type\":\"SearchAction\",\"target\":{\"@type\":\"EntryPoint\",\"urlTemplate\":\"https:\/\/www.b-sharpe.com\/it\/?s={search_term_string}\"},\"query-input\":{\"@type\":\"PropertyValueSpecification\",\"valueRequired\":true,\"valueName\":\"search_term_string\"}}],\"inLanguage\":\"it-IT\"}]}<\/script>\n<!-- \/ Yoast SEO plugin. -->","yoast_head_json":{"title":"Funzionamento dei servizi di cambio valuta per le aziende","robots":{"index":"index","follow":"follow","max-snippet":"max-snippet:-1","max-image-preview":"max-image-preview:large","max-video-preview":"max-video-preview:-1"},"canonical":"https:\/\/www.b-sharpe.com\/it\/spazio-aziende\/funzionamento\/","og_locale":"it_IT","og_type":"article","og_title":"Funzionamento dei servizi di cambio valuta per le aziende","og_description":"La semplicit\u00e0 b-sharpe al servizio delle aziende Eseguire le tue operazioni di cambio on-line non \u00e8 mai stato cos\u00ec semplice! La creazione del tuo account richiede solo pochi minuti. Apri il tuo account Fissa il tasso di cambio Per una gestione ottimizzata dei costi, imposta in anticipo il tasso di cambio per ogni transazione. Beneficia&hellip;","og_url":"https:\/\/www.b-sharpe.com\/it\/spazio-aziende\/funzionamento\/","og_site_name":"b-sharpe","article_modified_time":"2021-03-25T13:21:59+00:00","og_image":[{"width":1500,"height":940,"url":"https:\/\/www.b-sharpe.com\/wp-content\/uploads\/2021\/02\/2.png","type":"image\/png"}],"twitter_card":"summary_large_image","twitter_misc":{"Tempo di lettura stimato":"1 minuto"},"schema":{"@context":"https:\/\/schema.org","@graph":[{"@type":"WebPage","@id":"https:\/\/www.b-sharpe.com\/it\/spazio-aziende\/funzionamento\/","url":"https:\/\/www.b-sharpe.com\/it\/spazio-aziende\/funzionamento\/","name":"Funzionamento dei servizi di cambio valuta per le aziende","isPartOf":{"@id":"https:\/\/www.b-sharpe.com\/it\/#website"},"primaryImageOfPage":{"@id":"https:\/\/www.b-sharpe.com\/it\/spazio-aziende\/funzionamento\/#primaryimage"},"image":{"@id":"https:\/\/www.b-sharpe.com\/it\/spazio-aziende\/funzionamento\/#primaryimage"},"thumbnailUrl":"https:\/\/www.b-sharpe.com\/wp-content\/uploads\/2021\/02\/2.png","datePublished":"2020-11-16T15:52:47+00:00","dateModified":"2021-03-25T13:21:59+00:00","breadcrumb":{"@id":"https:\/\/www.b-sharpe.com\/it\/spazio-aziende\/funzionamento\/#breadcrumb"},"inLanguage":"it-IT","potentialAction":[{"@type":"ReadAction","target":["https:\/\/www.b-sharpe.com\/it\/spazio-aziende\/funzionamento\/"]}]},{"@type":"ImageObject","inLanguage":"it-IT","@id":"https:\/\/www.b-sharpe.com\/it\/spazio-aziende\/funzionamento\/#primaryimage","url":"https:\/\/www.b-sharpe.com\/wp-content\/uploads\/2021\/02\/2.png","contentUrl":"https:\/\/www.b-sharpe.com\/wp-content\/uploads\/2021\/02\/2.png","width":1500,"height":940},{"@type":"BreadcrumbList","@id":"https:\/\/www.b-sharpe.com\/it\/spazio-aziende\/funzionamento\/#breadcrumb","itemListElement":[{"@type":"ListItem","position":1,"name":"Accueil","item":"https:\/\/www.b-sharpe.com\/it\/"},{"@type":"ListItem","position":2,"name":"Le nostre soluzioni per il cambio valuta online destinate alle imprese","item":"https:\/\/www.b-sharpe.com\/it\/spazio-aziende\/"},{"@type":"ListItem","position":3,"name":"Funzionamento Aziende"}]},{"@type":"WebSite","@id":"https:\/\/www.b-sharpe.com\/it\/#website","url":"https:\/\/www.b-sharpe.com\/it\/","name":"b-sharpe","description":"Le change en ligne de qualit\u00e9 suisse","potentialAction":[{"@type":"SearchAction","target":{"@type":"EntryPoint","urlTemplate":"https:\/\/www.b-sharpe.com\/it\/?s={search_term_string}"},"query-input":{"@type":"PropertyValueSpecification","valueRequired":true,"valueName":"search_term_string"}}],"inLanguage":"it-IT"}]}},"_links":{"self":[{"href":"https:\/\/www.b-sharpe.com\/it\/wp-json\/wp\/v2\/pages\/20764","targetHints":{"allow":["GET"]}}],"collection":[{"href":"https:\/\/www.b-sharpe.com\/it\/wp-json\/wp\/v2\/pages"}],"about":[{"href":"https:\/\/www.b-sharpe.com\/it\/wp-json\/wp\/v2\/types\/page"}],"author":[{"embeddable":true,"href":"https:\/\/www.b-sharpe.com\/it\/wp-json\/wp\/v2\/users\/15"}],"replies":[{"embeddable":true,"href":"https:\/\/www.b-sharpe.com\/it\/wp-json\/wp\/v2\/comments?post=20764"}],"version-history":[{"count":0,"href":"https:\/\/www.b-sharpe.com\/it\/wp-json\/wp\/v2\/pages\/20764\/revisions"}],"up":[{"embeddable":true,"href":"https:\/\/www.b-sharpe.com\/it\/wp-json\/wp\/v2\/pages\/12514"}],"wp:featuredmedia":[{"embeddable":true,"href":"https:\/\/www.b-sharpe.com\/it\/wp-json\/wp\/v2\/media\/24520"}],"wp:attachment":[{"href":"https:\/\/www.b-sharpe.com\/it\/wp-json\/wp\/v2\/media?parent=20764"}],"curies":[{"name":"wp","href":"https:\/\/api.w.org\/{rel}","templated":true}]}}