{"id":12530,"date":"2020-04-17T16:43:44","date_gmt":"2020-04-17T16:43:44","guid":{"rendered":"https:\/\/b-sharpe.d.wpstage.net\/?page_id=12530"},"modified":"2024-04-12T12:54:31","modified_gmt":"2024-04-12T12:54:31","slug":"opinioni-clienti","status":"publish","type":"page","link":"https:\/\/www.b-sharpe.com\/it\/opinioni-clienti\/","title":{"rendered":"Scopri le opinioni dei clienti b-Sharpe e che cosa pensano del servizio di cambio"},"content":{"rendered":"\n<h1>\n\t\tLa soddisfazione dei clienti b-sharpe, la nostra garanzia di servizio\n\t<\/h1>\n\t<p>In un&#8217;ottica di totale trasparenza, raccogliamo le opinioni dei clienti di b-sharpe grazie alla collaborazione con un ente indipendente, la societ\u00e0 Trustpilot.<\/p>\n\t<!-- TrustBox widget - Mini -->\n  <a href=\"https:\/\/it.trustpilot.com\/review\/b-sharpe.com\" target=\"_blank\" rel=\"noopener noreferrer\">Trustpilot<\/a>\n<!-- End TrustBox widget -->\n\t\t\t<a href=\"https:\/\/secure.b-sharpe.com\/auth\/registration\/private\/?language=it\" target=\"_self\" role=\"button\" rel=\"noopener noreferrer\">\n\t\t\t\t\t\t\tProva anche tu i servizi di b-sharpe\n\t\t\t\t\t<\/a>\n<h2>\n\t\tEcco le informazioni essenziali sul nostro sistema di opinioni clienti\n\t<\/h2>\n\tTrustpilot \u00e8 una piattaforma indipendente che ci permette di raccogliere le opinioni dei nostri clienti.<br>\nI suoi servizi sono certificati e conformi alla norma NF Z74-501.\n\t\t\t\t<img decoding=\"async\" src=\"https:\/\/www.b-sharpe.com\/wp-content\/uploads\/2021\/03\/Chat-1.svg\" alt=\"Chat (1)\" title=\"Chat (1)\" itemprop=\"image\">\n\t\t\t\t<p>b-sharpe pubblica tutte le opinioni dei suoi clienti, quale che sia la loro valutazione dei nostri servizi. Non selezioniamo mai le opinioni da pubblicare.<\/p>\n\t\t\t\t<img decoding=\"async\" src=\"https:\/\/www.b-sharpe.com\/wp-content\/uploads\/2021\/03\/icon-mail.svg\" alt=\"icon-mail\" title=\"icon-mail\" itemprop=\"image\">\n\t\t\t\t<p>Truspilot invia automaticamente una richiesta di valutazione a ogni cliente che ha eseguito un&#8217;operazione sul nostro sito.<\/p>\n\t\t\t\t<img decoding=\"async\" src=\"https:\/\/www.b-sharpe.com\/wp-content\/uploads\/2021\/03\/icon-lock.svg\" alt=\"icon-lock\" title=\"icon-lock\" itemprop=\"image\">\n\t\t\t\t<p>b-sharpe non pu\u00f2 mai modificare o cancellare un&#8217;opinione, solamente l&#8217;autore della stessa pu\u00f2 farlo.<\/p>\n\t\t\t<a href=\"https:\/\/it.trustpilot.com\/review\/b-sharpe.com\" target=\"_self\" role=\"button\" rel=\"noopener noreferrer\">\n\t\t\t\t\t\t\tLeggi tutte le opinioni dei nostri clienti\n\t\t\t\t\t<\/a>\n<h2>\n\t\tLe opinioni pi\u00f9 recenti dei clienti b-sharpe\n\t<\/h2>\n\t\t\t\t<img decoding=\"async\" src=\"https:\/\/www.b-sharpe.com\/wp-content\/uploads\/bb-plugin\/cache\/homme-1-circle.jpg\" alt=\"homme\" title=\"homme\" itemprop=\"image\">\n\t\t\t\t\n<p>&#8220;Che si tratti di operazioni di cambio valuta realizzate a titolo professionale o privato, i servizi forniti da b-sharpe sono rapidi e di qualit\u00e0, con condizioni di cambio vantaggiose. Il contatto telefonico con gli staff \u00e8 competente e conviviale e il loro servizio commerciale si distingue per la sua qualit\u00e0. Continuate cos\u00ec.&#8221;<\/p>\n\t\t\t\t<img decoding=\"async\" src=\"https:\/\/www.b-sharpe.com\/wp-content\/uploads\/bb-plugin\/cache\/smartphone-femme-b-sharpe-circle.jpg\" alt=\"cliente b-sharpe\" title=\"smartphone-femme-b-sharpe\" itemprop=\"image\">\n\t\t\t\t\n<p>&#8220;Ho appena ritrovato b-sharpe, che avevo conosciuto 2 anni fa nell&#8217;ambito del mio lavoro. Ne ho avuto bisogno oggi per esigenze personali. Erano gi\u00e0 al top 2 anni fa. Oggi, la loro rapidit\u00e0, professionalit\u00e0, pazienza e gentilezza sono ancora migliori. \u00c8 stato un vero piacere lavorare con i loro staff. Grazie per i vostri servizi impeccabili nei quali ho piena fiducia.&#8221;<\/p>\n\t<!-- TrustBox widget - Grid -->\n  <a href=\"https:\/\/it.trustpilot.com\/review\/b-sharpe.com\" target=\"_blank\" rel=\"noopener noreferrer\">Trustpilot<\/a>\n<!-- End TrustBox widget -->\n","protected":false},"excerpt":{"rendered":"<p>La soddisfazione dei clienti b-sharpe, la nostra garanzia di servizio In un&#8217;ottica di totale trasparenza, raccogliamo le opinioni dei clienti di b-sharpe grazie alla collaborazione con un ente indipendente, la societ\u00e0 Trustpilot. Trustpilot Prova anche tu i servizi di b-sharpe Ecco le informazioni essenziali sul nostro sistema di opinioni clienti Trustpilot \u00e8 una piattaforma indipendente&hellip;<\/p>\n","protected":false},"author":10,"featured_media":24786,"parent":0,"menu_order":0,"comment_status":"closed","ping_status":"closed","template":"","meta":{"_acf_changed":false,"footnotes":""},"class_list":["post-12530","page","type-page","status-publish","has-post-thumbnail","hentry"],"acf":[],"yoast_head":"<!-- This site is optimized with the Yoast SEO plugin v26.9 - https:\/\/yoast.com\/product\/yoast-seo-wordpress\/ -->\n<title>Scopri le opinioni dei clienti b-Sharpe e che cosa pensano del servizio<\/title>\n<meta name=\"description\" content=\"Trova tutte le opinioni dei clienti b-sharpe, la votazione che ci hanno dato e i loro commenti, in collaborazione con il servizio di recensioni Trustpilot\" \/>\n<meta name=\"robots\" content=\"index, follow, max-snippet:-1, max-image-preview:large, max-video-preview:-1\" \/>\n<link rel=\"canonical\" href=\"https:\/\/www.b-sharpe.com\/it\/opinioni-clienti\/\" \/>\n<meta property=\"og:locale\" content=\"it_IT\" \/>\n<meta property=\"og:type\" content=\"article\" \/>\n<meta property=\"og:title\" content=\"Scopri le opinioni dei clienti b-Sharpe e che cosa pensano del servizio\" \/>\n<meta property=\"og:description\" content=\"Trova tutte le opinioni dei clienti b-sharpe, la votazione che ci hanno dato e i loro commenti, in collaborazione con il servizio di recensioni Trustpilot\" \/>\n<meta property=\"og:url\" content=\"https:\/\/www.b-sharpe.com\/it\/opinioni-clienti\/\" \/>\n<meta property=\"og:site_name\" content=\"b-sharpe\" \/>\n<meta property=\"article:modified_time\" content=\"2024-04-12T12:54:31+00:00\" \/>\n<meta property=\"og:image\" content=\"https:\/\/www.b-sharpe.com\/wp-content\/uploads\/2021\/02\/Images-MEA-pages-32.png\" \/>\n\t<meta property=\"og:image:width\" content=\"1500\" \/>\n\t<meta property=\"og:image:height\" content=\"940\" \/>\n\t<meta property=\"og:image:type\" content=\"image\/png\" \/>\n<meta name=\"twitter:card\" content=\"summary_large_image\" \/>\n<meta name=\"twitter:image\" content=\"https:\/\/www.b-sharpe.com\/wp-content\/uploads\/2021\/02\/Images-MEA-pages-32.png\" \/>\n<meta name=\"twitter:label1\" content=\"Tempo di lettura stimato\" \/>\n\t<meta name=\"twitter:data1\" content=\"3 minuti\" \/>\n<script type=\"application\/ld+json\" class=\"yoast-schema-graph\">{\"@context\":\"https:\/\/schema.org\",\"@graph\":[{\"@type\":\"WebPage\",\"@id\":\"https:\/\/www.b-sharpe.com\/it\/opinioni-clienti\/\",\"url\":\"https:\/\/www.b-sharpe.com\/it\/opinioni-clienti\/\",\"name\":\"Scopri le opinioni dei clienti b-Sharpe e che cosa pensano del servizio\",\"isPartOf\":{\"@id\":\"https:\/\/www.b-sharpe.com\/it\/#website\"},\"primaryImageOfPage\":{\"@id\":\"https:\/\/www.b-sharpe.com\/it\/opinioni-clienti\/#primaryimage\"},\"image\":{\"@id\":\"https:\/\/www.b-sharpe.com\/it\/opinioni-clienti\/#primaryimage\"},\"thumbnailUrl\":\"https:\/\/www.b-sharpe.com\/wp-content\/uploads\/2021\/02\/Images-MEA-pages-32.png\",\"datePublished\":\"2020-04-17T16:43:44+00:00\",\"dateModified\":\"2024-04-12T12:54:31+00:00\",\"description\":\"Trova tutte le opinioni dei clienti b-sharpe, la votazione che ci hanno dato e i loro commenti, in collaborazione con il servizio di recensioni Trustpilot\",\"breadcrumb\":{\"@id\":\"https:\/\/www.b-sharpe.com\/it\/opinioni-clienti\/#breadcrumb\"},\"inLanguage\":\"it-IT\",\"potentialAction\":[{\"@type\":\"ReadAction\",\"target\":[\"https:\/\/www.b-sharpe.com\/it\/opinioni-clienti\/\"]}]},{\"@type\":\"ImageObject\",\"inLanguage\":\"it-IT\",\"@id\":\"https:\/\/www.b-sharpe.com\/it\/opinioni-clienti\/#primaryimage\",\"url\":\"https:\/\/www.b-sharpe.com\/wp-content\/uploads\/2021\/02\/Images-MEA-pages-32.png\",\"contentUrl\":\"https:\/\/www.b-sharpe.com\/wp-content\/uploads\/2021\/02\/Images-MEA-pages-32.png\",\"width\":1500,\"height\":940},{\"@type\":\"BreadcrumbList\",\"@id\":\"https:\/\/www.b-sharpe.com\/it\/opinioni-clienti\/#breadcrumb\",\"itemListElement\":[{\"@type\":\"ListItem\",\"position\":1,\"name\":\"Accueil\",\"item\":\"https:\/\/www.b-sharpe.com\/it\/\"},{\"@type\":\"ListItem\",\"position\":2,\"name\":\"Scopri le opinioni dei clienti b-Sharpe e che cosa pensano del servizio di cambio\"}]},{\"@type\":\"WebSite\",\"@id\":\"https:\/\/www.b-sharpe.com\/it\/#website\",\"url\":\"https:\/\/www.b-sharpe.com\/it\/\",\"name\":\"b-sharpe\",\"description\":\"Le change en ligne de qualit\u00e9 suisse\",\"potentialAction\":[{\"@type\":\"SearchAction\",\"target\":{\"@type\":\"EntryPoint\",\"urlTemplate\":\"https:\/\/www.b-sharpe.com\/it\/?s={search_term_string}\"},\"query-input\":{\"@type\":\"PropertyValueSpecification\",\"valueRequired\":true,\"valueName\":\"search_term_string\"}}],\"inLanguage\":\"it-IT\"}]}<\/script>\n<!-- \/ Yoast SEO plugin. -->","yoast_head_json":{"title":"Scopri le opinioni dei clienti b-Sharpe e che cosa pensano del servizio","description":"Trova tutte le opinioni dei clienti b-sharpe, la votazione che ci hanno dato e i loro commenti, in collaborazione con il servizio di recensioni Trustpilot","robots":{"index":"index","follow":"follow","max-snippet":"max-snippet:-1","max-image-preview":"max-image-preview:large","max-video-preview":"max-video-preview:-1"},"canonical":"https:\/\/www.b-sharpe.com\/it\/opinioni-clienti\/","og_locale":"it_IT","og_type":"article","og_title":"Scopri le opinioni dei clienti b-Sharpe e che cosa pensano del servizio","og_description":"Trova tutte le opinioni dei clienti b-sharpe, la votazione che ci hanno dato e i loro commenti, in collaborazione con il servizio di recensioni Trustpilot","og_url":"https:\/\/www.b-sharpe.com\/it\/opinioni-clienti\/","og_site_name":"b-sharpe","article_modified_time":"2024-04-12T12:54:31+00:00","og_image":[{"width":1500,"height":940,"url":"https:\/\/www.b-sharpe.com\/wp-content\/uploads\/2021\/02\/Images-MEA-pages-32.png","type":"image\/png"}],"twitter_card":"summary_large_image","twitter_image":"https:\/\/www.b-sharpe.com\/wp-content\/uploads\/2021\/02\/Images-MEA-pages-32.png","twitter_misc":{"Tempo di lettura stimato":"3 minuti"},"schema":{"@context":"https:\/\/schema.org","@graph":[{"@type":"WebPage","@id":"https:\/\/www.b-sharpe.com\/it\/opinioni-clienti\/","url":"https:\/\/www.b-sharpe.com\/it\/opinioni-clienti\/","name":"Scopri le opinioni dei clienti b-Sharpe e che cosa pensano del servizio","isPartOf":{"@id":"https:\/\/www.b-sharpe.com\/it\/#website"},"primaryImageOfPage":{"@id":"https:\/\/www.b-sharpe.com\/it\/opinioni-clienti\/#primaryimage"},"image":{"@id":"https:\/\/www.b-sharpe.com\/it\/opinioni-clienti\/#primaryimage"},"thumbnailUrl":"https:\/\/www.b-sharpe.com\/wp-content\/uploads\/2021\/02\/Images-MEA-pages-32.png","datePublished":"2020-04-17T16:43:44+00:00","dateModified":"2024-04-12T12:54:31+00:00","description":"Trova tutte le opinioni dei clienti b-sharpe, la votazione che ci hanno dato e i loro commenti, in collaborazione con il servizio di recensioni Trustpilot","breadcrumb":{"@id":"https:\/\/www.b-sharpe.com\/it\/opinioni-clienti\/#breadcrumb"},"inLanguage":"it-IT","potentialAction":[{"@type":"ReadAction","target":["https:\/\/www.b-sharpe.com\/it\/opinioni-clienti\/"]}]},{"@type":"ImageObject","inLanguage":"it-IT","@id":"https:\/\/www.b-sharpe.com\/it\/opinioni-clienti\/#primaryimage","url":"https:\/\/www.b-sharpe.com\/wp-content\/uploads\/2021\/02\/Images-MEA-pages-32.png","contentUrl":"https:\/\/www.b-sharpe.com\/wp-content\/uploads\/2021\/02\/Images-MEA-pages-32.png","width":1500,"height":940},{"@type":"BreadcrumbList","@id":"https:\/\/www.b-sharpe.com\/it\/opinioni-clienti\/#breadcrumb","itemListElement":[{"@type":"ListItem","position":1,"name":"Accueil","item":"https:\/\/www.b-sharpe.com\/it\/"},{"@type":"ListItem","position":2,"name":"Scopri le opinioni dei clienti b-Sharpe e che cosa pensano del servizio di cambio"}]},{"@type":"WebSite","@id":"https:\/\/www.b-sharpe.com\/it\/#website","url":"https:\/\/www.b-sharpe.com\/it\/","name":"b-sharpe","description":"Le change en ligne de qualit\u00e9 suisse","potentialAction":[{"@type":"SearchAction","target":{"@type":"EntryPoint","urlTemplate":"https:\/\/www.b-sharpe.com\/it\/?s={search_term_string}"},"query-input":{"@type":"PropertyValueSpecification","valueRequired":true,"valueName":"search_term_string"}}],"inLanguage":"it-IT"}]}},"_links":{"self":[{"href":"https:\/\/www.b-sharpe.com\/it\/wp-json\/wp\/v2\/pages\/12530","targetHints":{"allow":["GET"]}}],"collection":[{"href":"https:\/\/www.b-sharpe.com\/it\/wp-json\/wp\/v2\/pages"}],"about":[{"href":"https:\/\/www.b-sharpe.com\/it\/wp-json\/wp\/v2\/types\/page"}],"author":[{"embeddable":true,"href":"https:\/\/www.b-sharpe.com\/it\/wp-json\/wp\/v2\/users\/10"}],"replies":[{"embeddable":true,"href":"https:\/\/www.b-sharpe.com\/it\/wp-json\/wp\/v2\/comments?post=12530"}],"version-history":[{"count":2,"href":"https:\/\/www.b-sharpe.com\/it\/wp-json\/wp\/v2\/pages\/12530\/revisions"}],"predecessor-version":[{"id":420686,"href":"https:\/\/www.b-sharpe.com\/it\/wp-json\/wp\/v2\/pages\/12530\/revisions\/420686"}],"wp:featuredmedia":[{"embeddable":true,"href":"https:\/\/www.b-sharpe.com\/it\/wp-json\/wp\/v2\/media\/24786"}],"wp:attachment":[{"href":"https:\/\/www.b-sharpe.com\/it\/wp-json\/wp\/v2\/media?parent=12530"}],"curies":[{"name":"wp","href":"https:\/\/api.w.org\/{rel}","templated":true}]}}