{"id":12461,"date":"2020-04-17T16:36:26","date_gmt":"2020-04-17T16:36:26","guid":{"rendered":"https:\/\/b-sharpe.d.wpstage.net\/?page_id=12461"},"modified":"2024-04-10T13:52:08","modified_gmt":"2024-04-10T13:52:08","slug":"chi-siamo","status":"publish","type":"page","link":"https:\/\/www.b-sharpe.com\/it\/chi-siamo\/","title":{"rendered":"Scopri b-Sharpe, la societ\u00e0 fintech svizzera di cambio valuta online"},"content":{"rendered":"\n<h1>\n\t\tConciliare semplicit\u00e0 e affidabilit\u00e0 per offrirti la migliore esperienza di cambio valuta\n\t<\/h1>\n\t<p>b-sharpe \u00e8 un&#8217;azienda svizzera che ti offre servizi di cambio valuta trasparenti, affidabili, semplici e a prezzi equi in modo che tu, come individuo o come azienda, possa mantenere il controllo delle tue finanze.<\/p>\n<p>Non devi scegliere tra competenza e semplicit\u00e0, efficienza e affidabilit\u00e0 o trasparenza e vicinanza. Per noi, riunire tutti questi valori senza compromessi \u00e8 l&#8217;unico modo per diventare il tuo partner svizzero per i momenti che contano.<\/p>\n<h2>\n\t\tLa garanzia dell&#8217;eccellenza in cifre\n\t<\/h2>\n\t\t\t\t<img decoding=\"async\" src=\"https:\/\/www.b-sharpe.com\/wp-content\/uploads\/2021\/09\/1-3.svg\" alt=\"1 (3)\" itemprop=\"image\" height=\"325\" width=\"218\" title=\"1 (3)\" onerror=\"this.style.display='none'\">\n\t\t\t\t<img decoding=\"async\" src=\"https:\/\/www.b-sharpe.com\/wp-content\/plugins\/bb-plugin\/img\/pixel.png\" alt=\"\" itemprop=\"image\" onerror=\"this.style.display='none'\">\n\t\t\t\t<img decoding=\"async\" src=\"https:\/\/www.b-sharpe.com\/wp-content\/uploads\/2023\/04\/a-propos-2.png\" alt=\"importo totale modificato b-sharpe\" itemprop=\"image\" height=\"650\" width=\"438\" title=\"importo totale modificato b-sharpe\" onerror=\"this.style.display='none'\">\n\t\t\t\t<img decoding=\"async\" src=\"https:\/\/www.b-sharpe.com\/wp-content\/uploads\/2023\/04\/it-3@2x.png\" alt=\"totale clienti soddisfatti b-sharpe\" itemprop=\"image\" height=\"650\" width=\"438\" title=\"totale clienti soddisfatti b-sharpe\" onerror=\"this.style.display='none'\">\n\t\t\t\t<img decoding=\"async\" src=\"https:\/\/www.b-sharpe.com\/wp-content\/uploads\/2021\/03\/logo-1.png\" alt=\"logo-1\" itemprop=\"image\" height=\"24\" width=\"63\" title=\"logo-1\" onerror=\"this.style.display='none'\">\n\t\t\t\t<img decoding=\"async\" src=\"https:\/\/www.b-sharpe.com\/wp-content\/uploads\/2021\/03\/logo-2.png\" alt=\"logo-2\" itemprop=\"image\" height=\"24\" width=\"63\" title=\"logo-2\" onerror=\"this.style.display='none'\">\n\t\t\t\t<img decoding=\"async\" src=\"https:\/\/www.b-sharpe.com\/wp-content\/uploads\/2021\/03\/logo-3.svg\" alt=\"logo-3\" itemprop=\"image\" height=\"24\" width=\"161\" title=\"logo-3\" onerror=\"this.style.display='none'\">\n\t\t\t\t<img decoding=\"async\" src=\"https:\/\/www.b-sharpe.com\/wp-content\/uploads\/2021\/03\/logo-4.png\" alt=\"logo-4\" itemprop=\"image\" height=\"24\" width=\"120\" title=\"logo-4\" onerror=\"this.style.display='none'\">\n\t\t\t\t<img decoding=\"async\" src=\"https:\/\/www.b-sharpe.com\/wp-content\/uploads\/2021\/03\/logo-5.png\" alt=\"logo-5\" itemprop=\"image\" height=\"24\" width=\"51\" title=\"logo-5\" onerror=\"this.style.display='none'\">\n\t\t\t\t<img decoding=\"async\" src=\"https:\/\/www.b-sharpe.com\/wp-content\/uploads\/2021\/03\/logo-6.png\" alt=\"logo-6\" itemprop=\"image\" height=\"24\" width=\"107\" title=\"logo-6\" onerror=\"this.style.display='none'\">\n\t\t\t\t<img decoding=\"async\" src=\"https:\/\/www.b-sharpe.com\/wp-content\/uploads\/2021\/03\/logo-8.png\" alt=\"logo-8\" itemprop=\"image\" height=\"24\" width=\"149\" title=\"logo-8\" onerror=\"this.style.display='none'\">\n\t\t\t\t<img decoding=\"async\" src=\"https:\/\/www.b-sharpe.com\/wp-content\/uploads\/2020\/09\/Sofit.png\" alt=\"Sofit\" itemprop=\"image\" height=\"466\" width=\"1333\" title=\"Sofit\" onerror=\"this.style.display='none'\">\n","protected":false},"excerpt":{"rendered":"<p>Conciliare semplicit\u00e0 e affidabilit\u00e0 per offrirti la migliore esperienza di cambio valuta b-sharpe \u00e8 un&#8217;azienda svizzera che ti offre servizi di cambio valuta trasparenti, affidabili, semplici e a prezzi equi in modo che tu, come individuo o come azienda, possa mantenere il controllo delle tue finanze. Non devi scegliere tra competenza e semplicit\u00e0, efficienza e&hellip;<\/p>\n","protected":false},"author":10,"featured_media":24169,"parent":0,"menu_order":0,"comment_status":"closed","ping_status":"closed","template":"","meta":{"_acf_changed":false,"footnotes":""},"class_list":["post-12461","page","type-page","status-publish","has-post-thumbnail","hentry"],"acf":[],"yoast_head":"<!-- This site is optimized with the Yoast SEO plugin v26.9 - https:\/\/yoast.com\/product\/yoast-seo-wordpress\/ -->\n<title>Scopri b-Sharpe, la societ\u00e0 fintech svizzera di cambio valuta online<\/title>\n<meta name=\"description\" content=\"Per saperne di pi\u00f9 su b-Sharpe, lo specialista svizzero del cambio di valute online, sul team et sulla sua collaborazione con la Coop\u00e9rative Migros Gen\u00e8ve.\" \/>\n<meta name=\"robots\" content=\"index, follow, max-snippet:-1, max-image-preview:large, max-video-preview:-1\" \/>\n<link rel=\"canonical\" href=\"https:\/\/www.b-sharpe.com\/it\/chi-siamo\/\" \/>\n<meta property=\"og:locale\" content=\"it_IT\" \/>\n<meta property=\"og:type\" content=\"article\" \/>\n<meta property=\"og:title\" content=\"Scopri b-Sharpe, la societ\u00e0 fintech svizzera di cambio valuta online\" \/>\n<meta property=\"og:description\" content=\"Per saperne di pi\u00f9 su b-Sharpe, lo specialista svizzero del cambio di valute online, sul team et sulla sua collaborazione con la Coop\u00e9rative Migros Gen\u00e8ve.\" \/>\n<meta property=\"og:url\" content=\"https:\/\/www.b-sharpe.com\/it\/chi-siamo\/\" \/>\n<meta property=\"og:site_name\" content=\"b-sharpe\" \/>\n<meta property=\"article:modified_time\" content=\"2024-04-10T13:52:08+00:00\" \/>\n<meta property=\"og:image\" content=\"https:\/\/www.b-sharpe.com\/wp-content\/uploads\/2021\/03\/cropped-favicon.png\" \/>\n\t<meta property=\"og:image:width\" content=\"512\" \/>\n\t<meta property=\"og:image:height\" content=\"512\" \/>\n\t<meta property=\"og:image:type\" content=\"image\/png\" \/>\n<meta name=\"twitter:card\" content=\"summary_large_image\" \/>\n<meta name=\"twitter:image\" content=\"https:\/\/www.b-sharpe.com\/wp-content\/uploads\/2021\/03\/cropped-favicon.png\" \/>\n<meta name=\"twitter:label1\" content=\"Tempo di lettura stimato\" \/>\n\t<meta name=\"twitter:data1\" content=\"4 minuti\" \/>\n<script type=\"application\/ld+json\" class=\"yoast-schema-graph\">{\"@context\":\"https:\/\/schema.org\",\"@graph\":[{\"@type\":\"WebPage\",\"@id\":\"https:\/\/www.b-sharpe.com\/it\/chi-siamo\/\",\"url\":\"https:\/\/www.b-sharpe.com\/it\/chi-siamo\/\",\"name\":\"Scopri b-Sharpe, la societ\u00e0 fintech svizzera di cambio valuta online\",\"isPartOf\":{\"@id\":\"https:\/\/www.b-sharpe.com\/it\/#website\"},\"primaryImageOfPage\":{\"@id\":\"https:\/\/www.b-sharpe.com\/it\/chi-siamo\/#primaryimage\"},\"image\":{\"@id\":\"https:\/\/www.b-sharpe.com\/it\/chi-siamo\/#primaryimage\"},\"thumbnailUrl\":\"https:\/\/www.b-sharpe.com\/wp-content\/uploads\/2021\/02\/B-Sharpe_favicon_couleur_RGB-fond.png\",\"datePublished\":\"2020-04-17T16:36:26+00:00\",\"dateModified\":\"2024-04-10T13:52:08+00:00\",\"description\":\"Per saperne di pi\u00f9 su b-Sharpe, lo specialista svizzero del cambio di valute online, sul team et sulla sua collaborazione con la Coop\u00e9rative Migros Gen\u00e8ve.\",\"breadcrumb\":{\"@id\":\"https:\/\/www.b-sharpe.com\/it\/chi-siamo\/#breadcrumb\"},\"inLanguage\":\"it-IT\",\"potentialAction\":[{\"@type\":\"ReadAction\",\"target\":[\"https:\/\/www.b-sharpe.com\/it\/chi-siamo\/\"]}]},{\"@type\":\"ImageObject\",\"inLanguage\":\"it-IT\",\"@id\":\"https:\/\/www.b-sharpe.com\/it\/chi-siamo\/#primaryimage\",\"url\":\"https:\/\/www.b-sharpe.com\/wp-content\/uploads\/2021\/02\/B-Sharpe_favicon_couleur_RGB-fond.png\",\"contentUrl\":\"https:\/\/www.b-sharpe.com\/wp-content\/uploads\/2021\/02\/B-Sharpe_favicon_couleur_RGB-fond.png\",\"width\":512,\"height\":512},{\"@type\":\"BreadcrumbList\",\"@id\":\"https:\/\/www.b-sharpe.com\/it\/chi-siamo\/#breadcrumb\",\"itemListElement\":[{\"@type\":\"ListItem\",\"position\":1,\"name\":\"Accueil\",\"item\":\"https:\/\/www.b-sharpe.com\/it\/\"},{\"@type\":\"ListItem\",\"position\":2,\"name\":\"Scopri b-Sharpe, la societ\u00e0 fintech svizzera di cambio valuta online\"}]},{\"@type\":\"WebSite\",\"@id\":\"https:\/\/www.b-sharpe.com\/it\/#website\",\"url\":\"https:\/\/www.b-sharpe.com\/it\/\",\"name\":\"b-sharpe\",\"description\":\"Le change en ligne de qualit\u00e9 suisse\",\"potentialAction\":[{\"@type\":\"SearchAction\",\"target\":{\"@type\":\"EntryPoint\",\"urlTemplate\":\"https:\/\/www.b-sharpe.com\/it\/?s={search_term_string}\"},\"query-input\":{\"@type\":\"PropertyValueSpecification\",\"valueRequired\":true,\"valueName\":\"search_term_string\"}}],\"inLanguage\":\"it-IT\"}]}<\/script>\n<!-- \/ Yoast SEO plugin. -->","yoast_head_json":{"title":"Scopri b-Sharpe, la societ\u00e0 fintech svizzera di cambio valuta online","description":"Per saperne di pi\u00f9 su b-Sharpe, lo specialista svizzero del cambio di valute online, sul team et sulla sua collaborazione con la Coop\u00e9rative Migros Gen\u00e8ve.","robots":{"index":"index","follow":"follow","max-snippet":"max-snippet:-1","max-image-preview":"max-image-preview:large","max-video-preview":"max-video-preview:-1"},"canonical":"https:\/\/www.b-sharpe.com\/it\/chi-siamo\/","og_locale":"it_IT","og_type":"article","og_title":"Scopri b-Sharpe, la societ\u00e0 fintech svizzera di cambio valuta online","og_description":"Per saperne di pi\u00f9 su b-Sharpe, lo specialista svizzero del cambio di valute online, sul team et sulla sua collaborazione con la Coop\u00e9rative Migros Gen\u00e8ve.","og_url":"https:\/\/www.b-sharpe.com\/it\/chi-siamo\/","og_site_name":"b-sharpe","article_modified_time":"2024-04-10T13:52:08+00:00","og_image":[{"width":512,"height":512,"url":"https:\/\/www.b-sharpe.com\/wp-content\/uploads\/2021\/03\/cropped-favicon.png","type":"image\/png"}],"twitter_card":"summary_large_image","twitter_image":"https:\/\/www.b-sharpe.com\/wp-content\/uploads\/2021\/03\/cropped-favicon.png","twitter_misc":{"Tempo di lettura stimato":"4 minuti"},"schema":{"@context":"https:\/\/schema.org","@graph":[{"@type":"WebPage","@id":"https:\/\/www.b-sharpe.com\/it\/chi-siamo\/","url":"https:\/\/www.b-sharpe.com\/it\/chi-siamo\/","name":"Scopri b-Sharpe, la societ\u00e0 fintech svizzera di cambio valuta online","isPartOf":{"@id":"https:\/\/www.b-sharpe.com\/it\/#website"},"primaryImageOfPage":{"@id":"https:\/\/www.b-sharpe.com\/it\/chi-siamo\/#primaryimage"},"image":{"@id":"https:\/\/www.b-sharpe.com\/it\/chi-siamo\/#primaryimage"},"thumbnailUrl":"https:\/\/www.b-sharpe.com\/wp-content\/uploads\/2021\/02\/B-Sharpe_favicon_couleur_RGB-fond.png","datePublished":"2020-04-17T16:36:26+00:00","dateModified":"2024-04-10T13:52:08+00:00","description":"Per saperne di pi\u00f9 su b-Sharpe, lo specialista svizzero del cambio di valute online, sul team et sulla sua collaborazione con la Coop\u00e9rative Migros Gen\u00e8ve.","breadcrumb":{"@id":"https:\/\/www.b-sharpe.com\/it\/chi-siamo\/#breadcrumb"},"inLanguage":"it-IT","potentialAction":[{"@type":"ReadAction","target":["https:\/\/www.b-sharpe.com\/it\/chi-siamo\/"]}]},{"@type":"ImageObject","inLanguage":"it-IT","@id":"https:\/\/www.b-sharpe.com\/it\/chi-siamo\/#primaryimage","url":"https:\/\/www.b-sharpe.com\/wp-content\/uploads\/2021\/02\/B-Sharpe_favicon_couleur_RGB-fond.png","contentUrl":"https:\/\/www.b-sharpe.com\/wp-content\/uploads\/2021\/02\/B-Sharpe_favicon_couleur_RGB-fond.png","width":512,"height":512},{"@type":"BreadcrumbList","@id":"https:\/\/www.b-sharpe.com\/it\/chi-siamo\/#breadcrumb","itemListElement":[{"@type":"ListItem","position":1,"name":"Accueil","item":"https:\/\/www.b-sharpe.com\/it\/"},{"@type":"ListItem","position":2,"name":"Scopri b-Sharpe, la societ\u00e0 fintech svizzera di cambio valuta online"}]},{"@type":"WebSite","@id":"https:\/\/www.b-sharpe.com\/it\/#website","url":"https:\/\/www.b-sharpe.com\/it\/","name":"b-sharpe","description":"Le change en ligne de qualit\u00e9 suisse","potentialAction":[{"@type":"SearchAction","target":{"@type":"EntryPoint","urlTemplate":"https:\/\/www.b-sharpe.com\/it\/?s={search_term_string}"},"query-input":{"@type":"PropertyValueSpecification","valueRequired":true,"valueName":"search_term_string"}}],"inLanguage":"it-IT"}]}},"_links":{"self":[{"href":"https:\/\/www.b-sharpe.com\/it\/wp-json\/wp\/v2\/pages\/12461","targetHints":{"allow":["GET"]}}],"collection":[{"href":"https:\/\/www.b-sharpe.com\/it\/wp-json\/wp\/v2\/pages"}],"about":[{"href":"https:\/\/www.b-sharpe.com\/it\/wp-json\/wp\/v2\/types\/page"}],"author":[{"embeddable":true,"href":"https:\/\/www.b-sharpe.com\/it\/wp-json\/wp\/v2\/users\/10"}],"replies":[{"embeddable":true,"href":"https:\/\/www.b-sharpe.com\/it\/wp-json\/wp\/v2\/comments?post=12461"}],"version-history":[{"count":5,"href":"https:\/\/www.b-sharpe.com\/it\/wp-json\/wp\/v2\/pages\/12461\/revisions"}],"predecessor-version":[{"id":420570,"href":"https:\/\/www.b-sharpe.com\/it\/wp-json\/wp\/v2\/pages\/12461\/revisions\/420570"}],"wp:featuredmedia":[{"embeddable":true,"href":"https:\/\/www.b-sharpe.com\/it\/wp-json\/wp\/v2\/media\/24169"}],"wp:attachment":[{"href":"https:\/\/www.b-sharpe.com\/it\/wp-json\/wp\/v2\/media?parent=12461"}],"curies":[{"name":"wp","href":"https:\/\/api.w.org\/{rel}","templated":true}]}}