{"id":110197,"date":"2021-08-24T11:46:22","date_gmt":"2021-08-24T11:46:22","guid":{"rendered":"https:\/\/www.b-sharpe.com\/?page_id=110197"},"modified":"2021-08-24T11:46:22","modified_gmt":"2021-08-24T11:46:22","slug":"managing-your-foreign-currency-cash-flow","status":"publish","type":"page","link":"https:\/\/www.b-sharpe.com\/en\/business\/managing-your-foreign-currency-cash-flow\/","title":{"rendered":"Managing your foreign currency cash flow"},"content":{"rendered":"\n<h1>\n\t\tManaging your foreign currency cash flow\n\t<\/h1>\n\t<p>Optimize your company&#8217;s or its various subsidiaries&#8217; foreign currency cash flow by reducing exchange costs.<\/p>\n\t\t\t<a href=\"https:\/\/secure.b-sharpe.com\/auth\/registration\/company\/?language=en\" target=\"_self\" role=\"button\" rel=\"noopener\">\n\t\t\t\t\t\t\tOpen an account\n\t\t\t\t\t<\/a>\n\t\t\t\t<img decoding=\"async\" src=\"https:\/\/www.b-sharpe.com\/wp-content\/uploads\/2021\/07\/illustration-multidevises.png\" alt=\"illustration-multidevises\" itemprop=\"image\" height=\"420\" width=\"420\" title=\"illustration-multidevises\" onerror=\"this.style.display='none'\"  \/>\n<h1>\n\t\tManaging your foreign currency cash flow\n\t<\/h1>\n\t\t\t\t<img decoding=\"async\" src=\"https:\/\/www.b-sharpe.com\/wp-content\/uploads\/2021\/07\/illustration-multidevises-336x336.png\" alt=\"illustration-multidevises\" itemprop=\"image\" height=\"336\" width=\"336\" title=\"illustration-multidevises\" onerror=\"this.style.display='none'\"  \/>\n\t<p>Optimize your company&#8217;s or its various subsidiaries&#8217; foreign currency cash flow by reducing exchange costs.<\/p>\n\t\t\t<a href=\"https:\/\/secure.b-sharpe.com\/auth\/registration\/company\/?language=en\" target=\"_self\" role=\"button\" rel=\"noopener\">\n\t\t\t\t\t\t\tOpen an account\n\t\t\t\t\t<\/a>\n<h2>\n\t\tThe foreign exchange expert\n\t<\/h2>\n\t\t\t\t<img decoding=\"async\" src=\"https:\/\/www.b-sharpe.com\/wp-content\/uploads\/2021\/07\/illustration-pr-t.png\" alt=\"illustration-pr-t\" itemprop=\"image\" height=\"315\" width=\"316\" title=\"illustration-pr-t\" onerror=\"this.style.display='none'\"  \/>\n<h3>\n\t\tForeign exchange specialist\n\t<\/h3>\n\t\t\t\t<p>Save with our ultra-competitive and transparent exchange rates<\/p>\n\t\t\t\t<p>Decreasing rates according to the amount of your transaction<\/p>\n\t\t\t\t<img decoding=\"async\" src=\"https:\/\/www.b-sharpe.com\/wp-content\/uploads\/2021\/07\/illustration-fonctionnement.png\" alt=\"illustration-fonctionnement\" itemprop=\"image\" height=\"315\" width=\"316\" title=\"illustration-fonctionnement\" onerror=\"this.style.display='none'\"  \/>\n<h3>\n\t\tService premium\n\t<\/h3>\n\t\t\t\t<p>Know the exact amount to send us to transfer a specific amount in foreign currency with our real time exchange rate<\/p>\n\t\t\t\t<p>Within a few minutes, receive the currencies you purchased in your designated bank account<\/p>\n\t\t\t\t<img decoding=\"async\" src=\"https:\/\/www.b-sharpe.com\/wp-content\/uploads\/2021\/07\/illustration-security.png\" alt=\"illustration-security\" itemprop=\"image\" height=\"315\" width=\"316\" title=\"illustration-security\" onerror=\"this.style.display='none'\"  \/>\n<h3>\n\t\tSecurity\n\t<\/h3>\n\t\t\t\t<p>As a regulated Swiss financial intermediary, b-sharpe benefits from the strength of its major shareholder (Soci\u00e9t\u00e9 coop\u00e9rative Migros Gen\u00e8ve)<\/p>\n\t\t\t\t<p>Guaranteed insurance coverage up to CHF 5 million.<\/p>\n<h2>\n\t\tThe foreign exchange expert\n\t<\/h2>\n\t\t\t\t<img decoding=\"async\" src=\"https:\/\/www.b-sharpe.com\/wp-content\/uploads\/2021\/07\/illustration-pr-t.png\" alt=\"illustration-pr-t\" itemprop=\"image\" height=\"315\" width=\"316\" title=\"illustration-pr-t\" onerror=\"this.style.display='none'\"  \/>\n<h3>\n\t\tForeign exchange specialist\n\t<\/h3>\n\t\t\t\t<p>Save with our ultra-competitive and transparent exchange rates<\/p>\n\t\t\t\t<p>Decreasing rates according to the amount of your transaction<\/p>\n\t\t\t\t<img decoding=\"async\" src=\"https:\/\/www.b-sharpe.com\/wp-content\/uploads\/2021\/07\/illustration-fonctionnement.png\" alt=\"illustration-fonctionnement\" itemprop=\"image\" height=\"315\" width=\"316\" title=\"illustration-fonctionnement\" onerror=\"this.style.display='none'\"  \/>\n<h3>\n\t\tService premium\n\t<\/h3>\n\t\t\t\t<p>Know the exact amount to send us to transfer a specific amount in foreign currency with our real time exchange rate<\/p>\n\t\t\t\t<p>Within a few minutes, receive the currencies you purchased in your designated bank account<\/p>\n\t\t\t\t<img decoding=\"async\" src=\"https:\/\/www.b-sharpe.com\/wp-content\/uploads\/2021\/07\/illustration-security.png\" alt=\"illustration-security\" itemprop=\"image\" height=\"315\" width=\"316\" title=\"illustration-security\" onerror=\"this.style.display='none'\"  \/>\n<h3>\n\t\tSecurity\n\t<\/h3>\n\t\t\t\t<p>As a regulated Swiss financial intermediary, b-sharpe benefits from the strength of its major shareholder (Soci\u00e9t\u00e9 coop\u00e9rative Migros Gen\u00e8ve)<\/p>\n\t\t\t\t<p>Guaranteed insurance coverage up to CHF 5 million.<\/p>\n<h2>\n\t\tManaging your currency needs\n\t<\/h2>\n\t\t<p>Over 20 currencies available<\/p>\t\t\t\n\t\t<p>Speed of execution: receipt of your funds within minutes<\/p>\t\t\t\n\t\t<p>Dedicated trading room: experts at your disposal<\/p>\t\t\t\n\t\t\t\t<img decoding=\"async\" src=\"https:\/\/www.b-sharpe.com\/wp-content\/uploads\/2021\/07\/illustration-timing.png\" alt=\"illustration-timing\" itemprop=\"image\" height=\"400\" width=\"400\" title=\"illustration-timing\" onerror=\"this.style.display='none'\"  \/>\n<h2>\n\t\tManaging your currency needs\n\t<\/h2>\n\t\t\t\t<img decoding=\"async\" src=\"https:\/\/www.b-sharpe.com\/wp-content\/uploads\/2021\/07\/illustration-timing.png\" alt=\"illustration-timing\" itemprop=\"image\" height=\"400\" width=\"400\" title=\"illustration-timing\" onerror=\"this.style.display='none'\"  \/>\n\t\t<p>Over 20 currencies available<\/p>\t\t\t\n\t\t<p>Speed of execution: receipt of your funds within minutes<\/p>\t\t\t\n\t\t<p>Dedicated trading room: experts at your disposal<\/p>\t\t\t\n<h2>\n\t\tEasy to use\n\t<\/h2>\n\t\t\t\t<img decoding=\"async\" src=\"https:\/\/www.b-sharpe.com\/wp-content\/uploads\/2021\/07\/Profil.png\" alt=\"Profil\" title=\"Profil\" itemprop=\"image\"\/>\n\t\t\t\t<p>Easily manage your foreign exchange transactions from our mobile application, your online personal space or by phone\/email<\/p>\n\t\t\t\t<img decoding=\"async\" src=\"https:\/\/www.b-sharpe.com\/wp-content\/uploads\/2021\/07\/Computer.png\" alt=\"Computer\" title=\"Computer\" itemprop=\"image\"\/>\n\t\t\t\t<p>Do not change your habits, our service adapts to you and requires no integration or installation<\/p>\n\t\t\t\t<img decoding=\"async\" src=\"https:\/\/www.b-sharpe.com\/wp-content\/uploads\/2021\/07\/outlined-thin.png\" alt=\"outlined thin\" title=\"outlined thin\" itemprop=\"image\"\/>\n\t\t\t\t<p>Manage your access and your workers&#8217; access according to your organization<\/p>\n\t\t\t\t<img decoding=\"async\" src=\"https:\/\/www.b-sharpe.com\/wp-content\/uploads\/2021\/07\/Simple.png\" alt=\"Simple\" title=\"Simple\" itemprop=\"image\"\/>\n\t\t\t\t<p>Simplified and rapid registration: we assist you at each step and activate your account within 24 hours maximum<\/p>\n\t\t\t\t<img decoding=\"async\" src=\"https:\/\/www.b-sharpe.com\/wp-content\/uploads\/2021\/07\/Transparent-1.png\" alt=\"Transparent\" title=\"Transparent\" itemprop=\"image\"\/>\n\t\t\t\t<p>No commitment, no hidden fees: opening\/closing and managing your account is totally free, whatever your use<\/p>\n<h2>\n\t\tEasy to use\n\t<\/h2>\n\t\t\t\t<img decoding=\"async\" src=\"https:\/\/www.b-sharpe.com\/wp-content\/uploads\/2021\/07\/Profil.png\" alt=\"Profil\" title=\"Profil\" itemprop=\"image\"\/>\n\t\t\t\t<p>Easily manage your foreign exchange transactions from our mobile application, your online personal space or by phone\/email<\/p>\n\t\t\t\t<img decoding=\"async\" src=\"https:\/\/www.b-sharpe.com\/wp-content\/uploads\/2021\/07\/Computer.png\" alt=\"Computer\" title=\"Computer\" itemprop=\"image\"\/>\n\t\t\t\t<p>Do not change your habits, our service adapts to you and requires no integration or installation<\/p>\n\t\t\t\t<img decoding=\"async\" src=\"https:\/\/www.b-sharpe.com\/wp-content\/uploads\/2021\/07\/outlined-thin.png\" alt=\"outlined thin\" title=\"outlined thin\" itemprop=\"image\"\/>\n\t\t\t\t<p>Manage your access and your workers&#8217; access according to your organization<\/p>\n\t\t\t\t<img decoding=\"async\" src=\"https:\/\/www.b-sharpe.com\/wp-content\/uploads\/2021\/07\/Simple.png\" alt=\"Simple\" title=\"Simple\" itemprop=\"image\"\/>\n\t\t\t\t<p>Simplified and rapid registration: we assist you at each step and activate your account within 24 hours maximum<\/p>\n\t\t\t\t<img decoding=\"async\" src=\"https:\/\/www.b-sharpe.com\/wp-content\/uploads\/2021\/07\/Transparent-1.png\" alt=\"Transparent\" title=\"Transparent\" itemprop=\"image\"\/>\n\t\t\t\t<p>No commitment, no hidden fees: opening\/closing and managing your account is totally free, whatever your use<\/p>\n<h2>\n\t\tForeign exchange specialists at your disposal\n\t<\/h2>\n\t\t\t\t<p>Support from the moment you set your exchange rate to the transfer of your funds to your account<\/p>\n\t\t\t\t<p>Receive advice on your exchange needs from our experts<\/p>\n\t\t\t\t<p>Personalized follow-up of your transfers to your subsidiaries all over the world<\/p>\n\t\t\t\t<img decoding=\"async\" src=\"https:\/\/www.b-sharpe.com\/wp-content\/uploads\/2021\/07\/illustration-service-client-1.png\" alt=\"illustration-service-client\" itemprop=\"image\" height=\"400\" width=\"400\" title=\"illustration-service-client\" onerror=\"this.style.display='none'\"  \/>\n<h2>\n\t\tForeign exchange specialists at your disposal\n\t<\/h2>\n\t\t\t\t<img decoding=\"async\" src=\"https:\/\/www.b-sharpe.com\/wp-content\/uploads\/2021\/07\/illustration-service-client-1.png\" alt=\"illustration-service-client\" itemprop=\"image\" height=\"400\" width=\"400\" title=\"illustration-service-client\" onerror=\"this.style.display='none'\"  \/>\n\t\t\t\t<p>Support from the moment you set your exchange rate to the transfer of your funds to your account<\/p>\n\t\t\t\t<p>Receive advice on your exchange needs from our experts<\/p>\n\t\t\t\t<p>Personalized follow-up of your transfers to your subsidiaries all over the world<\/p>\n<h2>\n\t\tRate management for total control of your transactions\n\t<\/h2>\n\t\t\t\t<img decoding=\"async\" src=\"https:\/\/www.b-sharpe.com\/wp-content\/uploads\/2021\/07\/illustration-taux-reception.png\" alt=\"illustration-taux-reception\" itemprop=\"image\" height=\"400\" width=\"400\" title=\"illustration-taux-reception\" onerror=\"this.style.display='none'\"  \/>\n\t\t<p><strong>Transparency and responsiveness:<\/strong> by phone, e-mail or through your customer area, you can lock in your exchange rate in real time before sending us funds.<\/p>\t\t\t\n\t\t<p><strong>Set your personalized currency alerts<\/strong> for better budget management and be automatically informed of market developments.<\/p>\t\t\t\n\t\t<p><strong>No deposit required: <\/strong>real time exchange rate and immediate transfer of your currencies after receiving your funds.<\/p>\t\t\t\n\t\t<p><strong>Limited order from 250,000 CHF:<\/strong> place your orders with us at the target rates you desire to optimize your cash flow.<\/p>\t\t\t\n<h2>\n\t\tRate management for total control of your transactions\n\t<\/h2>\n\t\t\t\t<img decoding=\"async\" src=\"https:\/\/www.b-sharpe.com\/wp-content\/uploads\/2021\/07\/illustration-taux-reception.png\" alt=\"illustration-taux-reception\" itemprop=\"image\" height=\"400\" width=\"400\" title=\"illustration-taux-reception\" onerror=\"this.style.display='none'\"  \/>\n\t\t<p><strong>Transparency and responsiveness:<\/strong> by phone, e-mail or through your customer area, you can lock in your exchange rate in real time before sending us funds.<\/p>\t\t\t\n\t\t<p><strong>Set your personalized currency alerts<\/strong> for better budget management and be automatically informed of market developments.<\/p>\t\t\t\n\t\t<p><strong>No deposit required: <\/strong>real time exchange rate and immediate transfer of your currencies after receiving your funds.<\/p>\t\t\t\n\t\t<p><strong>Limited order from 250,000 CHF:<\/strong> place your orders with us at the target rates you desire to optimize your cash flow.<\/p>\t\t\t\n<h2>\n\t\tSecure international transfers\n\t<\/h2>\n\t\t\t\t<img decoding=\"async\" src=\"https:\/\/www.b-sharpe.com\/wp-content\/uploads\/2021\/07\/icon-suisse.png\" alt=\"icon-suisse\" itemprop=\"image\" height=\"192\" width=\"188\" title=\"icon-suisse\" onerror=\"this.style.display='none'\"  \/>\n<h3>\n\t\tREGULATED IN SWITZERLAND\n\t<\/h3>\n\t<p>b-sharpe is a Swiss financial intermediary, affiliated with So-Fit (Supervisory Organization for Financial Intermediaries &amp; Trustees) which is itself controlled by FINMA (Swiss Financial Market Supervisory Authority).<\/p>\n<h3>\n\t\tYOUR FUNDS ARE INSURED\n\t<\/h3>\n\t<p>We offer all of our clients a 5 million Swiss franc insurance guarantee that protects against fraud and misappropriation.<\/p>\n\t\t\t\t<img decoding=\"async\" src=\"https:\/\/www.b-sharpe.com\/wp-content\/uploads\/2021\/07\/icon-express.png\" alt=\"icon-express\" itemprop=\"image\" height=\"203\" width=\"194\" title=\"icon-express\" onerror=\"this.style.display='none'\"  \/>\n\t\t\t\t<img decoding=\"async\" src=\"https:\/\/www.b-sharpe.com\/wp-content\/uploads\/2021\/07\/icon-express-1.png\" alt=\"icon-express\" itemprop=\"image\" height=\"203\" width=\"194\" title=\"icon-express\" onerror=\"this.style.display='none'\"  \/>\n<h3>\n\t\t A MAJOR SHAREHOLDER\n\t<\/h3>\n\t<p>The Migros Cooperative Society Geneva, a major shareholder and member of the board of directors, ensures b-sharpe&#8217;s operational and financial stability.<\/p>\n<h2>\n\t\tSecure international transfers\n\t<\/h2>\n\t\t\t\t<img decoding=\"async\" src=\"https:\/\/www.b-sharpe.com\/wp-content\/uploads\/2021\/07\/icon-suisse.png\" alt=\"icon-suisse\" title=\"icon-suisse\" itemprop=\"image\"\/>\n\t\t<h3>REGULATED IN SWITZERLAND<\/h3>\t\t\t\n\t\t\t\t<p>b-sharpe is a Swiss financial intermediary, affiliated with So-Fit (Supervisory Organization for Financial Intermediaries &amp; Trustees) which is itself controlled by FINMA (Swiss Financial Market Supervisory Authority).<\/p>\n\t\t\t\t<img decoding=\"async\" src=\"https:\/\/www.b-sharpe.com\/wp-content\/uploads\/2021\/07\/icon-express.png\" alt=\"icon-express\" title=\"icon-express\" itemprop=\"image\"\/>\n\t\t<h3>YOUR FUNDS ARE INSURED<\/h3>\t\t\t\n\t\t\t\t<p>We offer all of our clients a 5 million Swiss franc insurance guarantee that protects against fraud and misappropriation.<\/p>\n\t\t\t\t<img decoding=\"async\" src=\"https:\/\/www.b-sharpe.com\/wp-content\/uploads\/2021\/07\/icon-express-1.png\" alt=\"icon-express\" title=\"icon-express\" itemprop=\"image\"\/>\n\t\t<h3> A MAJOR SHAREHOLDER<\/h3>\t\t\t\n\t\t\t\t<p>The Migros Cooperative Society Geneva, a major shareholder and member of the board of directors, ensures b-sharpe&#8217;s operational and financial stability.<\/p>\n\n","protected":false},"excerpt":{"rendered":"<p>Managing your foreign currency cash flow Optimize your company&#8217;s or its various subsidiaries&#8217; foreign currency cash flow by reducing exchange costs. Open an account Managing your foreign currency cash flow Optimize your company&#8217;s or its various subsidiaries&#8217; foreign currency cash flow by reducing exchange costs. Open an account The foreign exchange expert Foreign exchange specialist&hellip;<\/p>\n","protected":false},"author":26,"featured_media":0,"parent":6408,"menu_order":0,"comment_status":"closed","ping_status":"closed","template":"","meta":{"_acf_changed":false,"footnotes":""},"class_list":["post-110197","page","type-page","status-publish","hentry"],"acf":[],"yoast_head":"<!-- This site is optimized with the Yoast SEO plugin v26.9 - https:\/\/yoast.com\/product\/yoast-seo-wordpress\/ -->\n<title>Managing your foreign currency cash flow - b-sharpe<\/title>\n<meta name=\"robots\" content=\"index, follow, max-snippet:-1, max-image-preview:large, max-video-preview:-1\" \/>\n<link rel=\"canonical\" href=\"https:\/\/www.b-sharpe.com\/en\/business\/managing-your-foreign-currency-cash-flow\/\" \/>\n<meta property=\"og:locale\" content=\"en_US\" \/>\n<meta property=\"og:type\" content=\"article\" \/>\n<meta property=\"og:title\" content=\"Managing your foreign currency cash flow - b-sharpe\" \/>\n<meta property=\"og:description\" content=\"Managing your foreign currency cash flow Optimize your company&#8217;s or its various subsidiaries&#8217; foreign currency cash flow by reducing exchange costs. Open an account Managing your foreign currency cash flow Optimize your company&#8217;s or its various subsidiaries&#8217; foreign currency cash flow by reducing exchange costs. Open an account The foreign exchange expert Foreign exchange specialist&hellip;\" \/>\n<meta property=\"og:url\" content=\"https:\/\/www.b-sharpe.com\/en\/business\/managing-your-foreign-currency-cash-flow\/\" \/>\n<meta property=\"og:site_name\" content=\"b-sharpe\" \/>\n<meta property=\"og:image\" content=\"https:\/\/www.b-sharpe.com\/wp-content\/uploads\/2021\/07\/illustration-multidevises.png\" \/>\n<meta name=\"twitter:card\" content=\"summary_large_image\" \/>\n<script type=\"application\/ld+json\" class=\"yoast-schema-graph\">{\"@context\":\"https:\/\/schema.org\",\"@graph\":[{\"@type\":\"WebPage\",\"@id\":\"https:\/\/www.b-sharpe.com\/en\/business\/managing-your-foreign-currency-cash-flow\/\",\"url\":\"https:\/\/www.b-sharpe.com\/en\/business\/managing-your-foreign-currency-cash-flow\/\",\"name\":\"Managing your foreign currency cash flow - b-sharpe\",\"isPartOf\":{\"@id\":\"https:\/\/www.b-sharpe.com\/en\/#website\"},\"primaryImageOfPage\":{\"@id\":\"https:\/\/www.b-sharpe.com\/en\/business\/managing-your-foreign-currency-cash-flow\/#primaryimage\"},\"image\":{\"@id\":\"https:\/\/www.b-sharpe.com\/en\/business\/managing-your-foreign-currency-cash-flow\/#primaryimage\"},\"thumbnailUrl\":\"https:\/\/www.b-sharpe.com\/wp-content\/uploads\/2021\/07\/illustration-multidevises.png\",\"datePublished\":\"2021-08-24T11:46:22+00:00\",\"breadcrumb\":{\"@id\":\"https:\/\/www.b-sharpe.com\/en\/business\/managing-your-foreign-currency-cash-flow\/#breadcrumb\"},\"inLanguage\":\"en-US\",\"potentialAction\":[{\"@type\":\"ReadAction\",\"target\":[\"https:\/\/www.b-sharpe.com\/en\/business\/managing-your-foreign-currency-cash-flow\/\"]}]},{\"@type\":\"ImageObject\",\"inLanguage\":\"en-US\",\"@id\":\"https:\/\/www.b-sharpe.com\/en\/business\/managing-your-foreign-currency-cash-flow\/#primaryimage\",\"url\":\"https:\/\/www.b-sharpe.com\/wp-content\/uploads\/2021\/07\/illustration-multidevises.png\",\"contentUrl\":\"https:\/\/www.b-sharpe.com\/wp-content\/uploads\/2021\/07\/illustration-multidevises.png\"},{\"@type\":\"BreadcrumbList\",\"@id\":\"https:\/\/www.b-sharpe.com\/en\/business\/managing-your-foreign-currency-cash-flow\/#breadcrumb\",\"itemListElement\":[{\"@type\":\"ListItem\",\"position\":1,\"name\":\"Accueil\",\"item\":\"https:\/\/www.b-sharpe.com\/en\/\"},{\"@type\":\"ListItem\",\"position\":2,\"name\":\"Business\",\"item\":\"https:\/\/www.b-sharpe.com\/en\/business\/\"},{\"@type\":\"ListItem\",\"position\":3,\"name\":\"Managing your foreign currency cash flow\"}]},{\"@type\":\"WebSite\",\"@id\":\"https:\/\/www.b-sharpe.com\/en\/#website\",\"url\":\"https:\/\/www.b-sharpe.com\/en\/\",\"name\":\"b-sharpe\",\"description\":\"Le change en ligne de qualit\u00e9 suisse\",\"potentialAction\":[{\"@type\":\"SearchAction\",\"target\":{\"@type\":\"EntryPoint\",\"urlTemplate\":\"https:\/\/www.b-sharpe.com\/en\/?s={search_term_string}\"},\"query-input\":{\"@type\":\"PropertyValueSpecification\",\"valueRequired\":true,\"valueName\":\"search_term_string\"}}],\"inLanguage\":\"en-US\"}]}<\/script>\n<!-- \/ Yoast SEO plugin. -->","yoast_head_json":{"title":"Managing your foreign currency cash flow - b-sharpe","robots":{"index":"index","follow":"follow","max-snippet":"max-snippet:-1","max-image-preview":"max-image-preview:large","max-video-preview":"max-video-preview:-1"},"canonical":"https:\/\/www.b-sharpe.com\/en\/business\/managing-your-foreign-currency-cash-flow\/","og_locale":"en_US","og_type":"article","og_title":"Managing your foreign currency cash flow - b-sharpe","og_description":"Managing your foreign currency cash flow Optimize your company&#8217;s or its various subsidiaries&#8217; foreign currency cash flow by reducing exchange costs. Open an account Managing your foreign currency cash flow Optimize your company&#8217;s or its various subsidiaries&#8217; foreign currency cash flow by reducing exchange costs. Open an account The foreign exchange expert Foreign exchange specialist&hellip;","og_url":"https:\/\/www.b-sharpe.com\/en\/business\/managing-your-foreign-currency-cash-flow\/","og_site_name":"b-sharpe","og_image":[{"url":"https:\/\/www.b-sharpe.com\/wp-content\/uploads\/2021\/07\/illustration-multidevises.png","type":"","width":"","height":""}],"twitter_card":"summary_large_image","schema":{"@context":"https:\/\/schema.org","@graph":[{"@type":"WebPage","@id":"https:\/\/www.b-sharpe.com\/en\/business\/managing-your-foreign-currency-cash-flow\/","url":"https:\/\/www.b-sharpe.com\/en\/business\/managing-your-foreign-currency-cash-flow\/","name":"Managing your foreign currency cash flow - b-sharpe","isPartOf":{"@id":"https:\/\/www.b-sharpe.com\/en\/#website"},"primaryImageOfPage":{"@id":"https:\/\/www.b-sharpe.com\/en\/business\/managing-your-foreign-currency-cash-flow\/#primaryimage"},"image":{"@id":"https:\/\/www.b-sharpe.com\/en\/business\/managing-your-foreign-currency-cash-flow\/#primaryimage"},"thumbnailUrl":"https:\/\/www.b-sharpe.com\/wp-content\/uploads\/2021\/07\/illustration-multidevises.png","datePublished":"2021-08-24T11:46:22+00:00","breadcrumb":{"@id":"https:\/\/www.b-sharpe.com\/en\/business\/managing-your-foreign-currency-cash-flow\/#breadcrumb"},"inLanguage":"en-US","potentialAction":[{"@type":"ReadAction","target":["https:\/\/www.b-sharpe.com\/en\/business\/managing-your-foreign-currency-cash-flow\/"]}]},{"@type":"ImageObject","inLanguage":"en-US","@id":"https:\/\/www.b-sharpe.com\/en\/business\/managing-your-foreign-currency-cash-flow\/#primaryimage","url":"https:\/\/www.b-sharpe.com\/wp-content\/uploads\/2021\/07\/illustration-multidevises.png","contentUrl":"https:\/\/www.b-sharpe.com\/wp-content\/uploads\/2021\/07\/illustration-multidevises.png"},{"@type":"BreadcrumbList","@id":"https:\/\/www.b-sharpe.com\/en\/business\/managing-your-foreign-currency-cash-flow\/#breadcrumb","itemListElement":[{"@type":"ListItem","position":1,"name":"Accueil","item":"https:\/\/www.b-sharpe.com\/en\/"},{"@type":"ListItem","position":2,"name":"Business","item":"https:\/\/www.b-sharpe.com\/en\/business\/"},{"@type":"ListItem","position":3,"name":"Managing your foreign currency cash flow"}]},{"@type":"WebSite","@id":"https:\/\/www.b-sharpe.com\/en\/#website","url":"https:\/\/www.b-sharpe.com\/en\/","name":"b-sharpe","description":"Le change en ligne de qualit\u00e9 suisse","potentialAction":[{"@type":"SearchAction","target":{"@type":"EntryPoint","urlTemplate":"https:\/\/www.b-sharpe.com\/en\/?s={search_term_string}"},"query-input":{"@type":"PropertyValueSpecification","valueRequired":true,"valueName":"search_term_string"}}],"inLanguage":"en-US"}]}},"_links":{"self":[{"href":"https:\/\/www.b-sharpe.com\/en\/wp-json\/wp\/v2\/pages\/110197","targetHints":{"allow":["GET"]}}],"collection":[{"href":"https:\/\/www.b-sharpe.com\/en\/wp-json\/wp\/v2\/pages"}],"about":[{"href":"https:\/\/www.b-sharpe.com\/en\/wp-json\/wp\/v2\/types\/page"}],"author":[{"embeddable":true,"href":"https:\/\/www.b-sharpe.com\/en\/wp-json\/wp\/v2\/users\/26"}],"replies":[{"embeddable":true,"href":"https:\/\/www.b-sharpe.com\/en\/wp-json\/wp\/v2\/comments?post=110197"}],"version-history":[{"count":3,"href":"https:\/\/www.b-sharpe.com\/en\/wp-json\/wp\/v2\/pages\/110197\/revisions"}],"predecessor-version":[{"id":119177,"href":"https:\/\/www.b-sharpe.com\/en\/wp-json\/wp\/v2\/pages\/110197\/revisions\/119177"}],"up":[{"embeddable":true,"href":"https:\/\/www.b-sharpe.com\/en\/wp-json\/wp\/v2\/pages\/6408"}],"wp:attachment":[{"href":"https:\/\/www.b-sharpe.com\/en\/wp-json\/wp\/v2\/media?parent=110197"}],"curies":[{"name":"wp","href":"https:\/\/api.w.org\/{rel}","templated":true}]}}