{"id":26928,"date":"2021-04-01T16:39:45","date_gmt":"2021-04-01T16:39:45","guid":{"rendered":"https:\/\/stagingvitrine.ad-bs.ch\/?page_id=26928"},"modified":"2024-04-12T13:52:59","modified_gmt":"2024-04-12T13:52:59","slug":"auslandsstudium","status":"publish","type":"page","link":"https:\/\/www.b-sharpe.com\/de\/auslandsstudium\/","title":{"rendered":"Auslandsstudium"},"content":{"rendered":"\n<h1>\n\t\tW\u00e4hrungsumtausch f\u00fcr Ihr Auslandsstudium\n\t<\/h1>\n\t<p>Hier erfahren Sie, wie Sie die Kosten f\u00fcr den W\u00e4hrungsumtausch bei der Organisation eines Auslandsstudiums optimieren k\u00f6nnen. Zum Beispiel f\u00fcr Studiengeb\u00fchren, Lebenshaltungskosten oder Miete.<\/p>\n\t\t\t<a href=\"https:\/\/secure.b-sharpe.com\/auth\/registration\/private\/?language=de\" target=\"_self\" role=\"button\" rel=\"noopener\">\n\t\t\t\t\t\t\tKostenlos anmelden\n\t\t\t\t\t<\/a>\n\t\t\t\t<img decoding=\"async\" src=\"https:\/\/www.b-sharpe.com\/wp-content\/uploads\/2021\/03\/Etudiant.png\" alt=\"Etudiant\" title=\"Etudiant\" itemprop=\"image\">\n\t\t\t\t<img decoding=\"async\" src=\"https:\/\/www.b-sharpe.com\/wp-content\/plugins\/bb-plugin\/img\/pixel.png\" alt=\"\" itemprop=\"image\" onerror=\"this.style.display='none'\">\n<h2>\n\t\tOptimieren Sie die Wechselkursgeb\u00fchren f\u00fcr Ihr Auslandsstudium\n\t<\/h2>\n\t<p>\u00dcberweisen Sie Geld direkt in der W\u00e4hrung Ihrer Wahl, um Ihre verschiedenen Ausgaben zu bezahlen.<\/p>\n\t\t\t\t<p>Mit einem g\u00fcnstigen Wechselkurs sparen Sie Geld<\/p>\n\t\t\t\t<p>Unser Kundenservice begleitet Sie bei jedem Schritt Ihrer Transaktion<\/p>\n\t\t\t\t<p>Schnelle Geld\u00fcberweisungen mit Zahlungseingang innerhalb von 24 Stunden oder am n\u00e4chsten Werktag<\/p>\n\t\t\t\t<a href=\"https:\/\/b-sharpe.onelink.me\/6mPv\/57dc4a92\" target=\"_blank\" rel=\"noopener\" itemprop=\"url\">\n\t\t\t\t<img decoding=\"async\" src=\"https:\/\/www.b-sharpe.com\/wp-content\/uploads\/2020\/11\/google_Badge_DE_RGB_blk_092917.jpg\" alt=\"google_Badge_DE_RGB_blk_092917\" itemprop=\"image\" height=\"167\" width=\"499\" title=\"google_Badge_DE_RGB_blk_092917\" onerror=\"this.style.display='none'\">\n\t\t\t\t<\/a>\n\t\t\t\t<a href=\"https:\/\/b-sharpe.onelink.me\/OiRT\/e114bc79\" target=\"_blank\" rel=\"noopener\" itemprop=\"url\">\n\t\t\t\t<img decoding=\"async\" src=\"https:\/\/www.b-sharpe.com\/wp-content\/uploads\/2020\/11\/Download_on_the_App_Store_Badge_DE_RGB_blk_092917.jpg\" alt=\"Download_on_the_App_Store_Badge_DE_RGB_blk_092917\" itemprop=\"image\" height=\"167\" width=\"499\" title=\"Download_on_the_App_Store_Badge_DE_RGB_blk_092917\" onerror=\"this.style.display='none'\">\n\t\t\t\t<\/a>\n<h2>\n\t\tW\u00e4hrungsumtausch f\u00fcr Ihr Auslandsstudium\n\t<\/h2>\n\t\t\t\t<img decoding=\"async\" src=\"https:\/\/www.b-sharpe.com\/wp-content\/uploads\/2021\/03\/Invoice-1.svg\" alt=\"\" title=\"\" itemprop=\"image\">\n\t\t<h3>Studiengeb\u00fchren<\/h3>\t\t\t\n\t\t\t\t<p>Bezahlen Sie Studien- oder Pr\u00fcfungsgeb\u00fchren von zu Hause aus: Mit unserem Service k\u00f6nnen Sie die Bildungseinrichtung direkt bezahlen, ohne zus\u00e4tzliche Kosten!<\/p>\n\t\t\t\t<img decoding=\"async\" src=\"https:\/\/www.b-sharpe.com\/wp-content\/uploads\/2021\/03\/Basket.svg\" alt=\"\" title=\"\" itemprop=\"image\">\n\t\t<h3>Lebenshaltungskosten<\/h3>\t\t\t\n\t\t\t\t<p>Zahlen Sie in der Landesw\u00e4hrung auf Ihr Konto ein und optimieren Sie die Wechselkursgeb\u00fchren f\u00fcr Ihre t\u00e4glichen Ausgaben. Und nutzen Sie dabei unseren g\u00fcnstigen Tarif und die Sicherheit, die unser Service bietet.<\/p>\n\t\t\t\t<img decoding=\"async\" src=\"https:\/\/www.b-sharpe.com\/wp-content\/uploads\/2021\/03\/House.svg\" alt=\"\" title=\"\" itemprop=\"image\">\n\t\t<h3>Zahlung der Miete<\/h3>\t\t\t\n\t\t\t\t<p>Mit unserem Devisenservice k\u00f6nnen Sie die Miete in der W\u00e4hrung Ihrer Wahl bezahlen. Eine einfache, schnelle und kosteng\u00fcnstige L\u00f6sung. Die getauschten Betr\u00e4ge werden innerhalb von 24 Stunden oder am n\u00e4chsten Werktag \u00fcberwiesen.<\/p>\n<h2>\n\t\t\u00dcberweisung des zu wechselnden Geldes von Ihrem Bankkonto\n\t<\/h2>\n\t\t\t\t<p>1. Bestimmen Sie den Betrag, den Sie umtauschen m\u00f6chten<\/p>\n<p>2. Senden Sie den gew\u00e4hlten Betrag in der entsprechenden W\u00e4hrung auf das b-sharpe-Konto und geben Sie in Ihrem pers\u00f6nlichen Bereich an, auf welches Konto und in welcher W\u00e4hrung Sie den Betrag erhalten m\u00f6chten<\/p>\n<p>3. Sie erhalten den Betrag innerhalb von 24 Stunden oder am n\u00e4chsten Werktag<\/p>\n<h2>\n\t\tNutzen Sie die verschiedenen Funktionen\n\t<\/h2>\n\t\t\t\t<p>Kontaktieren Sie unseren Kundenservice f\u00fcr sofortige Hilfe per Telefon, E-Mail oder Chat<\/p>\n\t\t\t\t<p>F\u00fcgen Sie die Empf\u00e4ngerkonten direkt in Ihrem pers\u00f6nlichen Bereich hinzu<\/p>\n\t\t\t\t<p>Richten Sie Kurs-Benachrichtigungen ein, um \u00fcber Wechselkursentwicklungen informiert zu werden und keine Gelegenheit zu verpassen<\/p>\n\t\t\t\t<img decoding=\"async\" src=\"https:\/\/www.b-sharpe.com\/wp-content\/uploads\/2021\/03\/Fonctionnalites.png\" alt=\"Fonctionnalit\u00e9s\" itemprop=\"image\" height=\"572\" width=\"572\" title=\"Fonctionnalit\u00e9s\" onerror=\"this.style.display='none'\">\n","protected":false},"excerpt":{"rendered":"<p>W\u00e4hrungsumtausch f\u00fcr Ihr Auslandsstudium Hier erfahren Sie, wie Sie die Kosten f\u00fcr den W\u00e4hrungsumtausch bei der Organisation eines Auslandsstudiums optimieren k\u00f6nnen. Zum Beispiel f\u00fcr Studiengeb\u00fchren, Lebenshaltungskosten oder Miete. Kostenlos anmelden Optimieren Sie die Wechselkursgeb\u00fchren f\u00fcr Ihr Auslandsstudium \u00dcberweisen Sie Geld direkt in der W\u00e4hrung Ihrer Wahl, um Ihre verschiedenen Ausgaben zu bezahlen. Mit einem g\u00fcnstigen&hellip;<\/p>\n","protected":false},"author":15,"featured_media":0,"parent":0,"menu_order":0,"comment_status":"closed","ping_status":"closed","template":"","meta":{"_acf_changed":false,"footnotes":""},"class_list":["post-26928","page","type-page","status-publish","hentry"],"acf":[],"yoast_head":"<!-- This site is optimized with the Yoast SEO plugin v26.9 - https:\/\/yoast.com\/product\/yoast-seo-wordpress\/ -->\n<title>Bezahlen Sie die Ausgaben f\u00fcr Ihr Auslandsstudium mit b-sharpe<\/title>\n<meta name=\"description\" content=\"Sparen Sie beim Wechselkurs f\u00fcr Ausgaben im Rahmen Ihres Auslandsstudiums: Studiengeb\u00fchren, Miete, Lebenshaltungskosten etc.\" \/>\n<meta name=\"robots\" content=\"index, follow, max-snippet:-1, max-image-preview:large, max-video-preview:-1\" \/>\n<link rel=\"canonical\" href=\"https:\/\/www.b-sharpe.com\/de\/auslandsstudium\/\" \/>\n<meta property=\"og:locale\" content=\"de_DE\" \/>\n<meta property=\"og:type\" content=\"article\" \/>\n<meta property=\"og:title\" content=\"Bezahlen Sie die Ausgaben f\u00fcr Ihr Auslandsstudium mit b-sharpe\" \/>\n<meta property=\"og:description\" content=\"Sparen Sie beim Wechselkurs f\u00fcr Ausgaben im Rahmen Ihres Auslandsstudiums: Studiengeb\u00fchren, Miete, Lebenshaltungskosten etc.\" \/>\n<meta property=\"og:url\" content=\"https:\/\/www.b-sharpe.com\/de\/auslandsstudium\/\" \/>\n<meta property=\"og:site_name\" content=\"b-sharpe\" \/>\n<meta property=\"article:modified_time\" content=\"2024-04-12T13:52:59+00:00\" \/>\n<meta property=\"og:image\" content=\"https:\/\/www.b-sharpe.com\/wp-content\/uploads\/2021\/03\/Etudiant.png\" \/>\n<meta name=\"twitter:card\" content=\"summary_large_image\" \/>\n<meta name=\"twitter:label1\" content=\"Gesch\u00e4tzte Lesezeit\" \/>\n\t<meta name=\"twitter:data1\" content=\"4\u00a0Minuten\" \/>\n<script type=\"application\/ld+json\" class=\"yoast-schema-graph\">{\"@context\":\"https:\/\/schema.org\",\"@graph\":[{\"@type\":\"WebPage\",\"@id\":\"https:\/\/www.b-sharpe.com\/de\/auslandsstudium\/\",\"url\":\"https:\/\/www.b-sharpe.com\/de\/auslandsstudium\/\",\"name\":\"Bezahlen Sie die Ausgaben f\u00fcr Ihr Auslandsstudium mit b-sharpe\",\"isPartOf\":{\"@id\":\"https:\/\/www.b-sharpe.com\/de\/#website\"},\"primaryImageOfPage\":{\"@id\":\"https:\/\/www.b-sharpe.com\/de\/auslandsstudium\/#primaryimage\"},\"image\":{\"@id\":\"https:\/\/www.b-sharpe.com\/de\/auslandsstudium\/#primaryimage\"},\"thumbnailUrl\":\"https:\/\/www.b-sharpe.com\/wp-content\/uploads\/2021\/03\/Etudiant.png\",\"datePublished\":\"2021-04-01T16:39:45+00:00\",\"dateModified\":\"2024-04-12T13:52:59+00:00\",\"description\":\"Sparen Sie beim Wechselkurs f\u00fcr Ausgaben im Rahmen Ihres Auslandsstudiums: Studiengeb\u00fchren, Miete, Lebenshaltungskosten etc.\",\"breadcrumb\":{\"@id\":\"https:\/\/www.b-sharpe.com\/de\/auslandsstudium\/#breadcrumb\"},\"inLanguage\":\"de\",\"potentialAction\":[{\"@type\":\"ReadAction\",\"target\":[\"https:\/\/www.b-sharpe.com\/de\/auslandsstudium\/\"]}]},{\"@type\":\"ImageObject\",\"inLanguage\":\"de\",\"@id\":\"https:\/\/www.b-sharpe.com\/de\/auslandsstudium\/#primaryimage\",\"url\":\"https:\/\/www.b-sharpe.com\/wp-content\/uploads\/2021\/03\/Etudiant.png\",\"contentUrl\":\"https:\/\/www.b-sharpe.com\/wp-content\/uploads\/2021\/03\/Etudiant.png\"},{\"@type\":\"BreadcrumbList\",\"@id\":\"https:\/\/www.b-sharpe.com\/de\/auslandsstudium\/#breadcrumb\",\"itemListElement\":[{\"@type\":\"ListItem\",\"position\":1,\"name\":\"Accueil\",\"item\":\"https:\/\/www.b-sharpe.com\/de\/\"},{\"@type\":\"ListItem\",\"position\":2,\"name\":\"Auslandsstudium\"}]},{\"@type\":\"WebSite\",\"@id\":\"https:\/\/www.b-sharpe.com\/de\/#website\",\"url\":\"https:\/\/www.b-sharpe.com\/de\/\",\"name\":\"b-sharpe\",\"description\":\"Le change en ligne de qualit\u00e9 suisse\",\"potentialAction\":[{\"@type\":\"SearchAction\",\"target\":{\"@type\":\"EntryPoint\",\"urlTemplate\":\"https:\/\/www.b-sharpe.com\/de\/?s={search_term_string}\"},\"query-input\":{\"@type\":\"PropertyValueSpecification\",\"valueRequired\":true,\"valueName\":\"search_term_string\"}}],\"inLanguage\":\"de\"}]}<\/script>\n<!-- \/ Yoast SEO plugin. -->","yoast_head_json":{"title":"Bezahlen Sie die Ausgaben f\u00fcr Ihr Auslandsstudium mit b-sharpe","description":"Sparen Sie beim Wechselkurs f\u00fcr Ausgaben im Rahmen Ihres Auslandsstudiums: Studiengeb\u00fchren, Miete, Lebenshaltungskosten etc.","robots":{"index":"index","follow":"follow","max-snippet":"max-snippet:-1","max-image-preview":"max-image-preview:large","max-video-preview":"max-video-preview:-1"},"canonical":"https:\/\/www.b-sharpe.com\/de\/auslandsstudium\/","og_locale":"de_DE","og_type":"article","og_title":"Bezahlen Sie die Ausgaben f\u00fcr Ihr Auslandsstudium mit b-sharpe","og_description":"Sparen Sie beim Wechselkurs f\u00fcr Ausgaben im Rahmen Ihres Auslandsstudiums: Studiengeb\u00fchren, Miete, Lebenshaltungskosten etc.","og_url":"https:\/\/www.b-sharpe.com\/de\/auslandsstudium\/","og_site_name":"b-sharpe","article_modified_time":"2024-04-12T13:52:59+00:00","og_image":[{"url":"https:\/\/www.b-sharpe.com\/wp-content\/uploads\/2021\/03\/Etudiant.png","type":"","width":"","height":""}],"twitter_card":"summary_large_image","twitter_misc":{"Gesch\u00e4tzte Lesezeit":"4\u00a0Minuten"},"schema":{"@context":"https:\/\/schema.org","@graph":[{"@type":"WebPage","@id":"https:\/\/www.b-sharpe.com\/de\/auslandsstudium\/","url":"https:\/\/www.b-sharpe.com\/de\/auslandsstudium\/","name":"Bezahlen Sie die Ausgaben f\u00fcr Ihr Auslandsstudium mit b-sharpe","isPartOf":{"@id":"https:\/\/www.b-sharpe.com\/de\/#website"},"primaryImageOfPage":{"@id":"https:\/\/www.b-sharpe.com\/de\/auslandsstudium\/#primaryimage"},"image":{"@id":"https:\/\/www.b-sharpe.com\/de\/auslandsstudium\/#primaryimage"},"thumbnailUrl":"https:\/\/www.b-sharpe.com\/wp-content\/uploads\/2021\/03\/Etudiant.png","datePublished":"2021-04-01T16:39:45+00:00","dateModified":"2024-04-12T13:52:59+00:00","description":"Sparen Sie beim Wechselkurs f\u00fcr Ausgaben im Rahmen Ihres Auslandsstudiums: Studiengeb\u00fchren, Miete, Lebenshaltungskosten etc.","breadcrumb":{"@id":"https:\/\/www.b-sharpe.com\/de\/auslandsstudium\/#breadcrumb"},"inLanguage":"de","potentialAction":[{"@type":"ReadAction","target":["https:\/\/www.b-sharpe.com\/de\/auslandsstudium\/"]}]},{"@type":"ImageObject","inLanguage":"de","@id":"https:\/\/www.b-sharpe.com\/de\/auslandsstudium\/#primaryimage","url":"https:\/\/www.b-sharpe.com\/wp-content\/uploads\/2021\/03\/Etudiant.png","contentUrl":"https:\/\/www.b-sharpe.com\/wp-content\/uploads\/2021\/03\/Etudiant.png"},{"@type":"BreadcrumbList","@id":"https:\/\/www.b-sharpe.com\/de\/auslandsstudium\/#breadcrumb","itemListElement":[{"@type":"ListItem","position":1,"name":"Accueil","item":"https:\/\/www.b-sharpe.com\/de\/"},{"@type":"ListItem","position":2,"name":"Auslandsstudium"}]},{"@type":"WebSite","@id":"https:\/\/www.b-sharpe.com\/de\/#website","url":"https:\/\/www.b-sharpe.com\/de\/","name":"b-sharpe","description":"Le change en ligne de qualit\u00e9 suisse","potentialAction":[{"@type":"SearchAction","target":{"@type":"EntryPoint","urlTemplate":"https:\/\/www.b-sharpe.com\/de\/?s={search_term_string}"},"query-input":{"@type":"PropertyValueSpecification","valueRequired":true,"valueName":"search_term_string"}}],"inLanguage":"de"}]}},"_links":{"self":[{"href":"https:\/\/www.b-sharpe.com\/de\/wp-json\/wp\/v2\/pages\/26928","targetHints":{"allow":["GET"]}}],"collection":[{"href":"https:\/\/www.b-sharpe.com\/de\/wp-json\/wp\/v2\/pages"}],"about":[{"href":"https:\/\/www.b-sharpe.com\/de\/wp-json\/wp\/v2\/types\/page"}],"author":[{"embeddable":true,"href":"https:\/\/www.b-sharpe.com\/de\/wp-json\/wp\/v2\/users\/15"}],"replies":[{"embeddable":true,"href":"https:\/\/www.b-sharpe.com\/de\/wp-json\/wp\/v2\/comments?post=26928"}],"version-history":[{"count":2,"href":"https:\/\/www.b-sharpe.com\/de\/wp-json\/wp\/v2\/pages\/26928\/revisions"}],"predecessor-version":[{"id":420701,"href":"https:\/\/www.b-sharpe.com\/de\/wp-json\/wp\/v2\/pages\/26928\/revisions\/420701"}],"wp:attachment":[{"href":"https:\/\/www.b-sharpe.com\/de\/wp-json\/wp\/v2\/media?parent=26928"}],"curies":[{"name":"wp","href":"https:\/\/api.w.org\/{rel}","templated":true}]}}