{"id":26925,"date":"2021-04-01T16:35:21","date_gmt":"2021-04-01T16:35:21","guid":{"rendered":"https:\/\/stagingvitrine.ad-bs.ch\/?page_id=26925"},"modified":"2022-01-18T15:10:09","modified_gmt":"2022-01-18T15:10:09","slug":"darlehen-verwalten","status":"publish","type":"page","link":"https:\/\/www.b-sharpe.com\/de\/darlehen-verwalten\/","title":{"rendered":"Verwaltung eines Fremdw\u00e4hrungsdarlehens"},"content":{"rendered":"\n<h1>\n\t\tVerwaltung Ihrer Fremdw\u00e4hrungsdarlehen\n\t<\/h1>\n\t<p>Nutzen Sie den g\u00fcnstigen Wechselkurs von b-sharpe, um Ihre Fremdw\u00e4hrungsdarlehen zu verwalten.<\/p>\n\t\t\t<a href=\"https:\/\/secure.b-sharpe.com\/auth\/registration\/private\/?language=de\" target=\"_self\" role=\"button\" rel=\"noopener\">\n\t\t\t\t\t\t\tKostenlos anmelden\n\t\t\t\t\t<\/a>\n\t\t\t\t<img decoding=\"async\" src=\"https:\/\/www.b-sharpe.com\/wp-content\/uploads\/2021\/03\/Pret.png\" alt=\"Pr\u00eat\" itemprop=\"image\" height=\"572\" width=\"572\" title=\"Pr\u00eat\" onerror=\"this.style.display='none'\"  \/>\n<h2>\n\t\tFremdw\u00e4hrungsdarlehen f\u00fcr den Kauf einer Immobilie\n\t<\/h2>\n\t<p>Haben Sie ein Fremdw\u00e4hrungsdarlehen aufgenommen? Wir helfen Ihnen bei der Verwaltung Ihres Darlehens.<\/p>\n<p>Dank unserer abnehmenden Zinsen und unserer Erfahrung im Umgang mit umfangreichen Mengen sparen Sie bei jeder Transaktion.<\/p>\n<h2>\n\t\tZahlung der Darlehensraten\n\t<\/h2>\n\t<p>Haben Sie bestimmte Darlehenslaufzeiten? Sie k\u00f6nnen Ihre Rate w\u00e4hrend unserer Gesch\u00e4ftszeiten vorab telefonisch festlegen, um den Betrag zu kontrollieren, der umgetauscht werden soll.<\/p>\n\t\t\t\t<img decoding=\"async\" src=\"https:\/\/www.b-sharpe.com\/wp-content\/uploads\/2021\/03\/echeances.png\" alt=\"\u00e9ch\u00e9ances\" itemprop=\"image\" height=\"572\" width=\"572\" title=\"\u00e9ch\u00e9ances\" onerror=\"this.style.display='none'\"  \/>\n<h2>\n\t\tUnser Kundendienst steht Ihnen zur Verf\u00fcgung\n\t<\/h2>\n\t<p>Bei Fragen hilft Ihnen unser Kundendienst innerhalb der \u00d6ffnungszeiten per Telefon, E-Mail oder Chat gerne weiter. <a href=\"\/de\/kontakt\/\">Kontaktieren Sie uns<\/a>.<\/p>\n<h2>\n\t\tSichern Sie sich Ihren Wechselkurs im Voraus\n\t<\/h2>\n\t<p>Interessiert Sie der aktuelle Wechselkurs? Dann wenden Sie sich w\u00e4hrend unserer \u00d6ffnungszeiten an unser Transaktionsteam, um den Kurs zu sichern. Dank dieser M\u00f6glichkeit kennen Sie den genauen Betrag f\u00fcr Ihre Transaktion im Voraus.<\/p>\n<p>Mit dieser Option verpflichten Sie sich, uns den zu wechselnden Betrag innerhalb von maximal 48 Stunden zu \u00fcberweisen.<\/p>\n\t\t\t\t<img decoding=\"async\" src=\"https:\/\/www.b-sharpe.com\/wp-content\/uploads\/2021\/03\/Taux.png\" alt=\"Taux\" itemprop=\"image\" height=\"572\" width=\"572\" title=\"Taux\" onerror=\"this.style.display='none'\"  \/>\n<h2>\n\t\tIhr pers\u00f6nlicher Bereich in der App und auf dem Desktop\n\t<\/h2>\n\t<p>Einfache Verwaltung Ihrer Devisentransaktionen \u00fcber unsere mobile App oder in Ihrem pers\u00f6nlichen Bereich auf der Website.<\/p>\n\t\t\t\t<a href=\"https:\/\/b-sharpe.onelink.me\/6mPv\/57dc4a92\" target=\"_blank\" rel=\"noopener\" itemprop=\"url\">\n\t\t\t\t<img decoding=\"async\" src=\"https:\/\/www.b-sharpe.com\/wp-content\/uploads\/2020\/11\/google_Badge_DE_RGB_blk_092917.jpg\" alt=\"google_Badge_DE_RGB_blk_092917\" itemprop=\"image\" height=\"167\" width=\"499\" title=\"google_Badge_DE_RGB_blk_092917\" onerror=\"this.style.display='none'\"  \/>\n\t\t\t\t<\/a>\n\t\t\t\t<a href=\"https:\/\/b-sharpe.onelink.me\/OiRT\/e114bc79\" target=\"_blank\" rel=\"noopener\" itemprop=\"url\">\n\t\t\t\t<img decoding=\"async\" src=\"https:\/\/www.b-sharpe.com\/wp-content\/uploads\/2020\/11\/Download_on_the_App_Store_Badge_DE_RGB_blk_092917.jpg\" alt=\"Download_on_the_App_Store_Badge_DE_RGB_blk_092917\" itemprop=\"image\" height=\"167\" width=\"499\" title=\"Download_on_the_App_Store_Badge_DE_RGB_blk_092917\" onerror=\"this.style.display='none'\"  \/>\n\t\t\t\t<\/a>\n\n","protected":false},"excerpt":{"rendered":"<p>Verwaltung Ihrer Fremdw\u00e4hrungsdarlehen Nutzen Sie den g\u00fcnstigen Wechselkurs von b-sharpe, um Ihre Fremdw\u00e4hrungsdarlehen zu verwalten. Kostenlos anmelden Fremdw\u00e4hrungsdarlehen f\u00fcr den Kauf einer Immobilie Haben Sie ein Fremdw\u00e4hrungsdarlehen aufgenommen? Wir helfen Ihnen bei der Verwaltung Ihres Darlehens. Dank unserer abnehmenden Zinsen und unserer Erfahrung im Umgang mit umfangreichen Mengen sparen Sie bei jeder Transaktion. Zahlung der&hellip;<\/p>\n","protected":false},"author":15,"featured_media":0,"parent":0,"menu_order":0,"comment_status":"closed","ping_status":"closed","template":"","meta":{"_acf_changed":false,"footnotes":""},"class_list":["post-26925","page","type-page","status-publish","hentry"],"acf":[],"yoast_head":"<!-- This site is optimized with the Yoast SEO plugin v26.9 - https:\/\/yoast.com\/product\/yoast-seo-wordpress\/ -->\n<title>Verwaltung eines Fremdw\u00e4hrungsdarlehens mit dem Transaktionsteam von b-sharpe<\/title>\n<meta name=\"description\" content=\"Nutzen Sie einen g\u00fcnstigen Wechselkurs f\u00fcr die R\u00fcckzahlung von Darlehen oder um Hypothekenzinsen im Ausland bezahlen.\" \/>\n<meta name=\"robots\" content=\"index, follow, max-snippet:-1, max-image-preview:large, max-video-preview:-1\" \/>\n<link rel=\"canonical\" href=\"https:\/\/www.b-sharpe.com\/de\/darlehen-verwalten\/\" \/>\n<meta property=\"og:locale\" content=\"de_DE\" \/>\n<meta property=\"og:type\" content=\"article\" \/>\n<meta property=\"og:title\" content=\"Verwaltung eines Fremdw\u00e4hrungsdarlehens mit dem Transaktionsteam von b-sharpe\" \/>\n<meta property=\"og:description\" content=\"Nutzen Sie einen g\u00fcnstigen Wechselkurs f\u00fcr die R\u00fcckzahlung von Darlehen oder um Hypothekenzinsen im Ausland bezahlen.\" \/>\n<meta property=\"og:url\" content=\"https:\/\/www.b-sharpe.com\/de\/darlehen-verwalten\/\" \/>\n<meta property=\"og:site_name\" content=\"b-sharpe\" \/>\n<meta property=\"article:modified_time\" content=\"2022-01-18T15:10:09+00:00\" \/>\n<meta property=\"og:image\" content=\"https:\/\/www.b-sharpe.com\/wp-content\/uploads\/2021\/03\/Pret.png\" \/>\n<meta name=\"twitter:card\" content=\"summary_large_image\" \/>\n<script type=\"application\/ld+json\" class=\"yoast-schema-graph\">{\"@context\":\"https:\/\/schema.org\",\"@graph\":[{\"@type\":\"WebPage\",\"@id\":\"https:\/\/www.b-sharpe.com\/de\/darlehen-verwalten\/\",\"url\":\"https:\/\/www.b-sharpe.com\/de\/darlehen-verwalten\/\",\"name\":\"Verwaltung eines Fremdw\u00e4hrungsdarlehens mit dem Transaktionsteam von b-sharpe\",\"isPartOf\":{\"@id\":\"https:\/\/www.b-sharpe.com\/de\/#website\"},\"primaryImageOfPage\":{\"@id\":\"https:\/\/www.b-sharpe.com\/de\/darlehen-verwalten\/#primaryimage\"},\"image\":{\"@id\":\"https:\/\/www.b-sharpe.com\/de\/darlehen-verwalten\/#primaryimage\"},\"thumbnailUrl\":\"https:\/\/www.b-sharpe.com\/wp-content\/uploads\/2021\/03\/Pret.png\",\"datePublished\":\"2021-04-01T16:35:21+00:00\",\"dateModified\":\"2022-01-18T15:10:09+00:00\",\"description\":\"Nutzen Sie einen g\u00fcnstigen Wechselkurs f\u00fcr die R\u00fcckzahlung von Darlehen oder um Hypothekenzinsen im Ausland bezahlen.\",\"breadcrumb\":{\"@id\":\"https:\/\/www.b-sharpe.com\/de\/darlehen-verwalten\/#breadcrumb\"},\"inLanguage\":\"de\",\"potentialAction\":[{\"@type\":\"ReadAction\",\"target\":[\"https:\/\/www.b-sharpe.com\/de\/darlehen-verwalten\/\"]}]},{\"@type\":\"ImageObject\",\"inLanguage\":\"de\",\"@id\":\"https:\/\/www.b-sharpe.com\/de\/darlehen-verwalten\/#primaryimage\",\"url\":\"https:\/\/www.b-sharpe.com\/wp-content\/uploads\/2021\/03\/Pret.png\",\"contentUrl\":\"https:\/\/www.b-sharpe.com\/wp-content\/uploads\/2021\/03\/Pret.png\"},{\"@type\":\"BreadcrumbList\",\"@id\":\"https:\/\/www.b-sharpe.com\/de\/darlehen-verwalten\/#breadcrumb\",\"itemListElement\":[{\"@type\":\"ListItem\",\"position\":1,\"name\":\"Accueil\",\"item\":\"https:\/\/www.b-sharpe.com\/de\/\"},{\"@type\":\"ListItem\",\"position\":2,\"name\":\"Verwaltung eines Fremdw\u00e4hrungsdarlehens\"}]},{\"@type\":\"WebSite\",\"@id\":\"https:\/\/www.b-sharpe.com\/de\/#website\",\"url\":\"https:\/\/www.b-sharpe.com\/de\/\",\"name\":\"b-sharpe\",\"description\":\"Le change en ligne de qualit\u00e9 suisse\",\"potentialAction\":[{\"@type\":\"SearchAction\",\"target\":{\"@type\":\"EntryPoint\",\"urlTemplate\":\"https:\/\/www.b-sharpe.com\/de\/?s={search_term_string}\"},\"query-input\":{\"@type\":\"PropertyValueSpecification\",\"valueRequired\":true,\"valueName\":\"search_term_string\"}}],\"inLanguage\":\"de\"}]}<\/script>\n<!-- \/ Yoast SEO plugin. -->","yoast_head_json":{"title":"Verwaltung eines Fremdw\u00e4hrungsdarlehens mit dem Transaktionsteam von b-sharpe","description":"Nutzen Sie einen g\u00fcnstigen Wechselkurs f\u00fcr die R\u00fcckzahlung von Darlehen oder um Hypothekenzinsen im Ausland bezahlen.","robots":{"index":"index","follow":"follow","max-snippet":"max-snippet:-1","max-image-preview":"max-image-preview:large","max-video-preview":"max-video-preview:-1"},"canonical":"https:\/\/www.b-sharpe.com\/de\/darlehen-verwalten\/","og_locale":"de_DE","og_type":"article","og_title":"Verwaltung eines Fremdw\u00e4hrungsdarlehens mit dem Transaktionsteam von b-sharpe","og_description":"Nutzen Sie einen g\u00fcnstigen Wechselkurs f\u00fcr die R\u00fcckzahlung von Darlehen oder um Hypothekenzinsen im Ausland bezahlen.","og_url":"https:\/\/www.b-sharpe.com\/de\/darlehen-verwalten\/","og_site_name":"b-sharpe","article_modified_time":"2022-01-18T15:10:09+00:00","og_image":[{"url":"https:\/\/www.b-sharpe.com\/wp-content\/uploads\/2021\/03\/Pret.png","type":"","width":"","height":""}],"twitter_card":"summary_large_image","schema":{"@context":"https:\/\/schema.org","@graph":[{"@type":"WebPage","@id":"https:\/\/www.b-sharpe.com\/de\/darlehen-verwalten\/","url":"https:\/\/www.b-sharpe.com\/de\/darlehen-verwalten\/","name":"Verwaltung eines Fremdw\u00e4hrungsdarlehens mit dem Transaktionsteam von b-sharpe","isPartOf":{"@id":"https:\/\/www.b-sharpe.com\/de\/#website"},"primaryImageOfPage":{"@id":"https:\/\/www.b-sharpe.com\/de\/darlehen-verwalten\/#primaryimage"},"image":{"@id":"https:\/\/www.b-sharpe.com\/de\/darlehen-verwalten\/#primaryimage"},"thumbnailUrl":"https:\/\/www.b-sharpe.com\/wp-content\/uploads\/2021\/03\/Pret.png","datePublished":"2021-04-01T16:35:21+00:00","dateModified":"2022-01-18T15:10:09+00:00","description":"Nutzen Sie einen g\u00fcnstigen Wechselkurs f\u00fcr die R\u00fcckzahlung von Darlehen oder um Hypothekenzinsen im Ausland bezahlen.","breadcrumb":{"@id":"https:\/\/www.b-sharpe.com\/de\/darlehen-verwalten\/#breadcrumb"},"inLanguage":"de","potentialAction":[{"@type":"ReadAction","target":["https:\/\/www.b-sharpe.com\/de\/darlehen-verwalten\/"]}]},{"@type":"ImageObject","inLanguage":"de","@id":"https:\/\/www.b-sharpe.com\/de\/darlehen-verwalten\/#primaryimage","url":"https:\/\/www.b-sharpe.com\/wp-content\/uploads\/2021\/03\/Pret.png","contentUrl":"https:\/\/www.b-sharpe.com\/wp-content\/uploads\/2021\/03\/Pret.png"},{"@type":"BreadcrumbList","@id":"https:\/\/www.b-sharpe.com\/de\/darlehen-verwalten\/#breadcrumb","itemListElement":[{"@type":"ListItem","position":1,"name":"Accueil","item":"https:\/\/www.b-sharpe.com\/de\/"},{"@type":"ListItem","position":2,"name":"Verwaltung eines Fremdw\u00e4hrungsdarlehens"}]},{"@type":"WebSite","@id":"https:\/\/www.b-sharpe.com\/de\/#website","url":"https:\/\/www.b-sharpe.com\/de\/","name":"b-sharpe","description":"Le change en ligne de qualit\u00e9 suisse","potentialAction":[{"@type":"SearchAction","target":{"@type":"EntryPoint","urlTemplate":"https:\/\/www.b-sharpe.com\/de\/?s={search_term_string}"},"query-input":{"@type":"PropertyValueSpecification","valueRequired":true,"valueName":"search_term_string"}}],"inLanguage":"de"}]}},"_links":{"self":[{"href":"https:\/\/www.b-sharpe.com\/de\/wp-json\/wp\/v2\/pages\/26925","targetHints":{"allow":["GET"]}}],"collection":[{"href":"https:\/\/www.b-sharpe.com\/de\/wp-json\/wp\/v2\/pages"}],"about":[{"href":"https:\/\/www.b-sharpe.com\/de\/wp-json\/wp\/v2\/types\/page"}],"author":[{"embeddable":true,"href":"https:\/\/www.b-sharpe.com\/de\/wp-json\/wp\/v2\/users\/15"}],"replies":[{"embeddable":true,"href":"https:\/\/www.b-sharpe.com\/de\/wp-json\/wp\/v2\/comments?post=26925"}],"version-history":[{"count":1,"href":"https:\/\/www.b-sharpe.com\/de\/wp-json\/wp\/v2\/pages\/26925\/revisions"}],"predecessor-version":[{"id":414716,"href":"https:\/\/www.b-sharpe.com\/de\/wp-json\/wp\/v2\/pages\/26925\/revisions\/414716"}],"wp:attachment":[{"href":"https:\/\/www.b-sharpe.com\/de\/wp-json\/wp\/v2\/media?parent=26925"}],"curies":[{"name":"wp","href":"https:\/\/api.w.org\/{rel}","templated":true}]}}