{"id":26919,"date":"2021-04-01T16:26:07","date_gmt":"2021-04-01T16:26:07","guid":{"rendered":"https:\/\/stagingvitrine.ad-bs.ch\/?page_id=26919"},"modified":"2024-04-11T12:07:39","modified_gmt":"2024-04-11T12:07:39","slug":"rueckfuehrung-ihrer-ersparnisse","status":"publish","type":"page","link":"https:\/\/www.b-sharpe.com\/de\/rueckfuehrung-ihrer-ersparnisse\/","title":{"rendered":"Ersparnisse"},"content":{"rendered":"\n<h1>\n\t\tF\u00fchren Sie Ihre Ersparnisse zur\u00fcck\n\t<\/h1>\n\t<p>b-sharpe begleitet Sie bei der R\u00fcckf\u00fchrung Ihrer pers\u00f6nlichen Ersparnisse oder des Geldes Ihrer 2. oder 3. S\u00e4ule.<\/p>\n\t\t\t<a href=\"https:\/\/secure.b-sharpe.com\/auth\/registration\/private\/?language=de\" target=\"_self\" role=\"button\" rel=\"noopener\">\n\t\t\t\t\t\t\tKostenlos anmelden\n\t\t\t\t\t<\/a>\n\t\t\t\t<img decoding=\"async\" src=\"https:\/\/www.b-sharpe.com\/wp-content\/uploads\/2021\/03\/Webmobile.png\" alt=\"Web&amp;mobile\" itemprop=\"image\" height=\"572\" width=\"572\" title=\"Web&amp;mobile\" onerror=\"this.style.display='none'\">\n<h2>\n\t\tb-sharpe f\u00fcr jede Situation\n\t<\/h2>\n\t\t\t<p>\u00dcbertragung Ihrer Ersparnisse zwischen verschiedenen L\u00e4ndern<\/p>\t\t\t\n\t\t\t<p>R\u00fcckf\u00fchrung der 2. und\/oder 3. S\u00e4ule<\/p>\t\t\t\n\t\t\t<p>Bezug der Rente (Altersrente oder Sonstige)<\/p>\t\t\t\n<h2>\n\t\tUnser Experten-Team steht Ihnen zur Verf\u00fcgung\n\t<\/h2>\n\t\t\t\t<img decoding=\"async\" src=\"https:\/\/www.b-sharpe.com\/wp-content\/uploads\/2021\/03\/control.svg\" alt=\"\" title=\"\" itemprop=\"image\">\n\t\t<h3>Unser Kundendienst ist immer f\u00fcr Sie erreichbar<\/h3>\t\t\t\n\t\t\t\t<p>Unser Kundendienst steht per E-Mail, Telefon und Chat zur Verf\u00fcgung, um Ihre Fragen zu beantworten und Sie bei Ihrem Vorhaben zu begleiten<\/p>\n\t\t\t\t<img decoding=\"async\" src=\"https:\/\/www.b-sharpe.com\/wp-content\/uploads\/2021\/03\/Mobile.svg\" alt=\"\" title=\"\" itemprop=\"image\">\n\t\t<h3>Sofortiger Zugriff auf Ihre Transaktionen<\/h3>\t\t\t\n\t\t\t\t<p>Die mobile App begleitet Sie in jeder Situation durch den Tag<\/p>\n\t\t\t\t<img decoding=\"async\" src=\"https:\/\/www.b-sharpe.com\/wp-content\/uploads\/2021\/03\/Desktop.svg\" alt=\"\" title=\"\" itemprop=\"image\">\n\t\t<h3>Pers\u00f6nlicher Online-Bereich<\/h3>\t\t\t\n\t\t\t\t<p>Die Desktop-Arbeitsfl\u00e4che bietet Ihnen die n\u00f6tige Flexibilit\u00e4t f\u00fcr all Ihre Aktivit\u00e4ten<\/p>\n\t\t\t<a href=\"\/de\/kontakt\/\" target=\"_self\" role=\"button\" rel=\"noopener\">\n\t\t\t\t\t\t\tDen Kundenservice kontaktieren\n\t\t\t\t\t<\/a>\n<h2>\n\t\tWie funktioniert unser Service?\n\t<\/h2>\n\t\t\t\t<img decoding=\"async\" src=\"https:\/\/www.b-sharpe.com\/wp-content\/uploads\/2021\/03\/numero1.svg\" alt=\"\" title=\"\" itemprop=\"image\">\n\t\t\t\t<p>Schnelle und kostenlose Anmeldung<\/p>\n\t\t\t\t<img decoding=\"async\" src=\"https:\/\/www.b-sharpe.com\/wp-content\/uploads\/2021\/03\/numero-2.svg\" alt=\"\" title=\"\" itemprop=\"image\">\n\t\t\t\t<p>F\u00fcgen Sie Informationen f\u00fcr Ihre Zahlungsempf\u00e4nger hinzu: Bankverbindung und Zahlungsnachweis im Zuge einer Rechnungszahlung.<\/p>\n\t\t\t\t<img decoding=\"async\" src=\"https:\/\/www.b-sharpe.com\/wp-content\/uploads\/2021\/03\/numero-3.svg\" alt=\"\" title=\"\" itemprop=\"image\">\n\t\t\t\t<p>Geben Sie bei der \u00dcberweisung den Betrag und das Empf\u00e4ngerkonto an, auf das Sie den Umtausch erhalten m\u00f6chten<\/p>\n\t\t\t\t<img decoding=\"async\" src=\"https:\/\/www.b-sharpe.com\/wp-content\/uploads\/2021\/03\/numero-4.svg\" alt=\"\" title=\"\" itemprop=\"image\">\n\t\t\t\t<p>Nach Empfang Ihres Geldes f\u00fchren wir die \u00dcberweisung innerhalb von 24 Stunden oder am n\u00e4chsten Werktag durch<\/p>\n<h2>\n\t\tNutzen Sie die verschiedenen Funktionen\n\t<\/h2>\n\t\t\t\t<p>W\u00e4hrend der Gesch\u00e4ftszeiten k\u00f6nnen Sie den Wechselkurs vorab telefonisch sichern<\/p>\n\t\t\t\t<p>F\u00fcgen Sie verschiedenen Empf\u00e4ngerkonten hinzu<\/p>\n\t\t\t\t<p>Sie werden informiert, sobald Ihre Devisen den gew\u00fcnschten Kurs erreichen<\/p>\n\t\t\t\t<a href=\"https:\/\/b-sharpe.onelink.me\/6mPv\/57dc4a92\" target=\"_blank\" rel=\"noopener\" itemprop=\"url\">\n\t\t\t\t<img decoding=\"async\" src=\"https:\/\/www.b-sharpe.com\/wp-content\/uploads\/2020\/11\/google_Badge_DE_RGB_blk_092917.jpg\" alt=\"google_Badge_DE_RGB_blk_092917\" itemprop=\"image\" height=\"167\" width=\"499\" title=\"google_Badge_DE_RGB_blk_092917\" onerror=\"this.style.display='none'\">\n\t\t\t\t<\/a>\n\t\t\t\t<a href=\"https:\/\/b-sharpe.onelink.me\/OiRT\/e114bc79\" target=\"_blank\" rel=\"noopener\" itemprop=\"url\">\n\t\t\t\t<img decoding=\"async\" src=\"https:\/\/www.b-sharpe.com\/wp-content\/uploads\/2020\/11\/Download_on_the_App_Store_Badge_DE_RGB_blk_092917.jpg\" alt=\"Download_on_the_App_Store_Badge_DE_RGB_blk_092917\" itemprop=\"image\" height=\"167\" width=\"499\" title=\"Download_on_the_App_Store_Badge_DE_RGB_blk_092917\" onerror=\"this.style.display='none'\">\n\t\t\t\t<\/a>\n","protected":false},"excerpt":{"rendered":"<p>F\u00fchren Sie Ihre Ersparnisse zur\u00fcck b-sharpe begleitet Sie bei der R\u00fcckf\u00fchrung Ihrer pers\u00f6nlichen Ersparnisse oder des Geldes Ihrer 2. oder 3. S\u00e4ule. Kostenlos anmelden b-sharpe f\u00fcr jede Situation \u00dcbertragung Ihrer Ersparnisse zwischen verschiedenen L\u00e4ndern R\u00fcckf\u00fchrung der 2. und\/oder 3. S\u00e4ule Bezug der Rente (Altersrente oder Sonstige) Unser Experten-Team steht Ihnen zur Verf\u00fcgung Unser Kundendienst ist&hellip;<\/p>\n","protected":false},"author":15,"featured_media":0,"parent":0,"menu_order":0,"comment_status":"closed","ping_status":"closed","template":"","meta":{"_acf_changed":false,"footnotes":""},"class_list":["post-26919","page","type-page","status-publish","hentry"],"acf":[],"yoast_head":"<!-- This site is optimized with the Yoast SEO plugin v26.9 - https:\/\/yoast.com\/product\/yoast-seo-wordpress\/ -->\n<title>R\u00fcckf\u00fchrung Ihrer Ersparnisse oder Ihrer 2. oder 3. S\u00e4ule dank b-sharpe<\/title>\n<meta name=\"description\" content=\"Mit b-sharpe ist die R\u00fcckf\u00fchrung Ihrer Ersparnisse so einfach wie nie zuvor. Ein g\u00fcnstiger Wechselkurs und ein immer erreichbarer Kundenservice.\" \/>\n<meta name=\"robots\" content=\"index, follow, max-snippet:-1, max-image-preview:large, max-video-preview:-1\" \/>\n<link rel=\"canonical\" href=\"https:\/\/www.b-sharpe.com\/de\/rueckfuehrung-ihrer-ersparnisse\/\" \/>\n<meta property=\"og:locale\" content=\"de_DE\" \/>\n<meta property=\"og:type\" content=\"article\" \/>\n<meta property=\"og:title\" content=\"R\u00fcckf\u00fchrung Ihrer Ersparnisse oder Ihrer 2. oder 3. S\u00e4ule dank b-sharpe\" \/>\n<meta property=\"og:description\" content=\"Mit b-sharpe ist die R\u00fcckf\u00fchrung Ihrer Ersparnisse so einfach wie nie zuvor. Ein g\u00fcnstiger Wechselkurs und ein immer erreichbarer Kundenservice.\" \/>\n<meta property=\"og:url\" content=\"https:\/\/www.b-sharpe.com\/de\/rueckfuehrung-ihrer-ersparnisse\/\" \/>\n<meta property=\"og:site_name\" content=\"b-sharpe\" \/>\n<meta property=\"article:modified_time\" content=\"2024-04-11T12:07:39+00:00\" \/>\n<meta property=\"og:image\" content=\"https:\/\/www.b-sharpe.com\/wp-content\/uploads\/2021\/03\/Webmobile.png\" \/>\n<meta name=\"twitter:card\" content=\"summary_large_image\" \/>\n<meta name=\"twitter:label1\" content=\"Gesch\u00e4tzte Lesezeit\" \/>\n\t<meta name=\"twitter:data1\" content=\"4\u00a0Minuten\" \/>\n<script type=\"application\/ld+json\" class=\"yoast-schema-graph\">{\"@context\":\"https:\/\/schema.org\",\"@graph\":[{\"@type\":\"WebPage\",\"@id\":\"https:\/\/www.b-sharpe.com\/de\/rueckfuehrung-ihrer-ersparnisse\/\",\"url\":\"https:\/\/www.b-sharpe.com\/de\/rueckfuehrung-ihrer-ersparnisse\/\",\"name\":\"R\u00fcckf\u00fchrung Ihrer Ersparnisse oder Ihrer 2. oder 3. S\u00e4ule dank b-sharpe\",\"isPartOf\":{\"@id\":\"https:\/\/www.b-sharpe.com\/de\/#website\"},\"primaryImageOfPage\":{\"@id\":\"https:\/\/www.b-sharpe.com\/de\/rueckfuehrung-ihrer-ersparnisse\/#primaryimage\"},\"image\":{\"@id\":\"https:\/\/www.b-sharpe.com\/de\/rueckfuehrung-ihrer-ersparnisse\/#primaryimage\"},\"thumbnailUrl\":\"https:\/\/www.b-sharpe.com\/wp-content\/uploads\/2021\/03\/Webmobile.png\",\"datePublished\":\"2021-04-01T16:26:07+00:00\",\"dateModified\":\"2024-04-11T12:07:39+00:00\",\"description\":\"Mit b-sharpe ist die R\u00fcckf\u00fchrung Ihrer Ersparnisse so einfach wie nie zuvor. Ein g\u00fcnstiger Wechselkurs und ein immer erreichbarer Kundenservice.\",\"breadcrumb\":{\"@id\":\"https:\/\/www.b-sharpe.com\/de\/rueckfuehrung-ihrer-ersparnisse\/#breadcrumb\"},\"inLanguage\":\"de\",\"potentialAction\":[{\"@type\":\"ReadAction\",\"target\":[\"https:\/\/www.b-sharpe.com\/de\/rueckfuehrung-ihrer-ersparnisse\/\"]}]},{\"@type\":\"ImageObject\",\"inLanguage\":\"de\",\"@id\":\"https:\/\/www.b-sharpe.com\/de\/rueckfuehrung-ihrer-ersparnisse\/#primaryimage\",\"url\":\"https:\/\/www.b-sharpe.com\/wp-content\/uploads\/2021\/03\/Webmobile.png\",\"contentUrl\":\"https:\/\/www.b-sharpe.com\/wp-content\/uploads\/2021\/03\/Webmobile.png\"},{\"@type\":\"BreadcrumbList\",\"@id\":\"https:\/\/www.b-sharpe.com\/de\/rueckfuehrung-ihrer-ersparnisse\/#breadcrumb\",\"itemListElement\":[{\"@type\":\"ListItem\",\"position\":1,\"name\":\"Accueil\",\"item\":\"https:\/\/www.b-sharpe.com\/de\/\"},{\"@type\":\"ListItem\",\"position\":2,\"name\":\"Ersparnisse\"}]},{\"@type\":\"WebSite\",\"@id\":\"https:\/\/www.b-sharpe.com\/de\/#website\",\"url\":\"https:\/\/www.b-sharpe.com\/de\/\",\"name\":\"b-sharpe\",\"description\":\"Le change en ligne de qualit\u00e9 suisse\",\"potentialAction\":[{\"@type\":\"SearchAction\",\"target\":{\"@type\":\"EntryPoint\",\"urlTemplate\":\"https:\/\/www.b-sharpe.com\/de\/?s={search_term_string}\"},\"query-input\":{\"@type\":\"PropertyValueSpecification\",\"valueRequired\":true,\"valueName\":\"search_term_string\"}}],\"inLanguage\":\"de\"}]}<\/script>\n<!-- \/ Yoast SEO plugin. -->","yoast_head_json":{"title":"R\u00fcckf\u00fchrung Ihrer Ersparnisse oder Ihrer 2. oder 3. S\u00e4ule dank b-sharpe","description":"Mit b-sharpe ist die R\u00fcckf\u00fchrung Ihrer Ersparnisse so einfach wie nie zuvor. Ein g\u00fcnstiger Wechselkurs und ein immer erreichbarer Kundenservice.","robots":{"index":"index","follow":"follow","max-snippet":"max-snippet:-1","max-image-preview":"max-image-preview:large","max-video-preview":"max-video-preview:-1"},"canonical":"https:\/\/www.b-sharpe.com\/de\/rueckfuehrung-ihrer-ersparnisse\/","og_locale":"de_DE","og_type":"article","og_title":"R\u00fcckf\u00fchrung Ihrer Ersparnisse oder Ihrer 2. oder 3. S\u00e4ule dank b-sharpe","og_description":"Mit b-sharpe ist die R\u00fcckf\u00fchrung Ihrer Ersparnisse so einfach wie nie zuvor. Ein g\u00fcnstiger Wechselkurs und ein immer erreichbarer Kundenservice.","og_url":"https:\/\/www.b-sharpe.com\/de\/rueckfuehrung-ihrer-ersparnisse\/","og_site_name":"b-sharpe","article_modified_time":"2024-04-11T12:07:39+00:00","og_image":[{"url":"https:\/\/www.b-sharpe.com\/wp-content\/uploads\/2021\/03\/Webmobile.png","type":"","width":"","height":""}],"twitter_card":"summary_large_image","twitter_misc":{"Gesch\u00e4tzte Lesezeit":"4\u00a0Minuten"},"schema":{"@context":"https:\/\/schema.org","@graph":[{"@type":"WebPage","@id":"https:\/\/www.b-sharpe.com\/de\/rueckfuehrung-ihrer-ersparnisse\/","url":"https:\/\/www.b-sharpe.com\/de\/rueckfuehrung-ihrer-ersparnisse\/","name":"R\u00fcckf\u00fchrung Ihrer Ersparnisse oder Ihrer 2. oder 3. S\u00e4ule dank b-sharpe","isPartOf":{"@id":"https:\/\/www.b-sharpe.com\/de\/#website"},"primaryImageOfPage":{"@id":"https:\/\/www.b-sharpe.com\/de\/rueckfuehrung-ihrer-ersparnisse\/#primaryimage"},"image":{"@id":"https:\/\/www.b-sharpe.com\/de\/rueckfuehrung-ihrer-ersparnisse\/#primaryimage"},"thumbnailUrl":"https:\/\/www.b-sharpe.com\/wp-content\/uploads\/2021\/03\/Webmobile.png","datePublished":"2021-04-01T16:26:07+00:00","dateModified":"2024-04-11T12:07:39+00:00","description":"Mit b-sharpe ist die R\u00fcckf\u00fchrung Ihrer Ersparnisse so einfach wie nie zuvor. Ein g\u00fcnstiger Wechselkurs und ein immer erreichbarer Kundenservice.","breadcrumb":{"@id":"https:\/\/www.b-sharpe.com\/de\/rueckfuehrung-ihrer-ersparnisse\/#breadcrumb"},"inLanguage":"de","potentialAction":[{"@type":"ReadAction","target":["https:\/\/www.b-sharpe.com\/de\/rueckfuehrung-ihrer-ersparnisse\/"]}]},{"@type":"ImageObject","inLanguage":"de","@id":"https:\/\/www.b-sharpe.com\/de\/rueckfuehrung-ihrer-ersparnisse\/#primaryimage","url":"https:\/\/www.b-sharpe.com\/wp-content\/uploads\/2021\/03\/Webmobile.png","contentUrl":"https:\/\/www.b-sharpe.com\/wp-content\/uploads\/2021\/03\/Webmobile.png"},{"@type":"BreadcrumbList","@id":"https:\/\/www.b-sharpe.com\/de\/rueckfuehrung-ihrer-ersparnisse\/#breadcrumb","itemListElement":[{"@type":"ListItem","position":1,"name":"Accueil","item":"https:\/\/www.b-sharpe.com\/de\/"},{"@type":"ListItem","position":2,"name":"Ersparnisse"}]},{"@type":"WebSite","@id":"https:\/\/www.b-sharpe.com\/de\/#website","url":"https:\/\/www.b-sharpe.com\/de\/","name":"b-sharpe","description":"Le change en ligne de qualit\u00e9 suisse","potentialAction":[{"@type":"SearchAction","target":{"@type":"EntryPoint","urlTemplate":"https:\/\/www.b-sharpe.com\/de\/?s={search_term_string}"},"query-input":{"@type":"PropertyValueSpecification","valueRequired":true,"valueName":"search_term_string"}}],"inLanguage":"de"}]}},"_links":{"self":[{"href":"https:\/\/www.b-sharpe.com\/de\/wp-json\/wp\/v2\/pages\/26919","targetHints":{"allow":["GET"]}}],"collection":[{"href":"https:\/\/www.b-sharpe.com\/de\/wp-json\/wp\/v2\/pages"}],"about":[{"href":"https:\/\/www.b-sharpe.com\/de\/wp-json\/wp\/v2\/types\/page"}],"author":[{"embeddable":true,"href":"https:\/\/www.b-sharpe.com\/de\/wp-json\/wp\/v2\/users\/15"}],"replies":[{"embeddable":true,"href":"https:\/\/www.b-sharpe.com\/de\/wp-json\/wp\/v2\/comments?post=26919"}],"version-history":[{"count":2,"href":"https:\/\/www.b-sharpe.com\/de\/wp-json\/wp\/v2\/pages\/26919\/revisions"}],"predecessor-version":[{"id":420641,"href":"https:\/\/www.b-sharpe.com\/de\/wp-json\/wp\/v2\/pages\/26919\/revisions\/420641"}],"wp:attachment":[{"href":"https:\/\/www.b-sharpe.com\/de\/wp-json\/wp\/v2\/media?parent=26919"}],"curies":[{"name":"wp","href":"https:\/\/api.w.org\/{rel}","templated":true}]}}