{"id":26916,"date":"2021-04-01T16:20:49","date_gmt":"2021-04-01T16:20:49","guid":{"rendered":"https:\/\/stagingvitrine.ad-bs.ch\/?page_id=26916"},"modified":"2024-04-11T13:35:12","modified_gmt":"2024-04-11T13:35:12","slug":"immobilientransaktionen","status":"publish","type":"page","link":"https:\/\/www.b-sharpe.com\/de\/immobilientransaktionen\/","title":{"rendered":"Immobilientransaktionen"},"content":{"rendered":"\n<h1>\n\t\tSparen Sie bei Immobilientransaktionen im Ausland\n\t<\/h1>\n\t<p>F\u00fcr erfolgreiche Immobilientransaktionen ist ein g\u00fcnstiger Wechselkurs notwendig.<\/p>\n\t\t\t<a href=\"https:\/\/secure.b-sharpe.com\/auth\/registration\/private\/?language=de\" target=\"_self\" role=\"button\" rel=\"noopener\">\n\t\t\t\t\t\t\tKostenlos anmelden\n\t\t\t\t\t<\/a>\n\t\t\t\t<img decoding=\"async\" src=\"https:\/\/www.b-sharpe.com\/wp-content\/uploads\/2021\/03\/Transactions-immobilieres.png\" alt=\"Transactions immobili\u00e8res\" itemprop=\"image\" height=\"572\" width=\"572\" title=\"Transactions immobili\u00e8res\" onerror=\"this.style.display='none'\">\n\t\t\t\t<img decoding=\"async\" src=\"https:\/\/www.b-sharpe.com\/wp-content\/uploads\/2021\/03\/Achat-immobilier-1.png\" alt=\"Achat immobilier (1)\" itemprop=\"image\" height=\"572\" width=\"572\" title=\"Achat immobilier (1)\" onerror=\"this.style.display='none'\">\n\t\t\t\t<img decoding=\"async\" src=\"https:\/\/www.b-sharpe.com\/wp-content\/plugins\/bb-plugin\/img\/pixel.png\" alt=\"\" itemprop=\"image\" onerror=\"this.style.display='none'\">\n<h2>\n\t\tKauf \/ Verkauf von Immobilien\n\t<\/h2>\n\t\t\t\t<p>Sichern Sie sich Ihren Wechselkurs zum g\u00fcnstigsten Zeitpunkt per Telefon<\/p>\n\t\t\t\t<p>Geld sparen dank eines g\u00fcnstigen Wechselkurses<\/p>\n\t\t\t\t<p>Unser Kundenservice begleitet Sie bei jedem Schritt Ihrer Transaktion<\/p>\n<h2>\n\t\tWir unterst\u00fctzen Sie bei allen Vorg\u00e4ngen\n\t<\/h2>\n\t\t\t\t<img decoding=\"async\" src=\"https:\/\/www.b-sharpe.com\/wp-content\/uploads\/2021\/03\/Loyer.svg\" alt=\"Loyer\" title=\"Loyer\" itemprop=\"image\">\n\t\t<h3>Zahlung der Miete<\/h3>\t\t\t\n\t\t\t\t<p>Bezahlen Sie Ihre Miete ohne ein Konto in der verlangten W\u00e4hrung zu ben\u00f6tigen.<\/p>\n\t\t\t\t<img decoding=\"async\" src=\"https:\/\/www.b-sharpe.com\/wp-content\/uploads\/2021\/03\/travaux.svg\" alt=\"travaux\" title=\"travaux\" itemprop=\"image\">\n\t\t<h3>Zahlung von Renovierungsarbeiten<\/h3>\t\t\t\n\t\t\t\t<p>Bezahlen Sie Handwerker in der W\u00e4hrung Ihrer Wahl.<\/p>\n\t\t\t\t<img decoding=\"async\" src=\"https:\/\/www.b-sharpe.com\/wp-content\/uploads\/2021\/03\/Bill.svg\" alt=\"Bill\" title=\"Bill\" itemprop=\"image\">\n\t\t<h3>Notarielle Gesch\u00e4fte<\/h3>\t\t\t\n\t\t\t\t<p>F\u00fchren Sie Immobiliengesch\u00e4fte durch und bezahlen Sie die Notargeb\u00fchren \u00fcber unseren Service.<\/p>\n\t\t\t\t<img decoding=\"async\" src=\"https:\/\/www.b-sharpe.com\/wp-content\/uploads\/2021\/03\/bourse.svg\" alt=\"bourse\" title=\"bourse\" itemprop=\"image\">\n\t\t<h3>Anzahlungen<\/h3>\t\t\t\n\t\t\t\t<p>Beginnen Sie mit dem Sparen, sobald Sie die Anzahlung f\u00fcr Ihre n\u00e4chste Immobilie geleistet haben.<\/p>\n<h2>\n\t\tEin Experten-Team\n\t<\/h2>\n\t<p>Unser Kundenservice steht per E-Mail, Telefon und Chat zur Verf\u00fcgung, um Ihre Fragen zu beantworten und Sie bei Ihrem Vorhaben zu begleiten<\/p>\n\t\t\t<a href=\"\/de\/kontakt\/\" target=\"_self\" role=\"button\" rel=\"noopener\">\n\t\t\t\t\t\t\tDen Kundenservice kontaktieren\n\t\t\t\t\t<\/a>\n","protected":false},"excerpt":{"rendered":"<p>Sparen Sie bei Immobilientransaktionen im Ausland F\u00fcr erfolgreiche Immobilientransaktionen ist ein g\u00fcnstiger Wechselkurs notwendig. Kostenlos anmelden Kauf \/ Verkauf von Immobilien Sichern Sie sich Ihren Wechselkurs zum g\u00fcnstigsten Zeitpunkt per Telefon Geld sparen dank eines g\u00fcnstigen Wechselkurses Unser Kundenservice begleitet Sie bei jedem Schritt Ihrer Transaktion Wir unterst\u00fctzen Sie bei allen Vorg\u00e4ngen Zahlung der Miete&hellip;<\/p>\n","protected":false},"author":15,"featured_media":0,"parent":0,"menu_order":0,"comment_status":"closed","ping_status":"closed","template":"","meta":{"_acf_changed":false,"footnotes":""},"class_list":["post-26916","page","type-page","status-publish","hentry"],"acf":[],"yoast_head":"<!-- This site is optimized with the Yoast SEO plugin v26.9 - https:\/\/yoast.com\/product\/yoast-seo-wordpress\/ -->\n<title>W\u00e4hrungsumtausch f\u00fcr Ihre Immobilientransaktionen<\/title>\n<meta name=\"description\" content=\"Nutzen Sie unseren g\u00fcnstigen Wechselkurs, um Renovierungsarbeiten oder die Miete zu bezahlen oder zum Kauf\/Verkauf von Immobilien.\" \/>\n<meta name=\"robots\" content=\"index, follow, max-snippet:-1, max-image-preview:large, max-video-preview:-1\" \/>\n<link rel=\"canonical\" href=\"https:\/\/www.b-sharpe.com\/de\/immobilientransaktionen\/\" \/>\n<meta property=\"og:locale\" content=\"de_DE\" \/>\n<meta property=\"og:type\" content=\"article\" \/>\n<meta property=\"og:title\" content=\"W\u00e4hrungsumtausch f\u00fcr Ihre Immobilientransaktionen\" \/>\n<meta property=\"og:description\" content=\"Nutzen Sie unseren g\u00fcnstigen Wechselkurs, um Renovierungsarbeiten oder die Miete zu bezahlen oder zum Kauf\/Verkauf von Immobilien.\" \/>\n<meta property=\"og:url\" content=\"https:\/\/www.b-sharpe.com\/de\/immobilientransaktionen\/\" \/>\n<meta property=\"og:site_name\" content=\"b-sharpe\" \/>\n<meta property=\"article:modified_time\" content=\"2024-04-11T13:35:12+00:00\" \/>\n<meta property=\"og:image\" content=\"https:\/\/www.b-sharpe.com\/wp-content\/uploads\/2021\/03\/Transactions-immobilieres.png\" \/>\n<meta name=\"twitter:card\" content=\"summary_large_image\" \/>\n<meta name=\"twitter:label1\" content=\"Gesch\u00e4tzte Lesezeit\" \/>\n\t<meta name=\"twitter:data1\" content=\"3\u00a0Minuten\" \/>\n<script type=\"application\/ld+json\" class=\"yoast-schema-graph\">{\"@context\":\"https:\/\/schema.org\",\"@graph\":[{\"@type\":\"WebPage\",\"@id\":\"https:\/\/www.b-sharpe.com\/de\/immobilientransaktionen\/\",\"url\":\"https:\/\/www.b-sharpe.com\/de\/immobilientransaktionen\/\",\"name\":\"W\u00e4hrungsumtausch f\u00fcr Ihre Immobilientransaktionen\",\"isPartOf\":{\"@id\":\"https:\/\/www.b-sharpe.com\/de\/#website\"},\"primaryImageOfPage\":{\"@id\":\"https:\/\/www.b-sharpe.com\/de\/immobilientransaktionen\/#primaryimage\"},\"image\":{\"@id\":\"https:\/\/www.b-sharpe.com\/de\/immobilientransaktionen\/#primaryimage\"},\"thumbnailUrl\":\"https:\/\/www.b-sharpe.com\/wp-content\/uploads\/2021\/03\/Transactions-immobilieres.png\",\"datePublished\":\"2021-04-01T16:20:49+00:00\",\"dateModified\":\"2024-04-11T13:35:12+00:00\",\"description\":\"Nutzen Sie unseren g\u00fcnstigen Wechselkurs, um Renovierungsarbeiten oder die Miete zu bezahlen oder zum Kauf\/Verkauf von Immobilien.\",\"breadcrumb\":{\"@id\":\"https:\/\/www.b-sharpe.com\/de\/immobilientransaktionen\/#breadcrumb\"},\"inLanguage\":\"de\",\"potentialAction\":[{\"@type\":\"ReadAction\",\"target\":[\"https:\/\/www.b-sharpe.com\/de\/immobilientransaktionen\/\"]}]},{\"@type\":\"ImageObject\",\"inLanguage\":\"de\",\"@id\":\"https:\/\/www.b-sharpe.com\/de\/immobilientransaktionen\/#primaryimage\",\"url\":\"https:\/\/www.b-sharpe.com\/wp-content\/uploads\/2021\/03\/Transactions-immobilieres.png\",\"contentUrl\":\"https:\/\/www.b-sharpe.com\/wp-content\/uploads\/2021\/03\/Transactions-immobilieres.png\"},{\"@type\":\"BreadcrumbList\",\"@id\":\"https:\/\/www.b-sharpe.com\/de\/immobilientransaktionen\/#breadcrumb\",\"itemListElement\":[{\"@type\":\"ListItem\",\"position\":1,\"name\":\"Accueil\",\"item\":\"https:\/\/www.b-sharpe.com\/de\/\"},{\"@type\":\"ListItem\",\"position\":2,\"name\":\"Immobilientransaktionen\"}]},{\"@type\":\"WebSite\",\"@id\":\"https:\/\/www.b-sharpe.com\/de\/#website\",\"url\":\"https:\/\/www.b-sharpe.com\/de\/\",\"name\":\"b-sharpe\",\"description\":\"Le change en ligne de qualit\u00e9 suisse\",\"potentialAction\":[{\"@type\":\"SearchAction\",\"target\":{\"@type\":\"EntryPoint\",\"urlTemplate\":\"https:\/\/www.b-sharpe.com\/de\/?s={search_term_string}\"},\"query-input\":{\"@type\":\"PropertyValueSpecification\",\"valueRequired\":true,\"valueName\":\"search_term_string\"}}],\"inLanguage\":\"de\"}]}<\/script>\n<!-- \/ Yoast SEO plugin. -->","yoast_head_json":{"title":"W\u00e4hrungsumtausch f\u00fcr Ihre Immobilientransaktionen","description":"Nutzen Sie unseren g\u00fcnstigen Wechselkurs, um Renovierungsarbeiten oder die Miete zu bezahlen oder zum Kauf\/Verkauf von Immobilien.","robots":{"index":"index","follow":"follow","max-snippet":"max-snippet:-1","max-image-preview":"max-image-preview:large","max-video-preview":"max-video-preview:-1"},"canonical":"https:\/\/www.b-sharpe.com\/de\/immobilientransaktionen\/","og_locale":"de_DE","og_type":"article","og_title":"W\u00e4hrungsumtausch f\u00fcr Ihre Immobilientransaktionen","og_description":"Nutzen Sie unseren g\u00fcnstigen Wechselkurs, um Renovierungsarbeiten oder die Miete zu bezahlen oder zum Kauf\/Verkauf von Immobilien.","og_url":"https:\/\/www.b-sharpe.com\/de\/immobilientransaktionen\/","og_site_name":"b-sharpe","article_modified_time":"2024-04-11T13:35:12+00:00","og_image":[{"url":"https:\/\/www.b-sharpe.com\/wp-content\/uploads\/2021\/03\/Transactions-immobilieres.png","type":"","width":"","height":""}],"twitter_card":"summary_large_image","twitter_misc":{"Gesch\u00e4tzte Lesezeit":"3\u00a0Minuten"},"schema":{"@context":"https:\/\/schema.org","@graph":[{"@type":"WebPage","@id":"https:\/\/www.b-sharpe.com\/de\/immobilientransaktionen\/","url":"https:\/\/www.b-sharpe.com\/de\/immobilientransaktionen\/","name":"W\u00e4hrungsumtausch f\u00fcr Ihre Immobilientransaktionen","isPartOf":{"@id":"https:\/\/www.b-sharpe.com\/de\/#website"},"primaryImageOfPage":{"@id":"https:\/\/www.b-sharpe.com\/de\/immobilientransaktionen\/#primaryimage"},"image":{"@id":"https:\/\/www.b-sharpe.com\/de\/immobilientransaktionen\/#primaryimage"},"thumbnailUrl":"https:\/\/www.b-sharpe.com\/wp-content\/uploads\/2021\/03\/Transactions-immobilieres.png","datePublished":"2021-04-01T16:20:49+00:00","dateModified":"2024-04-11T13:35:12+00:00","description":"Nutzen Sie unseren g\u00fcnstigen Wechselkurs, um Renovierungsarbeiten oder die Miete zu bezahlen oder zum Kauf\/Verkauf von Immobilien.","breadcrumb":{"@id":"https:\/\/www.b-sharpe.com\/de\/immobilientransaktionen\/#breadcrumb"},"inLanguage":"de","potentialAction":[{"@type":"ReadAction","target":["https:\/\/www.b-sharpe.com\/de\/immobilientransaktionen\/"]}]},{"@type":"ImageObject","inLanguage":"de","@id":"https:\/\/www.b-sharpe.com\/de\/immobilientransaktionen\/#primaryimage","url":"https:\/\/www.b-sharpe.com\/wp-content\/uploads\/2021\/03\/Transactions-immobilieres.png","contentUrl":"https:\/\/www.b-sharpe.com\/wp-content\/uploads\/2021\/03\/Transactions-immobilieres.png"},{"@type":"BreadcrumbList","@id":"https:\/\/www.b-sharpe.com\/de\/immobilientransaktionen\/#breadcrumb","itemListElement":[{"@type":"ListItem","position":1,"name":"Accueil","item":"https:\/\/www.b-sharpe.com\/de\/"},{"@type":"ListItem","position":2,"name":"Immobilientransaktionen"}]},{"@type":"WebSite","@id":"https:\/\/www.b-sharpe.com\/de\/#website","url":"https:\/\/www.b-sharpe.com\/de\/","name":"b-sharpe","description":"Le change en ligne de qualit\u00e9 suisse","potentialAction":[{"@type":"SearchAction","target":{"@type":"EntryPoint","urlTemplate":"https:\/\/www.b-sharpe.com\/de\/?s={search_term_string}"},"query-input":{"@type":"PropertyValueSpecification","valueRequired":true,"valueName":"search_term_string"}}],"inLanguage":"de"}]}},"_links":{"self":[{"href":"https:\/\/www.b-sharpe.com\/de\/wp-json\/wp\/v2\/pages\/26916","targetHints":{"allow":["GET"]}}],"collection":[{"href":"https:\/\/www.b-sharpe.com\/de\/wp-json\/wp\/v2\/pages"}],"about":[{"href":"https:\/\/www.b-sharpe.com\/de\/wp-json\/wp\/v2\/types\/page"}],"author":[{"embeddable":true,"href":"https:\/\/www.b-sharpe.com\/de\/wp-json\/wp\/v2\/users\/15"}],"replies":[{"embeddable":true,"href":"https:\/\/www.b-sharpe.com\/de\/wp-json\/wp\/v2\/comments?post=26916"}],"version-history":[{"count":1,"href":"https:\/\/www.b-sharpe.com\/de\/wp-json\/wp\/v2\/pages\/26916\/revisions"}],"predecessor-version":[{"id":420660,"href":"https:\/\/www.b-sharpe.com\/de\/wp-json\/wp\/v2\/pages\/26916\/revisions\/420660"}],"wp:attachment":[{"href":"https:\/\/www.b-sharpe.com\/de\/wp-json\/wp\/v2\/media?parent=26916"}],"curies":[{"name":"wp","href":"https:\/\/api.w.org\/{rel}","templated":true}]}}