{"id":26913,"date":"2021-04-01T16:15:36","date_gmt":"2021-04-01T16:15:36","guid":{"rendered":"https:\/\/stagingvitrine.ad-bs.ch\/?page_id=26913"},"modified":"2024-04-11T09:37:44","modified_gmt":"2024-04-11T09:37:44","slug":"ihr-gehalt-ueberweisen","status":"publish","type":"page","link":"https:\/\/www.b-sharpe.com\/de\/ihr-gehalt-ueberweisen\/","title":{"rendered":"Gehalt"},"content":{"rendered":"\n<h1>\n\t\t\u00dcberweisen Sie Ihr Gehalt in der W\u00e4hrung Ihrer Wahl\n\t<\/h1>\n\t<p>Die R\u00fcckf\u00fchrung Ihres Gehalts in der W\u00e4hrung Ihrer Wahl war noch nie so einfach. Mit b-sharpe profitieren Sie von einem transparenten Kurs und sparen Geld.<\/p>\n\t\t\t<a href=\"https:\/\/secure.b-sharpe.com\/auth\/registration\/private\/?language=de\" target=\"_self\" role=\"button\" rel=\"noopener\">\n\t\t\t\t\t\t\tKostenlos anmelden\n\t\t\t\t\t<\/a>\n\t\t\t\t<img decoding=\"async\" src=\"https:\/\/www.b-sharpe.com\/wp-content\/uploads\/2021\/03\/receive.png\" alt=\"receive\" title=\"receive\" itemprop=\"image\">\n<h2>\n\t\tWie kann ich mein Gehalt umtauschen?\n\t<\/h2>\n\t\t\t\t<img decoding=\"async\" src=\"https:\/\/www.b-sharpe.com\/wp-content\/uploads\/2021\/03\/changer-1.png\" alt=\"changer (1)\" itemprop=\"image\" height=\"572\" width=\"572\" title=\"changer (1)\" onerror=\"this.style.display='none'\">\n\t\t\t<h3>\u00dcberweisung Ihres Gehalts von Ihrem Bankkonto<\/h3>\t\t\t\n\t\t\t\t<p>1. Bestimmen Sie, wie viel von Ihrem Gehalt Sie umtauschen m\u00f6chten. <\/p>\n<p>2. \u00dcberweisen Sie den entsprechenden Betrag in CHF auf Ihr b-sharpe-Konto und geben Sie in Ihrem pers\u00f6nlichen Bereich an, auf welches Konto und in welcher W\u00e4hrung Sie diesen Betrag erhalten m\u00f6chten. <\/p>\n<p>3. Sie erhalten den Betrag innerhalb von 24 Stunden oder am n\u00e4chsten Werktag.<\/p>\n\t\t\t<h3>Ihr Gehalt direkt von Ihrem Arbeitgeber erhalten<\/h3>\t\t\t\n\t\t\t\t<p>Sie ben\u00f6tigen kein Bankkonto in der Schweiz: <\/p>\n<p>1. Wir stellen Ihnen einen Nachweis des CHF-Kontos von b-sharpe zur Vorlage f\u00fcr Ihren Arbeitgeber aus. <\/p>\n<p>2. Sie senden Ihrem Arbeitgeber Ihre Kundennummer, die Sie in Ihrem pers\u00f6nlichen Bereich finden und die sie\/er in der Referenz f\u00fcr die \u00dcberweisung angeben muss, damit wir Sie als Empf\u00e4nger identifizieren k\u00f6nnen. <\/p>\n<p>3. Sobald wir Ihr Geld erhalten, tauschen wir es um und \u00fcberweisen es innerhalb von 24 Stunden oder am n\u00e4chsten Werktag und in der von Ihnen gew\u00fcnschten W\u00e4hrung auf das Empf\u00e4ngerkonto.<\/p>\n\t\t\t\t<p>Sie k\u00f6nnen uns ebenfalls in Ihrem pers\u00f6nlichen Bereich \u00fcber die Ankunft Ihres Gehalts informieren.<\/p>\n\t\t\t\t<img decoding=\"async\" src=\"https:\/\/www.b-sharpe.com\/wp-content\/uploads\/2021\/03\/employeur.png\" alt=\"employeur\" itemprop=\"image\" height=\"572\" width=\"572\" title=\"employeur\" onerror=\"this.style.display='none'\">\n<h2>\n\t\tEin sicherer und zuverl\u00e4ssiger Service\n\t<\/h2>\n\t\t\t\t<img decoding=\"async\" src=\"https:\/\/www.b-sharpe.com\/wp-content\/uploads\/2021\/03\/euro.svg\" alt=\"\" title=\"\" itemprop=\"image\">\n\t\t<h3>Ihr Geld ist gesichert<\/h3>\t\t\t\n\t\t\t\t<p>Bei jeder Transaktion ist Ihr Geld dank eines Versicherungsschutzes in H\u00f6he von 5 Millionen Schweizer Franken gegen Betrug und unerlaubten Zugriff gesch\u00fctzt.<\/p>\n\t\t\t\t<img decoding=\"async\" src=\"https:\/\/www.b-sharpe.com\/wp-content\/uploads\/2021\/03\/control.svg\" alt=\"\" title=\"\" itemprop=\"image\">\n\t\t<h3>Unsere Teams sind immer erreichbar<\/h3>\t\t\t\n\t\t\t\t<p>W\u00e4hrend unserer \u00d6ffnungszeiten k\u00f6nnen Sie sich telefonisch, per E-Mail und per Chat beraten lassen. In Ihrem pers\u00f6nlichen Bereich k\u00f6nnen Sie alle Transaktionen online oder in der mobilen App abwickeln. <a href=\"\/de\/kontakt\/\">Kontaktieren Sie uns<\/a>.<\/p>\n<h2>\n\t\tNutzen Sie die verschiedenen Funktionen\n\t<\/h2>\n\t\t\t\t<p>Sichern Sie sich Ihren Wechselkurs w\u00e4hrend der \u00d6ffnungszeiten vorab per Telefon<\/p>\n\t\t\t\t<p>F\u00fcgen Sie Ihre verschiedenen Empf\u00e4ngerkonten hinzu<\/p>\n\t\t\t\t<p>Lassen Sie sich benachrichtigen, sobald Ihre Devisen den gew\u00fcnschten Kurs erreichen<\/p>\n\t\t\t\t<a href=\"https:\/\/b-sharpe.onelink.me\/6mPv\/57dc4a92\" target=\"_blank\" rel=\"noopener\" itemprop=\"url\">\n\t\t\t\t<img decoding=\"async\" src=\"https:\/\/www.b-sharpe.com\/wp-content\/uploads\/2020\/11\/google_Badge_DE_RGB_blk_092917.jpg\" alt=\"google_Badge_DE_RGB_blk_092917\" itemprop=\"image\" height=\"167\" width=\"499\" title=\"google_Badge_DE_RGB_blk_092917\" onerror=\"this.style.display='none'\">\n\t\t\t\t<\/a>\n\t\t\t\t<a href=\"https:\/\/b-sharpe.onelink.me\/OiRT\/e114bc79\" target=\"_blank\" rel=\"noopener\" itemprop=\"url\">\n\t\t\t\t<img decoding=\"async\" src=\"https:\/\/www.b-sharpe.com\/wp-content\/uploads\/2020\/11\/Download_on_the_App_Store_Badge_DE_RGB_blk_092917.jpg\" alt=\"Download_on_the_App_Store_Badge_DE_RGB_blk_092917\" itemprop=\"image\" height=\"167\" width=\"499\" title=\"Download_on_the_App_Store_Badge_DE_RGB_blk_092917\" onerror=\"this.style.display='none'\">\n\t\t\t\t<\/a>\n","protected":false},"excerpt":{"rendered":"<p>\u00dcberweisen Sie Ihr Gehalt in der W\u00e4hrung Ihrer Wahl Die R\u00fcckf\u00fchrung Ihres Gehalts in der W\u00e4hrung Ihrer Wahl war noch nie so einfach. Mit b-sharpe profitieren Sie von einem transparenten Kurs und sparen Geld. Kostenlos anmelden Wie kann ich mein Gehalt umtauschen? \u00dcberweisung Ihres Gehalts von Ihrem Bankkonto 1. Bestimmen Sie, wie viel von Ihrem&hellip;<\/p>\n","protected":false},"author":15,"featured_media":0,"parent":0,"menu_order":0,"comment_status":"closed","ping_status":"closed","template":"","meta":{"_acf_changed":false,"footnotes":""},"class_list":["post-26913","page","type-page","status-publish","hentry"],"acf":[],"yoast_head":"<!-- This site is optimized with the Yoast SEO plugin v26.9 - https:\/\/yoast.com\/product\/yoast-seo-wordpress\/ -->\n<title>Ihr Gehalt sicher \u00fcberweisen mit b-sharpe<\/title>\n<meta name=\"description\" content=\"Mit b-sharpe ist die R\u00fcckf\u00fchrung Ihres Gehalts so einfach wie nie zuvor. Nutzen Sie die Beratung durch unsere Experten und einen g\u00fcnstigen Wechselkurs.\" \/>\n<meta name=\"robots\" content=\"index, follow, max-snippet:-1, max-image-preview:large, max-video-preview:-1\" \/>\n<link rel=\"canonical\" href=\"https:\/\/www.b-sharpe.com\/de\/ihr-gehalt-ueberweisen\/\" \/>\n<meta property=\"og:locale\" content=\"de_DE\" \/>\n<meta property=\"og:type\" content=\"article\" \/>\n<meta property=\"og:title\" content=\"Ihr Gehalt sicher \u00fcberweisen mit b-sharpe\" \/>\n<meta property=\"og:description\" content=\"Mit b-sharpe ist die R\u00fcckf\u00fchrung Ihres Gehalts so einfach wie nie zuvor. Nutzen Sie die Beratung durch unsere Experten und einen g\u00fcnstigen Wechselkurs.\" \/>\n<meta property=\"og:url\" content=\"https:\/\/www.b-sharpe.com\/de\/ihr-gehalt-ueberweisen\/\" \/>\n<meta property=\"og:site_name\" content=\"b-sharpe\" \/>\n<meta property=\"article:modified_time\" content=\"2024-04-11T09:37:44+00:00\" \/>\n<meta property=\"og:image\" content=\"https:\/\/www.b-sharpe.com\/wp-content\/uploads\/2021\/03\/receive.png\" \/>\n<meta name=\"twitter:card\" content=\"summary_large_image\" \/>\n<meta name=\"twitter:label1\" content=\"Gesch\u00e4tzte Lesezeit\" \/>\n\t<meta name=\"twitter:data1\" content=\"3\u00a0Minuten\" \/>\n<script type=\"application\/ld+json\" class=\"yoast-schema-graph\">{\"@context\":\"https:\/\/schema.org\",\"@graph\":[{\"@type\":\"WebPage\",\"@id\":\"https:\/\/www.b-sharpe.com\/de\/ihr-gehalt-ueberweisen\/\",\"url\":\"https:\/\/www.b-sharpe.com\/de\/ihr-gehalt-ueberweisen\/\",\"name\":\"Ihr Gehalt sicher \u00fcberweisen mit b-sharpe\",\"isPartOf\":{\"@id\":\"https:\/\/www.b-sharpe.com\/de\/#website\"},\"primaryImageOfPage\":{\"@id\":\"https:\/\/www.b-sharpe.com\/de\/ihr-gehalt-ueberweisen\/#primaryimage\"},\"image\":{\"@id\":\"https:\/\/www.b-sharpe.com\/de\/ihr-gehalt-ueberweisen\/#primaryimage\"},\"thumbnailUrl\":\"https:\/\/www.b-sharpe.com\/wp-content\/uploads\/2021\/03\/receive.png\",\"datePublished\":\"2021-04-01T16:15:36+00:00\",\"dateModified\":\"2024-04-11T09:37:44+00:00\",\"description\":\"Mit b-sharpe ist die R\u00fcckf\u00fchrung Ihres Gehalts so einfach wie nie zuvor. Nutzen Sie die Beratung durch unsere Experten und einen g\u00fcnstigen Wechselkurs.\",\"breadcrumb\":{\"@id\":\"https:\/\/www.b-sharpe.com\/de\/ihr-gehalt-ueberweisen\/#breadcrumb\"},\"inLanguage\":\"de\",\"potentialAction\":[{\"@type\":\"ReadAction\",\"target\":[\"https:\/\/www.b-sharpe.com\/de\/ihr-gehalt-ueberweisen\/\"]}]},{\"@type\":\"ImageObject\",\"inLanguage\":\"de\",\"@id\":\"https:\/\/www.b-sharpe.com\/de\/ihr-gehalt-ueberweisen\/#primaryimage\",\"url\":\"https:\/\/www.b-sharpe.com\/wp-content\/uploads\/2021\/03\/receive.png\",\"contentUrl\":\"https:\/\/www.b-sharpe.com\/wp-content\/uploads\/2021\/03\/receive.png\"},{\"@type\":\"BreadcrumbList\",\"@id\":\"https:\/\/www.b-sharpe.com\/de\/ihr-gehalt-ueberweisen\/#breadcrumb\",\"itemListElement\":[{\"@type\":\"ListItem\",\"position\":1,\"name\":\"Accueil\",\"item\":\"https:\/\/www.b-sharpe.com\/de\/\"},{\"@type\":\"ListItem\",\"position\":2,\"name\":\"Gehalt\"}]},{\"@type\":\"WebSite\",\"@id\":\"https:\/\/www.b-sharpe.com\/de\/#website\",\"url\":\"https:\/\/www.b-sharpe.com\/de\/\",\"name\":\"b-sharpe\",\"description\":\"Le change en ligne de qualit\u00e9 suisse\",\"potentialAction\":[{\"@type\":\"SearchAction\",\"target\":{\"@type\":\"EntryPoint\",\"urlTemplate\":\"https:\/\/www.b-sharpe.com\/de\/?s={search_term_string}\"},\"query-input\":{\"@type\":\"PropertyValueSpecification\",\"valueRequired\":true,\"valueName\":\"search_term_string\"}}],\"inLanguage\":\"de\"}]}<\/script>\n<!-- \/ Yoast SEO plugin. -->","yoast_head_json":{"title":"Ihr Gehalt sicher \u00fcberweisen mit b-sharpe","description":"Mit b-sharpe ist die R\u00fcckf\u00fchrung Ihres Gehalts so einfach wie nie zuvor. Nutzen Sie die Beratung durch unsere Experten und einen g\u00fcnstigen Wechselkurs.","robots":{"index":"index","follow":"follow","max-snippet":"max-snippet:-1","max-image-preview":"max-image-preview:large","max-video-preview":"max-video-preview:-1"},"canonical":"https:\/\/www.b-sharpe.com\/de\/ihr-gehalt-ueberweisen\/","og_locale":"de_DE","og_type":"article","og_title":"Ihr Gehalt sicher \u00fcberweisen mit b-sharpe","og_description":"Mit b-sharpe ist die R\u00fcckf\u00fchrung Ihres Gehalts so einfach wie nie zuvor. Nutzen Sie die Beratung durch unsere Experten und einen g\u00fcnstigen Wechselkurs.","og_url":"https:\/\/www.b-sharpe.com\/de\/ihr-gehalt-ueberweisen\/","og_site_name":"b-sharpe","article_modified_time":"2024-04-11T09:37:44+00:00","og_image":[{"url":"https:\/\/www.b-sharpe.com\/wp-content\/uploads\/2021\/03\/receive.png","type":"","width":"","height":""}],"twitter_card":"summary_large_image","twitter_misc":{"Gesch\u00e4tzte Lesezeit":"3\u00a0Minuten"},"schema":{"@context":"https:\/\/schema.org","@graph":[{"@type":"WebPage","@id":"https:\/\/www.b-sharpe.com\/de\/ihr-gehalt-ueberweisen\/","url":"https:\/\/www.b-sharpe.com\/de\/ihr-gehalt-ueberweisen\/","name":"Ihr Gehalt sicher \u00fcberweisen mit b-sharpe","isPartOf":{"@id":"https:\/\/www.b-sharpe.com\/de\/#website"},"primaryImageOfPage":{"@id":"https:\/\/www.b-sharpe.com\/de\/ihr-gehalt-ueberweisen\/#primaryimage"},"image":{"@id":"https:\/\/www.b-sharpe.com\/de\/ihr-gehalt-ueberweisen\/#primaryimage"},"thumbnailUrl":"https:\/\/www.b-sharpe.com\/wp-content\/uploads\/2021\/03\/receive.png","datePublished":"2021-04-01T16:15:36+00:00","dateModified":"2024-04-11T09:37:44+00:00","description":"Mit b-sharpe ist die R\u00fcckf\u00fchrung Ihres Gehalts so einfach wie nie zuvor. Nutzen Sie die Beratung durch unsere Experten und einen g\u00fcnstigen Wechselkurs.","breadcrumb":{"@id":"https:\/\/www.b-sharpe.com\/de\/ihr-gehalt-ueberweisen\/#breadcrumb"},"inLanguage":"de","potentialAction":[{"@type":"ReadAction","target":["https:\/\/www.b-sharpe.com\/de\/ihr-gehalt-ueberweisen\/"]}]},{"@type":"ImageObject","inLanguage":"de","@id":"https:\/\/www.b-sharpe.com\/de\/ihr-gehalt-ueberweisen\/#primaryimage","url":"https:\/\/www.b-sharpe.com\/wp-content\/uploads\/2021\/03\/receive.png","contentUrl":"https:\/\/www.b-sharpe.com\/wp-content\/uploads\/2021\/03\/receive.png"},{"@type":"BreadcrumbList","@id":"https:\/\/www.b-sharpe.com\/de\/ihr-gehalt-ueberweisen\/#breadcrumb","itemListElement":[{"@type":"ListItem","position":1,"name":"Accueil","item":"https:\/\/www.b-sharpe.com\/de\/"},{"@type":"ListItem","position":2,"name":"Gehalt"}]},{"@type":"WebSite","@id":"https:\/\/www.b-sharpe.com\/de\/#website","url":"https:\/\/www.b-sharpe.com\/de\/","name":"b-sharpe","description":"Le change en ligne de qualit\u00e9 suisse","potentialAction":[{"@type":"SearchAction","target":{"@type":"EntryPoint","urlTemplate":"https:\/\/www.b-sharpe.com\/de\/?s={search_term_string}"},"query-input":{"@type":"PropertyValueSpecification","valueRequired":true,"valueName":"search_term_string"}}],"inLanguage":"de"}]}},"_links":{"self":[{"href":"https:\/\/www.b-sharpe.com\/de\/wp-json\/wp\/v2\/pages\/26913","targetHints":{"allow":["GET"]}}],"collection":[{"href":"https:\/\/www.b-sharpe.com\/de\/wp-json\/wp\/v2\/pages"}],"about":[{"href":"https:\/\/www.b-sharpe.com\/de\/wp-json\/wp\/v2\/types\/page"}],"author":[{"embeddable":true,"href":"https:\/\/www.b-sharpe.com\/de\/wp-json\/wp\/v2\/users\/15"}],"replies":[{"embeddable":true,"href":"https:\/\/www.b-sharpe.com\/de\/wp-json\/wp\/v2\/comments?post=26913"}],"version-history":[{"count":3,"href":"https:\/\/www.b-sharpe.com\/de\/wp-json\/wp\/v2\/pages\/26913\/revisions"}],"predecessor-version":[{"id":420580,"href":"https:\/\/www.b-sharpe.com\/de\/wp-json\/wp\/v2\/pages\/26913\/revisions\/420580"}],"wp:attachment":[{"href":"https:\/\/www.b-sharpe.com\/de\/wp-json\/wp\/v2\/media?parent=26913"}],"curies":[{"name":"wp","href":"https:\/\/api.w.org\/{rel}","templated":true}]}}