{"id":21296,"date":"2020-11-18T10:22:07","date_gmt":"2020-11-18T10:22:07","guid":{"rendered":"https:\/\/b-sharpe.d.wpstage.net\/?page_id=21296"},"modified":"2021-06-08T13:33:07","modified_gmt":"2021-06-08T13:33:07","slug":"dsgvo-auskunft-zu-personenbezogenen-daten","status":"publish","type":"page","link":"https:\/\/www.b-sharpe.com\/de\/dsgvo-auskunft-zu-personenbezogenen-daten\/","title":{"rendered":"Auskunft zu personenbezogenen Daten"},"content":{"rendered":"\n<p>Im Rahmen der Datenschutz-Grundverordnung k\u00f6nnen Sie jederzeit den Zugang zu Ihren bei b-sharpe gespeicherten personenbezogenen Daten, sowie deren Korrektur oder L\u00f6schung verlangen. F\u00fcllen Sie dazu bitte dieses Formular aus:<\/p>\n\n\n\t\t<form action=\"https:\/\/www.b-sharpe.com\/wp-admin\/admin-ajax.php\" method=\"post\" id=\"gdrf-form\">\n\t\t\t<input type=\"hidden\" name=\"action\" value=\"gdrf_data_request\" \/>\n\t\t\t<input type=\"hidden\" name=\"gdrf_data_human_key\" id=\"gdrf_data_human_key\" value=\"80007\" \/>\n\t\t\t<input type=\"hidden\" name=\"gdrf_data_nonce\" id=\"gdrf_data_nonce\" value=\"b1513da2bc\" \/>\n\n\t\t\t\t\t<div class=\"gdrf-field gdrf-field-action\" role=\"radiogroup\" aria-labelledby=\"gdrf-radio-label\">\n\t\t\t\t<p id=\"gdrf-radio-label\">\n\t\t\t\t\tW\u00e4hle eine Anfrage aus:\t\t\t\t<\/p>\n\n\t\t\t\t<input id=\"gdrf-data-type-export\" class=\"gdrf-data-type-input\" type=\"radio\" name=\"gdrf_data_type\" value=\"export_personal_data\" \/>\n\t\t\t\t<label for=\"gdrf-data-type-export\" class=\"gdrf-data-type-label\">\n\t\t\t\t\tPersonenbezogene Daten exportieren\t\t\t\t<\/label>\n\t\t\t\t<br \/>\n\t\t\t\t<input id=\"gdrf-data-type-remove\" class=\"gdrf-data-type-input\" type=\"radio\" name=\"gdrf_data_type\" value=\"remove_personal_data\" \/>\n\t\t\t\t<label for=\"gdrf-data-type-remove\" class=\"gdrf-data-type-label\">\n\t\t\t\t\tPersonenbezogene Daten l\u00f6schen\t\t\t\t<\/label>\n\t\t\t<\/div>\n\t\t\n\t\t\t<p class=\"gdrf-field gdrf-field-email\">\n\t\t\t\t<label for=\"gdrf_data_email\">\n\t\t\t\t\tDeine E-Mail-Adresse (erforderlich)\t\t\t\t<\/label>\n\t\t\t\t<input type=\"email\" id=\"gdrf_data_email\" name=\"gdrf_data_email\" required \/>\n\t\t\t<\/p>\n\n\t\t\t<p class=\"gdrf-field gdrf-field-human\">\n\t\t\t\t<label for=\"gdrf_data_human\">\n\t\t\t\t\tHuman verification (required):\t\t\t\t\t8\u00a0+\u00a07\u00a0=\u00a0?\t\t\t\t<\/label>\n\t\t\t\t<input type=\"text\" id=\"gdrf_data_human\" name=\"gdrf_data_human\" required \/>\n\t\t\t<\/p>\n\n\t\t\t<p class=\"gdrf-field gdrf-field-submit\">\n\t\t\t\t<input id=\"gdrf-submit-button\" type=\"submit\" class=\"wp-element-button\" value=\"Send Request\" \/>\n\t\t\t<\/p>\n\t\t<\/form>\n\t\t\n","protected":false},"excerpt":{"rendered":"<p>Im Rahmen der Datenschutz-Grundverordnung k\u00f6nnen Sie jederzeit den Zugang zu Ihren bei b-sharpe gespeicherten personenbezogenen Daten, sowie deren Korrektur oder L\u00f6schung verlangen. F\u00fcllen Sie dazu bitte dieses Formular aus:<\/p>\n","protected":false},"author":15,"featured_media":0,"parent":0,"menu_order":0,"comment_status":"closed","ping_status":"closed","template":"","meta":{"_acf_changed":false,"footnotes":""},"class_list":["post-21296","page","type-page","status-publish","hentry"],"acf":[],"yoast_head":"<!-- This site is optimized with the Yoast SEO plugin v26.9 - https:\/\/yoast.com\/product\/yoast-seo-wordpress\/ -->\n<title>Auskunft zu personenbezogenen Daten - b-sharpe<\/title>\n<meta name=\"description\" content=\"Bitte verwenden Sie dieses Formular, um eine Anfrage zur Einsicht oder L\u00f6schung Ihrer personenbezogenen Daten bei b-sharpe (DSGVO) zu stellen.\" \/>\n<meta name=\"robots\" content=\"index, follow, max-snippet:-1, max-image-preview:large, max-video-preview:-1\" \/>\n<link rel=\"canonical\" href=\"https:\/\/www.b-sharpe.com\/de\/dsgvo-auskunft-zu-personenbezogenen-daten\/\" \/>\n<meta property=\"og:locale\" content=\"de_DE\" \/>\n<meta property=\"og:type\" content=\"article\" \/>\n<meta property=\"og:title\" content=\"Auskunft zu personenbezogenen Daten - b-sharpe\" \/>\n<meta property=\"og:description\" content=\"Bitte verwenden Sie dieses Formular, um eine Anfrage zur Einsicht oder L\u00f6schung Ihrer personenbezogenen Daten bei b-sharpe (DSGVO) zu stellen.\" \/>\n<meta property=\"og:url\" content=\"https:\/\/www.b-sharpe.com\/de\/dsgvo-auskunft-zu-personenbezogenen-daten\/\" \/>\n<meta property=\"og:site_name\" content=\"b-sharpe\" \/>\n<meta property=\"article:modified_time\" content=\"2021-06-08T13:33:07+00:00\" \/>\n<meta name=\"twitter:card\" content=\"summary_large_image\" \/>\n<meta name=\"twitter:label1\" content=\"Gesch\u00e4tzte Lesezeit\" \/>\n\t<meta name=\"twitter:data1\" content=\"1\u00a0Minute\" \/>\n<script type=\"application\/ld+json\" class=\"yoast-schema-graph\">{\"@context\":\"https:\/\/schema.org\",\"@graph\":[{\"@type\":\"WebPage\",\"@id\":\"https:\/\/www.b-sharpe.com\/de\/dsgvo-auskunft-zu-personenbezogenen-daten\/\",\"url\":\"https:\/\/www.b-sharpe.com\/de\/dsgvo-auskunft-zu-personenbezogenen-daten\/\",\"name\":\"Auskunft zu personenbezogenen Daten - b-sharpe\",\"isPartOf\":{\"@id\":\"https:\/\/www.b-sharpe.com\/de\/#website\"},\"datePublished\":\"2020-11-18T10:22:07+00:00\",\"dateModified\":\"2021-06-08T13:33:07+00:00\",\"description\":\"Bitte verwenden Sie dieses Formular, um eine Anfrage zur Einsicht oder L\u00f6schung Ihrer personenbezogenen Daten bei b-sharpe (DSGVO) zu stellen.\",\"breadcrumb\":{\"@id\":\"https:\/\/www.b-sharpe.com\/de\/dsgvo-auskunft-zu-personenbezogenen-daten\/#breadcrumb\"},\"inLanguage\":\"de\",\"potentialAction\":[{\"@type\":\"ReadAction\",\"target\":[\"https:\/\/www.b-sharpe.com\/de\/dsgvo-auskunft-zu-personenbezogenen-daten\/\"]}]},{\"@type\":\"BreadcrumbList\",\"@id\":\"https:\/\/www.b-sharpe.com\/de\/dsgvo-auskunft-zu-personenbezogenen-daten\/#breadcrumb\",\"itemListElement\":[{\"@type\":\"ListItem\",\"position\":1,\"name\":\"Accueil\",\"item\":\"https:\/\/www.b-sharpe.com\/de\/\"},{\"@type\":\"ListItem\",\"position\":2,\"name\":\"Auskunft zu personenbezogenen Daten\"}]},{\"@type\":\"WebSite\",\"@id\":\"https:\/\/www.b-sharpe.com\/de\/#website\",\"url\":\"https:\/\/www.b-sharpe.com\/de\/\",\"name\":\"b-sharpe\",\"description\":\"Le change en ligne de qualit\u00e9 suisse\",\"potentialAction\":[{\"@type\":\"SearchAction\",\"target\":{\"@type\":\"EntryPoint\",\"urlTemplate\":\"https:\/\/www.b-sharpe.com\/de\/?s={search_term_string}\"},\"query-input\":{\"@type\":\"PropertyValueSpecification\",\"valueRequired\":true,\"valueName\":\"search_term_string\"}}],\"inLanguage\":\"de\"}]}<\/script>\n<!-- \/ Yoast SEO plugin. -->","yoast_head_json":{"title":"Auskunft zu personenbezogenen Daten - b-sharpe","description":"Bitte verwenden Sie dieses Formular, um eine Anfrage zur Einsicht oder L\u00f6schung Ihrer personenbezogenen Daten bei b-sharpe (DSGVO) zu stellen.","robots":{"index":"index","follow":"follow","max-snippet":"max-snippet:-1","max-image-preview":"max-image-preview:large","max-video-preview":"max-video-preview:-1"},"canonical":"https:\/\/www.b-sharpe.com\/de\/dsgvo-auskunft-zu-personenbezogenen-daten\/","og_locale":"de_DE","og_type":"article","og_title":"Auskunft zu personenbezogenen Daten - b-sharpe","og_description":"Bitte verwenden Sie dieses Formular, um eine Anfrage zur Einsicht oder L\u00f6schung Ihrer personenbezogenen Daten bei b-sharpe (DSGVO) zu stellen.","og_url":"https:\/\/www.b-sharpe.com\/de\/dsgvo-auskunft-zu-personenbezogenen-daten\/","og_site_name":"b-sharpe","article_modified_time":"2021-06-08T13:33:07+00:00","twitter_card":"summary_large_image","twitter_misc":{"Gesch\u00e4tzte Lesezeit":"1\u00a0Minute"},"schema":{"@context":"https:\/\/schema.org","@graph":[{"@type":"WebPage","@id":"https:\/\/www.b-sharpe.com\/de\/dsgvo-auskunft-zu-personenbezogenen-daten\/","url":"https:\/\/www.b-sharpe.com\/de\/dsgvo-auskunft-zu-personenbezogenen-daten\/","name":"Auskunft zu personenbezogenen Daten - b-sharpe","isPartOf":{"@id":"https:\/\/www.b-sharpe.com\/de\/#website"},"datePublished":"2020-11-18T10:22:07+00:00","dateModified":"2021-06-08T13:33:07+00:00","description":"Bitte verwenden Sie dieses Formular, um eine Anfrage zur Einsicht oder L\u00f6schung Ihrer personenbezogenen Daten bei b-sharpe (DSGVO) zu stellen.","breadcrumb":{"@id":"https:\/\/www.b-sharpe.com\/de\/dsgvo-auskunft-zu-personenbezogenen-daten\/#breadcrumb"},"inLanguage":"de","potentialAction":[{"@type":"ReadAction","target":["https:\/\/www.b-sharpe.com\/de\/dsgvo-auskunft-zu-personenbezogenen-daten\/"]}]},{"@type":"BreadcrumbList","@id":"https:\/\/www.b-sharpe.com\/de\/dsgvo-auskunft-zu-personenbezogenen-daten\/#breadcrumb","itemListElement":[{"@type":"ListItem","position":1,"name":"Accueil","item":"https:\/\/www.b-sharpe.com\/de\/"},{"@type":"ListItem","position":2,"name":"Auskunft zu personenbezogenen Daten"}]},{"@type":"WebSite","@id":"https:\/\/www.b-sharpe.com\/de\/#website","url":"https:\/\/www.b-sharpe.com\/de\/","name":"b-sharpe","description":"Le change en ligne de qualit\u00e9 suisse","potentialAction":[{"@type":"SearchAction","target":{"@type":"EntryPoint","urlTemplate":"https:\/\/www.b-sharpe.com\/de\/?s={search_term_string}"},"query-input":{"@type":"PropertyValueSpecification","valueRequired":true,"valueName":"search_term_string"}}],"inLanguage":"de"}]}},"_links":{"self":[{"href":"https:\/\/www.b-sharpe.com\/de\/wp-json\/wp\/v2\/pages\/21296","targetHints":{"allow":["GET"]}}],"collection":[{"href":"https:\/\/www.b-sharpe.com\/de\/wp-json\/wp\/v2\/pages"}],"about":[{"href":"https:\/\/www.b-sharpe.com\/de\/wp-json\/wp\/v2\/types\/page"}],"author":[{"embeddable":true,"href":"https:\/\/www.b-sharpe.com\/de\/wp-json\/wp\/v2\/users\/15"}],"replies":[{"embeddable":true,"href":"https:\/\/www.b-sharpe.com\/de\/wp-json\/wp\/v2\/comments?post=21296"}],"version-history":[{"count":1,"href":"https:\/\/www.b-sharpe.com\/de\/wp-json\/wp\/v2\/pages\/21296\/revisions"}],"predecessor-version":[{"id":27967,"href":"https:\/\/www.b-sharpe.com\/de\/wp-json\/wp\/v2\/pages\/21296\/revisions\/27967"}],"wp:attachment":[{"href":"https:\/\/www.b-sharpe.com\/de\/wp-json\/wp\/v2\/media?parent=21296"}],"curies":[{"name":"wp","href":"https:\/\/api.w.org\/{rel}","templated":true}]}}