{"id":20873,"date":"2020-11-17T09:06:31","date_gmt":"2020-11-17T09:06:31","guid":{"rendered":"https:\/\/b-sharpe.d.wpstage.net\/?page_id=20873"},"modified":"2024-04-11T13:42:20","modified_gmt":"2024-04-11T13:42:20","slug":"konverter","status":"publish","type":"page","link":"https:\/\/www.b-sharpe.com\/de\/geschaeftsbereich\/konverter\/","title":{"rendered":"Konverter Unternehmen"},"content":{"rendered":"\n<h1>\n\t\tBerechnen Sie Ihre Einsparungen mit unseren W\u00e4hrungsumrechnern\n\t<\/h1>\n\t<p>Unser Echtzeit-W\u00e4hrungsumrechner erm\u00f6glicht es Ihnen die Einsparungen zu berechnen die Sie bei Ihren Devisentransaktionen erzielen k\u00f6nnen, die ich bei b-sharpe registriere<\/p>\n\t<p><iframe src=\"https:\/\/simulator.b-sharpe.com\/preview?lang=de&amp;displaySavings=true&amp;amountSell=50000&amp;currencySell=CHF&amp;currencyBuy=EUR\" width=\"1000\" height=\"450\" frameborder=\"0\"><\/iframe><\/p>\n\t\t\t\t<img decoding=\"async\" src=\"https:\/\/www.b-sharpe.com\/wp-content\/uploads\/2021\/03\/Alerts.svg\" alt=\"Alerts\" title=\"Alerts\" itemprop=\"image\">\n\t\t<h2>\n\t\tAlarme einrichten\n\t<\/h2>\n\t<p>In Ihrem Kundenbereich k\u00f6nnen Sie Kurswarnungen einrichten, die mehr als 20 W\u00e4hrungen kombinieren. Dies ist eine ausgezeichnete M\u00f6glichkeit, Chancen zu erkennen oder die Entwicklung eines W\u00e4hrungspaares zu verfolgen.<\/p>\n<p><u><a href=\"https:\/\/secure.b-sharpe.com\/auth\/registration\/company\/?language=de\">Registrieren &amp; Alerts erstellen <\/a><\/u><\/p>\n<h2>\n\t\tUnsere verschiedenen W\u00e4hrungsumrechner\n\t<\/h2>\n\t<p>W\u00e4hlen Sie das W\u00e4hrungspaar, das Sie wechseln m\u00f6chten, und Sie erhalten den Wechselkurs in Echtzeit und die Einsparungen, die Sie erzielen werden!<\/p>\n\t\t\t\t<a href=\"\/de\/geschaeftsbereich\/konverter\/schweizer-franken-euro-konverter\/\" target=\"_self\" itemprop=\"url\" rel=\"noopener\">\n\t\t\t\t<img decoding=\"async\" src=\"https:\/\/www.b-sharpe.com\/wp-content\/uploads\/2021\/03\/EUR-CHF-1.png\" alt=\"EUR-CHF (1)\" itemprop=\"image\" height=\"412\" width=\"446\" title=\"EUR-CHF (1)\" onerror=\"this.style.display='none'\">\n\t\t\t\t<\/a>\n\t<p>EUR\/CHF<\/p>\n<h2>\n\t\tListe der von uns angebotenen W\u00e4hrungen\n\t<\/h2>\n\t<p>Wir bieten Ihnen die M\u00f6glichkeit, Ihr Geld online in mehr als 20 verschiedenen W\u00e4hrungen umzutauschen.<\/p>\n\t\t\t\t<img decoding=\"async\" src=\"https:\/\/www.b-sharpe.com\/wp-content\/uploads\/2020\/04\/EURO.png\" alt=\"EUR - euro\" title=\"EUR - euro\" itemprop=\"image\">\n\t\t<p>EUREuro<\/p>\t\t\t\n\t\t\t\t<img decoding=\"async\" src=\"https:\/\/www.b-sharpe.com\/wp-content\/uploads\/2020\/04\/JPY.png\" alt=\"JPY - Yen japonais\" title=\"JPY - Yen japonais\" itemprop=\"image\">\n\t\t<p>JPYJapanischer Yen<\/p>\t\t\t\n\t\t\t\t<img decoding=\"async\" src=\"https:\/\/www.b-sharpe.com\/wp-content\/uploads\/2020\/04\/ZAR.png\" alt=\"ZAR - Rand sud-africain\" title=\"ZAR - Rand sud-africain\" itemprop=\"image\">\n\t\t<p>ZARS\u00fcdafrikanischer Rand<\/p>\t\t\t\n\t\t\t\t<img decoding=\"async\" src=\"https:\/\/www.b-sharpe.com\/wp-content\/uploads\/2020\/04\/PLN.png\" alt=\"PLN - Zloty polonais\" title=\"PLN - Zloty polonais\" itemprop=\"image\">\n\t\t<p>PLNPolnischer Zloty<\/p>\t\t\t\n\t\t\t\t<img decoding=\"async\" src=\"https:\/\/www.b-sharpe.com\/wp-content\/uploads\/2020\/04\/hong-kong.png\" alt=\"HKD - Dollar de Hong Kong\" title=\"HKD - Dollar de Hong Kong\" itemprop=\"image\">\n\t\t<p>HKDHongkong-Dollar<\/p>\t\t\t\n\t\t\t\t<img decoding=\"async\" src=\"https:\/\/www.b-sharpe.com\/wp-content\/uploads\/2021\/02\/maroc.png\" alt=\"maroc\" title=\"maroc\" itemprop=\"image\">\n\t\t<p>MAD Marokkanischer Dirham<\/p>\t\t\t\n\t\t\t\t<img decoding=\"async\" src=\"https:\/\/www.b-sharpe.com\/wp-content\/uploads\/2020\/04\/MUR.png\" alt=\"MUR - Roupie mauritienne\" title=\"MUR - Roupie mauritienne\" itemprop=\"image\">\n\t\t<p>MURMauretanische Rupie<\/p>\t\t\t\n\t\t\t\t<img decoding=\"async\" src=\"https:\/\/www.b-sharpe.com\/wp-content\/uploads\/2020\/04\/CHF.png\" alt=\"CHF Franc suisse\" title=\"CHF Franc suisse\" itemprop=\"image\">\n\t\t<p>CHFSchweizer Franken<\/p>\t\t\t\n\t\t\t\t<img decoding=\"async\" src=\"https:\/\/www.b-sharpe.com\/wp-content\/uploads\/2020\/04\/canada.png\" alt=\"CAD Dollar canadien\" title=\"CAD Dollar canadien\" itemprop=\"image\">\n\t\t<p>CADKanadischer Dollar<\/p>\t\t\t\n\t\t\t\t<img decoding=\"async\" src=\"https:\/\/www.b-sharpe.com\/wp-content\/uploads\/2020\/04\/NOK.png\" alt=\"NOK - Couronne norv\u00e9gienne\" title=\"NOK - Couronne norv\u00e9gienne\" itemprop=\"image\">\n\t\t<p>NOKNorwegische Krone<\/p>\t\t\t\n\t\t\t\t<img decoding=\"async\" src=\"https:\/\/www.b-sharpe.com\/wp-content\/uploads\/2020\/04\/hungary.png\" alt=\"HUF - Forint hongrois\" title=\"HUF - Forint hongrois\" itemprop=\"image\">\n\t\t<p>HUFUngarischer Forint<\/p>\t\t\t\n\t\t\t\t<img decoding=\"async\" src=\"https:\/\/www.b-sharpe.com\/wp-content\/uploads\/2020\/04\/CHH.png\" alt=\"CNH Yuan chinois - Renminbi\" title=\"CNH Yuan chinois - Renminbi\" itemprop=\"image\">\n\t\t<p>CNHYuan \/ Renminbi<\/p>\t\t\t\n\t\t\t\t<img decoding=\"async\" src=\"https:\/\/www.b-sharpe.com\/wp-content\/uploads\/2021\/02\/tunisia.png\" alt=\"tunisia\" title=\"tunisia\" itemprop=\"image\">\n\t\t<p>TNDTunesischer Dinar<\/p>\t\t\t\n\t\t\t\t<img decoding=\"async\" src=\"https:\/\/www.b-sharpe.com\/wp-content\/uploads\/2020\/04\/MXN.png\" alt=\"MXN - Peso mexicain\" title=\"MXN - Peso mexicain\" itemprop=\"image\">\n\t\t<p>MXNmexikanischer Peso<\/p>\t\t\t\n\t\t\t\t<img decoding=\"async\" src=\"https:\/\/www.b-sharpe.com\/wp-content\/uploads\/2020\/04\/USD.png\" alt=\"USD - Dollar am\u00e9ricain\" title=\"USD - Dollar am\u00e9ricain\" itemprop=\"image\">\n\t\t<p>USDamerikanischer Dollar<\/p>\t\t\t\n\t\t\t\t<img decoding=\"async\" src=\"https:\/\/www.b-sharpe.com\/wp-content\/uploads\/2020\/04\/australia.png\" alt=\"AUD Dollar australien\" title=\"AUD Dollar australien\" itemprop=\"image\">\n\t\t<p>AUDAustralischer Dollar<\/p>\t\t\t\n\t\t\t\t<img decoding=\"async\" src=\"https:\/\/www.b-sharpe.com\/wp-content\/uploads\/2020\/04\/SEK.png\" alt=\"SEK - Couronne su\u00e9doise\" title=\"SEK - Couronne su\u00e9doise\" itemprop=\"image\">\n\t\t<p>SEKSchwedische Krone<\/p>\t\t\t\n\t\t\t\t<img decoding=\"async\" src=\"https:\/\/www.b-sharpe.com\/wp-content\/uploads\/2021\/02\/romania.png\" alt=\"romania\" title=\"romania\" itemprop=\"image\">\n\t\t<p>RON Rum\u00e4nischer Leu<\/p>\t\t\t\n\t\t\t\t<img decoding=\"async\" src=\"https:\/\/www.b-sharpe.com\/wp-content\/uploads\/2020\/04\/SGD.png\" alt=\"SGD - Dollar de Singapour\" title=\"SGD - Dollar de Singapour\" itemprop=\"image\">\n\t\t<p>SGDSingapur-Dollar<\/p>\t\t\t\n\t\t\t\t<img decoding=\"async\" src=\"https:\/\/www.b-sharpe.com\/wp-content\/uploads\/2020\/04\/ILS.png\" alt=\"ILS - Shekel isra\u00e9lien\" title=\"ILS - Shekel isra\u00e9lien\" itemprop=\"image\">\n\t\t<p>ILSIsraelischer Schekel<\/p>\t\t\t\n\t\t\t\t<img decoding=\"async\" src=\"https:\/\/www.b-sharpe.com\/wp-content\/uploads\/2020\/04\/GBP.png\" alt=\"GBP - Livre sterling\" title=\"GBP - Livre sterling\" itemprop=\"image\">\n\t\t<p>GBPPfund Sterling<\/p>\t\t\t\n\t\t\t\t<img decoding=\"async\" src=\"https:\/\/www.b-sharpe.com\/wp-content\/uploads\/2020\/04\/NZD.png\" alt=\"NZD - Dollar n\u00e9o-z\u00e9landais\" title=\"NZD - Dollar n\u00e9o-z\u00e9landais\" itemprop=\"image\">\n\t\t<p>NZDNeuseel\u00e4ndischer Dollar<\/p>\t\t\t\n\t\t\t\t<img decoding=\"async\" src=\"https:\/\/www.b-sharpe.com\/wp-content\/uploads\/2021\/02\/czech-republic.png\" alt=\"czech-republic\" title=\"czech-republic\" itemprop=\"image\">\n\t\t<p>CZKTschechische Krone<\/p>\t\t\t\n\t\t\t\t<img decoding=\"async\" src=\"https:\/\/www.b-sharpe.com\/wp-content\/uploads\/2021\/02\/danemark.png\" alt=\"danemark\" title=\"danemark\" itemprop=\"image\">\n\t\t<p>DKKD\u00e4nische Krone<\/p>\t\t\t\n\t\t\t\t<img decoding=\"async\" src=\"https:\/\/www.b-sharpe.com\/wp-content\/uploads\/2021\/02\/thailand.png\" alt=\"thailand\" title=\"thailand\" itemprop=\"image\">\n\t\t<p>THBThail\u00e4ndischer Baht<\/p>\t\t\t\n\t\t\t\t<img decoding=\"async\" src=\"https:\/\/www.b-sharpe.com\/wp-content\/uploads\/2020\/04\/AED.png\" alt=\"AED - Dirham \u00e9mirati\" title=\"AED - Dirham \u00e9mirati\" itemprop=\"image\">\n\t\t<p>AED Emirati Dirham<\/p>\n","protected":false},"excerpt":{"rendered":"<p>Berechnen Sie Ihre Einsparungen mit unseren W\u00e4hrungsumrechnern Unser Echtzeit-W\u00e4hrungsumrechner erm\u00f6glicht es Ihnen die Einsparungen zu berechnen die Sie bei Ihren Devisentransaktionen erzielen k\u00f6nnen, die ich bei b-sharpe registriere Alarme einrichten In Ihrem Kundenbereich k\u00f6nnen Sie Kurswarnungen einrichten, die mehr als 20 W\u00e4hrungen kombinieren. Dies ist eine ausgezeichnete M\u00f6glichkeit, Chancen zu erkennen oder die Entwicklung eines&hellip;<\/p>\n","protected":false},"author":15,"featured_media":24527,"parent":12610,"menu_order":0,"comment_status":"closed","ping_status":"closed","template":"","meta":{"_acf_changed":false,"footnotes":""},"class_list":["post-20873","page","type-page","status-publish","has-post-thumbnail","hentry"],"acf":[],"yoast_head":"<!-- This site is optimized with the Yoast SEO plugin v26.9 - https:\/\/yoast.com\/product\/yoast-seo-wordpress\/ -->\n<title>Konverter Unternehmen - b-sharpe<\/title>\n<meta name=\"robots\" content=\"index, follow, max-snippet:-1, max-image-preview:large, max-video-preview:-1\" \/>\n<link rel=\"canonical\" href=\"https:\/\/www.b-sharpe.com\/de\/geschaeftsbereich\/konverter\/\" \/>\n<meta property=\"og:locale\" content=\"de_DE\" \/>\n<meta property=\"og:type\" content=\"article\" \/>\n<meta property=\"og:title\" content=\"Konverter Unternehmen - b-sharpe\" \/>\n<meta property=\"og:description\" content=\"Berechnen Sie Ihre Einsparungen mit unseren W\u00e4hrungsumrechnern Unser Echtzeit-W\u00e4hrungsumrechner erm\u00f6glicht es Ihnen die Einsparungen zu berechnen die Sie bei Ihren Devisentransaktionen erzielen k\u00f6nnen, die ich bei b-sharpe registriere Alarme einrichten In Ihrem Kundenbereich k\u00f6nnen Sie Kurswarnungen einrichten, die mehr als 20 W\u00e4hrungen kombinieren. Dies ist eine ausgezeichnete M\u00f6glichkeit, Chancen zu erkennen oder die Entwicklung eines&hellip;\" \/>\n<meta property=\"og:url\" content=\"https:\/\/www.b-sharpe.com\/de\/geschaeftsbereich\/konverter\/\" \/>\n<meta property=\"og:site_name\" content=\"b-sharpe\" \/>\n<meta property=\"article:modified_time\" content=\"2024-04-11T13:42:20+00:00\" \/>\n<meta property=\"og:image\" content=\"https:\/\/www.b-sharpe.com\/wp-content\/uploads\/2021\/02\/Images-MEA-pages-36.png\" \/>\n\t<meta property=\"og:image:width\" content=\"1500\" \/>\n\t<meta property=\"og:image:height\" content=\"940\" \/>\n\t<meta property=\"og:image:type\" content=\"image\/png\" \/>\n<meta name=\"twitter:card\" content=\"summary_large_image\" \/>\n<meta name=\"twitter:image\" content=\"https:\/\/www.b-sharpe.com\/wp-content\/uploads\/2021\/02\/Images-MEA-pages-36.png\" \/>\n<meta name=\"twitter:label1\" content=\"Gesch\u00e4tzte Lesezeit\" \/>\n\t<meta name=\"twitter:data1\" content=\"7\u00a0Minuten\" \/>\n<script type=\"application\/ld+json\" class=\"yoast-schema-graph\">{\"@context\":\"https:\/\/schema.org\",\"@graph\":[{\"@type\":\"WebPage\",\"@id\":\"https:\/\/www.b-sharpe.com\/de\/geschaeftsbereich\/konverter\/\",\"url\":\"https:\/\/www.b-sharpe.com\/de\/geschaeftsbereich\/konverter\/\",\"name\":\"Konverter Unternehmen - b-sharpe\",\"isPartOf\":{\"@id\":\"https:\/\/www.b-sharpe.com\/de\/#website\"},\"primaryImageOfPage\":{\"@id\":\"https:\/\/www.b-sharpe.com\/de\/geschaeftsbereich\/konverter\/#primaryimage\"},\"image\":{\"@id\":\"https:\/\/www.b-sharpe.com\/de\/geschaeftsbereich\/konverter\/#primaryimage\"},\"thumbnailUrl\":\"https:\/\/www.b-sharpe.com\/wp-content\/uploads\/2021\/02\/4.png\",\"datePublished\":\"2020-11-17T09:06:31+00:00\",\"dateModified\":\"2024-04-11T13:42:20+00:00\",\"breadcrumb\":{\"@id\":\"https:\/\/www.b-sharpe.com\/de\/geschaeftsbereich\/konverter\/#breadcrumb\"},\"inLanguage\":\"de\",\"potentialAction\":[{\"@type\":\"ReadAction\",\"target\":[\"https:\/\/www.b-sharpe.com\/de\/geschaeftsbereich\/konverter\/\"]}]},{\"@type\":\"ImageObject\",\"inLanguage\":\"de\",\"@id\":\"https:\/\/www.b-sharpe.com\/de\/geschaeftsbereich\/konverter\/#primaryimage\",\"url\":\"https:\/\/www.b-sharpe.com\/wp-content\/uploads\/2021\/02\/4.png\",\"contentUrl\":\"https:\/\/www.b-sharpe.com\/wp-content\/uploads\/2021\/02\/4.png\",\"width\":1500,\"height\":940},{\"@type\":\"BreadcrumbList\",\"@id\":\"https:\/\/www.b-sharpe.com\/de\/geschaeftsbereich\/konverter\/#breadcrumb\",\"itemListElement\":[{\"@type\":\"ListItem\",\"position\":1,\"name\":\"Accueil\",\"item\":\"https:\/\/www.b-sharpe.com\/de\/\"},{\"@type\":\"ListItem\",\"position\":2,\"name\":\"Online-W\u00e4hrungsumtauschl\u00f6sungen f\u00fcr Unternehmen &#8211; b-sharpe\",\"item\":\"https:\/\/www.b-sharpe.com\/de\/geschaeftsbereich\/\"},{\"@type\":\"ListItem\",\"position\":3,\"name\":\"Konverter Unternehmen\"}]},{\"@type\":\"WebSite\",\"@id\":\"https:\/\/www.b-sharpe.com\/de\/#website\",\"url\":\"https:\/\/www.b-sharpe.com\/de\/\",\"name\":\"b-sharpe\",\"description\":\"Le change en ligne de qualit\u00e9 suisse\",\"potentialAction\":[{\"@type\":\"SearchAction\",\"target\":{\"@type\":\"EntryPoint\",\"urlTemplate\":\"https:\/\/www.b-sharpe.com\/de\/?s={search_term_string}\"},\"query-input\":{\"@type\":\"PropertyValueSpecification\",\"valueRequired\":true,\"valueName\":\"search_term_string\"}}],\"inLanguage\":\"de\"}]}<\/script>\n<!-- \/ Yoast SEO plugin. -->","yoast_head_json":{"title":"Konverter Unternehmen - b-sharpe","robots":{"index":"index","follow":"follow","max-snippet":"max-snippet:-1","max-image-preview":"max-image-preview:large","max-video-preview":"max-video-preview:-1"},"canonical":"https:\/\/www.b-sharpe.com\/de\/geschaeftsbereich\/konverter\/","og_locale":"de_DE","og_type":"article","og_title":"Konverter Unternehmen - b-sharpe","og_description":"Berechnen Sie Ihre Einsparungen mit unseren W\u00e4hrungsumrechnern Unser Echtzeit-W\u00e4hrungsumrechner erm\u00f6glicht es Ihnen die Einsparungen zu berechnen die Sie bei Ihren Devisentransaktionen erzielen k\u00f6nnen, die ich bei b-sharpe registriere Alarme einrichten In Ihrem Kundenbereich k\u00f6nnen Sie Kurswarnungen einrichten, die mehr als 20 W\u00e4hrungen kombinieren. Dies ist eine ausgezeichnete M\u00f6glichkeit, Chancen zu erkennen oder die Entwicklung eines&hellip;","og_url":"https:\/\/www.b-sharpe.com\/de\/geschaeftsbereich\/konverter\/","og_site_name":"b-sharpe","article_modified_time":"2024-04-11T13:42:20+00:00","og_image":[{"width":1500,"height":940,"url":"https:\/\/www.b-sharpe.com\/wp-content\/uploads\/2021\/02\/Images-MEA-pages-36.png","type":"image\/png"}],"twitter_card":"summary_large_image","twitter_image":"https:\/\/www.b-sharpe.com\/wp-content\/uploads\/2021\/02\/Images-MEA-pages-36.png","twitter_misc":{"Gesch\u00e4tzte Lesezeit":"7\u00a0Minuten"},"schema":{"@context":"https:\/\/schema.org","@graph":[{"@type":"WebPage","@id":"https:\/\/www.b-sharpe.com\/de\/geschaeftsbereich\/konverter\/","url":"https:\/\/www.b-sharpe.com\/de\/geschaeftsbereich\/konverter\/","name":"Konverter Unternehmen - b-sharpe","isPartOf":{"@id":"https:\/\/www.b-sharpe.com\/de\/#website"},"primaryImageOfPage":{"@id":"https:\/\/www.b-sharpe.com\/de\/geschaeftsbereich\/konverter\/#primaryimage"},"image":{"@id":"https:\/\/www.b-sharpe.com\/de\/geschaeftsbereich\/konverter\/#primaryimage"},"thumbnailUrl":"https:\/\/www.b-sharpe.com\/wp-content\/uploads\/2021\/02\/4.png","datePublished":"2020-11-17T09:06:31+00:00","dateModified":"2024-04-11T13:42:20+00:00","breadcrumb":{"@id":"https:\/\/www.b-sharpe.com\/de\/geschaeftsbereich\/konverter\/#breadcrumb"},"inLanguage":"de","potentialAction":[{"@type":"ReadAction","target":["https:\/\/www.b-sharpe.com\/de\/geschaeftsbereich\/konverter\/"]}]},{"@type":"ImageObject","inLanguage":"de","@id":"https:\/\/www.b-sharpe.com\/de\/geschaeftsbereich\/konverter\/#primaryimage","url":"https:\/\/www.b-sharpe.com\/wp-content\/uploads\/2021\/02\/4.png","contentUrl":"https:\/\/www.b-sharpe.com\/wp-content\/uploads\/2021\/02\/4.png","width":1500,"height":940},{"@type":"BreadcrumbList","@id":"https:\/\/www.b-sharpe.com\/de\/geschaeftsbereich\/konverter\/#breadcrumb","itemListElement":[{"@type":"ListItem","position":1,"name":"Accueil","item":"https:\/\/www.b-sharpe.com\/de\/"},{"@type":"ListItem","position":2,"name":"Online-W\u00e4hrungsumtauschl\u00f6sungen f\u00fcr Unternehmen &#8211; b-sharpe","item":"https:\/\/www.b-sharpe.com\/de\/geschaeftsbereich\/"},{"@type":"ListItem","position":3,"name":"Konverter Unternehmen"}]},{"@type":"WebSite","@id":"https:\/\/www.b-sharpe.com\/de\/#website","url":"https:\/\/www.b-sharpe.com\/de\/","name":"b-sharpe","description":"Le change en ligne de qualit\u00e9 suisse","potentialAction":[{"@type":"SearchAction","target":{"@type":"EntryPoint","urlTemplate":"https:\/\/www.b-sharpe.com\/de\/?s={search_term_string}"},"query-input":{"@type":"PropertyValueSpecification","valueRequired":true,"valueName":"search_term_string"}}],"inLanguage":"de"}]}},"_links":{"self":[{"href":"https:\/\/www.b-sharpe.com\/de\/wp-json\/wp\/v2\/pages\/20873","targetHints":{"allow":["GET"]}}],"collection":[{"href":"https:\/\/www.b-sharpe.com\/de\/wp-json\/wp\/v2\/pages"}],"about":[{"href":"https:\/\/www.b-sharpe.com\/de\/wp-json\/wp\/v2\/types\/page"}],"author":[{"embeddable":true,"href":"https:\/\/www.b-sharpe.com\/de\/wp-json\/wp\/v2\/users\/15"}],"replies":[{"embeddable":true,"href":"https:\/\/www.b-sharpe.com\/de\/wp-json\/wp\/v2\/comments?post=20873"}],"version-history":[{"count":5,"href":"https:\/\/www.b-sharpe.com\/de\/wp-json\/wp\/v2\/pages\/20873\/revisions"}],"predecessor-version":[{"id":420669,"href":"https:\/\/www.b-sharpe.com\/de\/wp-json\/wp\/v2\/pages\/20873\/revisions\/420669"}],"up":[{"embeddable":true,"href":"https:\/\/www.b-sharpe.com\/de\/wp-json\/wp\/v2\/pages\/12610"}],"wp:featuredmedia":[{"embeddable":true,"href":"https:\/\/www.b-sharpe.com\/de\/wp-json\/wp\/v2\/media\/24527"}],"wp:attachment":[{"href":"https:\/\/www.b-sharpe.com\/de\/wp-json\/wp\/v2\/media?parent=20873"}],"curies":[{"name":"wp","href":"https:\/\/api.w.org\/{rel}","templated":true}]}}