{"id":12849,"date":"2020-04-20T11:53:20","date_gmt":"2020-04-20T11:53:20","guid":{"rendered":"https:\/\/b-sharpe.d.wpstage.net\/?page_id=12849"},"modified":"2025-06-10T08:16:58","modified_gmt":"2025-06-10T08:16:58","slug":"impressum","status":"publish","type":"page","link":"https:\/\/www.b-sharpe.com\/de\/impressum\/","title":{"rendered":"Impressum"},"content":{"rendered":"\n<h2>\n\t\tHaftungsausschluss\n\t<\/h2>\n\t<p>Jede Person, die die auf der Website von B-Sharpe SA (im Folgenden &#8222;b-sharpe&#8220;) unter www.b-sharpe.com und\/oder www.b-sharpe.ch ver\u00f6ffentlichten Informationen konsultiert, ist f\u00fcr die Bereitstellung und Wartung der Mittel verantwortlich, mit denen sie auf die Website zugreift, wozu insbesondere die entsprechende Hardware und Software sowie eine Internetverbindung geh\u00f6ren. Diese Person ist f\u00fcr den Zugang und alle Kosten verantwortlich, die f\u00fcr die Verbindung mit der Website erforderlich sind, und diese Person \u00fcbernimmt alle Risiken, die mit der Verwendung und Speicherung von Verbindungsinformationen auf der verwendeten Computerhardware oder dem Server f\u00fcr den Zugriff auf die Website und ihre Dienste verbunden sind. Diese Person wird alle notwendigen Vorsichtsma\u00dfnahmen ergreifen, um sicherzustellen, dass die Website keinen Computerviren wie W\u00fcrmern oder Trojanischen Pferden oder anderen gef\u00e4hrlichen und\/oder unangemessenen Materialien oder Ger\u00e4ten ausgesetzt ist. Wenn davon ausgegangen wird, dass ein Virus oder ein anderes b\u00f6sartiges Ger\u00e4t von seiner IP-Adresse aus auf die Website \u00fcbertragen wurde, beh\u00e4lt sich b-Sharpe das Recht vor, den Zugang zu der Person zu sperren, die f\u00fcr die Kosten der Entfernung solcher Viren und die Entsch\u00e4digung von b-Sharpe f\u00fcr Sch\u00e4den oder andere Kosten verantwortlich ist, die infolge von B\u00f6swilligkeit oder Fahrl\u00e4ssigkeit dieser Person entstanden sind, wie gering auch immer.<\/p>\n<p>Da es erkl\u00e4rt, dass es die folgenden Bedingungen akzeptiert:<\/p>\n<h2>\n\t\t   Mangel an Angebot und Beratung\n\t<\/h2>\n\t<p>Die auf der b-sharpe-Website ver\u00f6ffentlichten Inhalte dienen nur zu Informationszwecken. Sie stellt weder ein Angebot noch eine Empfehlung zur Abwicklung dar. b-sharpe \u00fcbernimmt keine Haftung f\u00fcr die Vollst\u00e4ndigkeit und Richtigkeit der auf der Website enthaltenen Informationen sowie f\u00fcr Sch\u00e4den, die aus Handlungen resultieren, die aufgrund von Informationen vorgenommen wurden, die in dieser oder anderen Ver\u00f6ffentlichungen von b-sharpe enthalten sind. b-sharpe beh\u00e4lt sich ausdr\u00fccklich das Recht vor, die Preise oder die Zusammensetzung der angebotenen Dienstleistungen jederzeit zu \u00e4ndern.<\/p>\n<p>Es wird ausdr\u00fccklich festgestellt, dass b-sharpe keine Ratschl\u00e4ge erteilt. Meinungen und andere Informationen stellen keine Entscheidungshilfen in rechtlichen, steuerlichen oder anderen Angelegenheiten dar.<\/p>\n<h2>\n\t\t   Beschr\u00e4nkter Zugang und geographische Beschr\u00e4nkung\n\t<\/h2>\n\tDie b-sharpe Website richtet sich nicht an juristische oder nat\u00fcrliche Personen, die aufgrund ihrer Nationalit\u00e4t, ihres Sitzes, ihres Wohnsitzes oder aus anderen Gr\u00fcnden einer Rechtsordnung unterstehen, die insbesondere die Ver\u00f6ffentlichung von Inhalten, den Zugang zur b-sharpe Website oder die T\u00e4tigkeit eines ausl\u00e4ndischen Finanzdienstleisters, wie sie von b-sharpe angeboten werden, verbietet oder einschr\u00e4nkt. Personen, die solchen Einschr\u00e4nkungen unterliegen, ist der Zugang zur b-sharpe Website untersagt.<br>\nBitte pr\u00fcfen Sie das in Ihrem Land geltende Rechtssystem.\n<h2>\n\t\tHypertext-Links\n\t<\/h2>\n\t<p>Durch Anklicken von Links auf der Website www.b-sharpe.com und\/oder www.b-sharpe.ch k\u00f6nnen Sie die Website verlassen. b-sharpe hat die Websites, die durch Hypertext-Links mit der Website b-sharpe.com und\/oder www.b-sharpe.ch verbunden sind, nicht \u00fcberpr\u00fcft und lehnt jede Verantwortung f\u00fcr den Inhalt, die Produkte und Dienstleistungen oder jedes andere Angebot, das dort verbreitet wird, ab.<\/p>\n<h2>\n\t\t   Datenschutzerkl\u00e4rung\/ Privatsph\u00e4re (DSGVO)\n\t<\/h2>\n\t<p>b-sharpe sammelt und verwendet Informationen f\u00fcr seine Aktivit\u00e4ten. Weitere Einzelheiten dar\u00fcber, wie b-Sharpe Daten verarbeitet, finden Sie auf unserer Seite &#8222;<a href=\"https:\/\/www.b-sharpe.com\/de\/datenschutz-richtlinien\/\">Datenschutz<\/a>&#8222;.<\/p>\n<p>Die Benutzerinnen und Benutzer werden ausdr\u00fccklich darauf aufmerksam gemacht, dass sie einen zus\u00e4tzlichen Beitrag zur Datensicherheit leisten k\u00f6nnen, indem sie darauf achten, ein komplexes Passwort zu w\u00e4hlen und es nicht \u00f6ffentlich zu machen (insbesondere vermeiden, dieses Passwort in einer Datei auf Ihrem Computer zu speichern).<\/p>\n<h2>\n\t\t   Eigentum, Urheberrecht\n\t<\/h2>\n\t<p>Alle auf b-sharpe.com und www.b-sharpe.ch ver\u00f6ffentlichten Informationen und Analysen sind Eigentum von b-sharpe, dem Dienstanbieter oder der dritten Partei, die diese Informationen dem Dienstanbieter oder b-sharpe zur Verf\u00fcgung stellt. Die Konsultation, Reproduktion, Speicherung oder Nutzung aller oder eines Teils der Informationen auf der Website b-sharpe.com und\/oder www.b-sharpe.ch ist nur f\u00fcr den pers\u00f6nlichen Gebrauch gestattet. Urheberrechtshinweise, Markennamen und andere gesetzlich gesch\u00fctzte Bezeichnungen d\u00fcrfen nicht ver\u00e4ndert oder gel\u00f6scht werden. Die Reproduktion oder Verwendung eines Teils oder des gesamten Inhalts f\u00fcr \u00f6ffentliche oder kommerzielle Zwecke bedarf der vorherigen schriftlichen Zustimmung von b-sharpe.<\/p>\n<h2>\n\t\tGerichtsbarkeit\n\t<\/h2>\n\t<p>Jedes Rechtsverh\u00e4ltnis zwischen b-sharpe und den Nutzern der b-sharpe Website untersteht schweizerischem Recht. Ausschliesslicher Gerichtsstand ist der Sitz der B-Sharpe AG.<\/p>\n<p>Letzte Aktualisierung: 27 ao\u00fbt 2018<\/p>\n\n\n\n<p><\/p>\n","protected":false},"excerpt":{"rendered":"<p>Haftungsausschluss Jede Person, die die auf der Website von B-Sharpe SA (im Folgenden &#8222;b-sharpe&#8220;) unter www.b-sharpe.com und\/oder www.b-sharpe.ch ver\u00f6ffentlichten Informationen konsultiert, ist f\u00fcr die Bereitstellung und Wartung der Mittel verantwortlich, mit denen sie auf die Website zugreift, wozu insbesondere die entsprechende Hardware und Software sowie eine Internetverbindung geh\u00f6ren. Diese Person ist f\u00fcr den Zugang und&hellip;<\/p>\n","protected":false},"author":2,"featured_media":0,"parent":0,"menu_order":0,"comment_status":"closed","ping_status":"closed","template":"","meta":{"_acf_changed":false,"footnotes":""},"class_list":["post-12849","page","type-page","status-publish","hentry"],"acf":[],"yoast_head":"<!-- This site is optimized with the Yoast SEO plugin v26.9 - https:\/\/yoast.com\/product\/yoast-seo-wordpress\/ -->\n<title>Rechtliche Hinweise f\u00fcr die Nutzung der Website www.b-sharpe.com<\/title>\n<meta name=\"description\" content=\"Entdecken Sie die rechtlichen Nutzungsbedingungen der Website www.b-sharpe.com: Haftungsausschluss, keine Beratung, beschr\u00e4nkter geografischer Zugang.\" \/>\n<meta name=\"robots\" content=\"index, follow, max-snippet:-1, max-image-preview:large, max-video-preview:-1\" \/>\n<link rel=\"canonical\" href=\"https:\/\/www.b-sharpe.com\/de\/impressum\/\" \/>\n<meta property=\"og:locale\" content=\"de_DE\" \/>\n<meta property=\"og:type\" content=\"article\" \/>\n<meta property=\"og:title\" content=\"Rechtliche Hinweise f\u00fcr die Nutzung der Website www.b-sharpe.com\" \/>\n<meta property=\"og:description\" content=\"Entdecken Sie die rechtlichen Nutzungsbedingungen der Website www.b-sharpe.com: Haftungsausschluss, keine Beratung, beschr\u00e4nkter geografischer Zugang.\" \/>\n<meta property=\"og:url\" content=\"https:\/\/www.b-sharpe.com\/de\/impressum\/\" \/>\n<meta property=\"og:site_name\" content=\"b-sharpe\" \/>\n<meta property=\"article:modified_time\" content=\"2025-06-10T08:16:58+00:00\" \/>\n<meta name=\"twitter:card\" content=\"summary_large_image\" \/>\n<meta name=\"twitter:label1\" content=\"Gesch\u00e4tzte Lesezeit\" \/>\n\t<meta name=\"twitter:data1\" content=\"4\u00a0Minuten\" \/>\n<script type=\"application\/ld+json\" class=\"yoast-schema-graph\">{\"@context\":\"https:\/\/schema.org\",\"@graph\":[{\"@type\":\"WebPage\",\"@id\":\"https:\/\/www.b-sharpe.com\/de\/impressum\/\",\"url\":\"https:\/\/www.b-sharpe.com\/de\/impressum\/\",\"name\":\"Rechtliche Hinweise f\u00fcr die Nutzung der Website www.b-sharpe.com\",\"isPartOf\":{\"@id\":\"https:\/\/www.b-sharpe.com\/de\/#website\"},\"datePublished\":\"2020-04-20T11:53:20+00:00\",\"dateModified\":\"2025-06-10T08:16:58+00:00\",\"description\":\"Entdecken Sie die rechtlichen Nutzungsbedingungen der Website www.b-sharpe.com: Haftungsausschluss, keine Beratung, beschr\u00e4nkter geografischer Zugang.\",\"breadcrumb\":{\"@id\":\"https:\/\/www.b-sharpe.com\/de\/impressum\/#breadcrumb\"},\"inLanguage\":\"de\",\"potentialAction\":[{\"@type\":\"ReadAction\",\"target\":[\"https:\/\/www.b-sharpe.com\/de\/impressum\/\"]}]},{\"@type\":\"BreadcrumbList\",\"@id\":\"https:\/\/www.b-sharpe.com\/de\/impressum\/#breadcrumb\",\"itemListElement\":[{\"@type\":\"ListItem\",\"position\":1,\"name\":\"Accueil\",\"item\":\"https:\/\/www.b-sharpe.com\/de\/\"},{\"@type\":\"ListItem\",\"position\":2,\"name\":\"Impressum\"}]},{\"@type\":\"WebSite\",\"@id\":\"https:\/\/www.b-sharpe.com\/de\/#website\",\"url\":\"https:\/\/www.b-sharpe.com\/de\/\",\"name\":\"b-sharpe\",\"description\":\"Le change en ligne de qualit\u00e9 suisse\",\"potentialAction\":[{\"@type\":\"SearchAction\",\"target\":{\"@type\":\"EntryPoint\",\"urlTemplate\":\"https:\/\/www.b-sharpe.com\/de\/?s={search_term_string}\"},\"query-input\":{\"@type\":\"PropertyValueSpecification\",\"valueRequired\":true,\"valueName\":\"search_term_string\"}}],\"inLanguage\":\"de\"}]}<\/script>\n<!-- \/ Yoast SEO plugin. -->","yoast_head_json":{"title":"Rechtliche Hinweise f\u00fcr die Nutzung der Website www.b-sharpe.com","description":"Entdecken Sie die rechtlichen Nutzungsbedingungen der Website www.b-sharpe.com: Haftungsausschluss, keine Beratung, beschr\u00e4nkter geografischer Zugang.","robots":{"index":"index","follow":"follow","max-snippet":"max-snippet:-1","max-image-preview":"max-image-preview:large","max-video-preview":"max-video-preview:-1"},"canonical":"https:\/\/www.b-sharpe.com\/de\/impressum\/","og_locale":"de_DE","og_type":"article","og_title":"Rechtliche Hinweise f\u00fcr die Nutzung der Website www.b-sharpe.com","og_description":"Entdecken Sie die rechtlichen Nutzungsbedingungen der Website www.b-sharpe.com: Haftungsausschluss, keine Beratung, beschr\u00e4nkter geografischer Zugang.","og_url":"https:\/\/www.b-sharpe.com\/de\/impressum\/","og_site_name":"b-sharpe","article_modified_time":"2025-06-10T08:16:58+00:00","twitter_card":"summary_large_image","twitter_misc":{"Gesch\u00e4tzte Lesezeit":"4\u00a0Minuten"},"schema":{"@context":"https:\/\/schema.org","@graph":[{"@type":"WebPage","@id":"https:\/\/www.b-sharpe.com\/de\/impressum\/","url":"https:\/\/www.b-sharpe.com\/de\/impressum\/","name":"Rechtliche Hinweise f\u00fcr die Nutzung der Website www.b-sharpe.com","isPartOf":{"@id":"https:\/\/www.b-sharpe.com\/de\/#website"},"datePublished":"2020-04-20T11:53:20+00:00","dateModified":"2025-06-10T08:16:58+00:00","description":"Entdecken Sie die rechtlichen Nutzungsbedingungen der Website www.b-sharpe.com: Haftungsausschluss, keine Beratung, beschr\u00e4nkter geografischer Zugang.","breadcrumb":{"@id":"https:\/\/www.b-sharpe.com\/de\/impressum\/#breadcrumb"},"inLanguage":"de","potentialAction":[{"@type":"ReadAction","target":["https:\/\/www.b-sharpe.com\/de\/impressum\/"]}]},{"@type":"BreadcrumbList","@id":"https:\/\/www.b-sharpe.com\/de\/impressum\/#breadcrumb","itemListElement":[{"@type":"ListItem","position":1,"name":"Accueil","item":"https:\/\/www.b-sharpe.com\/de\/"},{"@type":"ListItem","position":2,"name":"Impressum"}]},{"@type":"WebSite","@id":"https:\/\/www.b-sharpe.com\/de\/#website","url":"https:\/\/www.b-sharpe.com\/de\/","name":"b-sharpe","description":"Le change en ligne de qualit\u00e9 suisse","potentialAction":[{"@type":"SearchAction","target":{"@type":"EntryPoint","urlTemplate":"https:\/\/www.b-sharpe.com\/de\/?s={search_term_string}"},"query-input":{"@type":"PropertyValueSpecification","valueRequired":true,"valueName":"search_term_string"}}],"inLanguage":"de"}]}},"_links":{"self":[{"href":"https:\/\/www.b-sharpe.com\/de\/wp-json\/wp\/v2\/pages\/12849","targetHints":{"allow":["GET"]}}],"collection":[{"href":"https:\/\/www.b-sharpe.com\/de\/wp-json\/wp\/v2\/pages"}],"about":[{"href":"https:\/\/www.b-sharpe.com\/de\/wp-json\/wp\/v2\/types\/page"}],"author":[{"embeddable":true,"href":"https:\/\/www.b-sharpe.com\/de\/wp-json\/wp\/v2\/users\/2"}],"replies":[{"embeddable":true,"href":"https:\/\/www.b-sharpe.com\/de\/wp-json\/wp\/v2\/comments?post=12849"}],"version-history":[{"count":3,"href":"https:\/\/www.b-sharpe.com\/de\/wp-json\/wp\/v2\/pages\/12849\/revisions"}],"predecessor-version":[{"id":423291,"href":"https:\/\/www.b-sharpe.com\/de\/wp-json\/wp\/v2\/pages\/12849\/revisions\/423291"}],"wp:attachment":[{"href":"https:\/\/www.b-sharpe.com\/de\/wp-json\/wp\/v2\/media?parent=12849"}],"curies":[{"name":"wp","href":"https:\/\/api.w.org\/{rel}","templated":true}]}}