{"id":12826,"date":"2020-04-17T20:43:48","date_gmt":"2020-04-17T20:43:48","guid":{"rendered":"https:\/\/b-sharpe.d.wpstage.net\/?page_id=12826"},"modified":"2024-03-22T09:42:51","modified_gmt":"2024-03-22T09:42:51","slug":"franc-schweiz-euro-umrechner","status":"publish","type":"page","link":"https:\/\/www.b-sharpe.com\/de\/franc-schweiz-euro-umrechner\/","title":{"rendered":"Umrechner Schweizer Franken \/ Euro"},"content":{"rendered":"\n<img decoding=\"async\" src=\"https:\/\/www.b-sharpe.com\/wp-content\/uploads\/2021\/03\/EUR-CHF-1.png\" alt=\"EUR-CHF (1)\" itemprop=\"image\" height=\"412\" width=\"446\" title=\"EUR-CHF (1)\" onerror=\"this.style.display='none'\">\n<h1>\n\t\tUmrechner Schweizer Franken \/ Euro\n\t<\/h1>\n\t<p>Der Umrechner von Schweizer Franken in Euro erm\u00f6glicht es Ihnen, den Gegenwert des Betrags in Schweizer Franken, den Sie wechseln m\u00f6chten, in Euro zu ermitteln. Geben Sie den Betrag in Schweizer Franken ein und der Umtausch in Euro, in Echtzeit berechnet, wird angezeigt.<\/p>\n<p>Die von uns angezeigten EUR-CHF-Wechselkurse sind diejenigen, die wir f\u00fcr unsere Kunden anwenden, die zur gleichen Zeit eine Devisentransaktion durchf\u00fchren.<\/p>\n\t<p><iframe src=\"https:\/\/simulator.b-sharpe.com\/preview?lang=de&amp;displaySavings=true&amp;amountSell=10000&amp;currencySell=CHF&amp;currencyBuy=EUR\" width=\"1000\" height=\"450\" frameborder=\"0\"><\/iframe><\/p>\n\t\t\t\t<img decoding=\"async\" src=\"https:\/\/www.b-sharpe.com\/wp-content\/uploads\/2021\/03\/Alerts.svg\" alt=\"Alerts\" title=\"Alerts\" itemprop=\"image\">\n\t\t<h2>\n\t\tAlarme bewerten\n\t<\/h2>\n\t<p>In Ihrem Kundenbereich k\u00f6nnen Sie Kurswarnungen einrichten, die mehr als 20 W\u00e4hrungen kombinieren. Dies ist eine ausgezeichnete M\u00f6glichkeit, Chancen zu erkennen oder die Entwicklung eines W\u00e4hrungspaares zu verfolgen.<\/p>\n<p><u><a href=\"https:\/\/secure.b-sharpe.com\/auth\/registration\/private\/?language=de\">Anmelden &amp; Alerts erstellen<\/a><\/u><\/p>\n<h2>\n\t\tKosten f\u00fcr die Umrechnung von Schweizer Franken in Euro und den Transfer von Euro aus der Schweiz\n\t<\/h2>\n\t<p>Die Kosten f\u00fcr die Umrechnung von Schweizer Franken in Euro sind bei Banken, Wechselstuben und Online-Wechselstuben-Spezialisten wie b-sharpe nicht die gleichen. Informieren Sie sich \u00fcber die wichtigen Unterschiede bei den Wechselgeb\u00fchren zwischen den verschiedenen Arten von Institutionen, die in Form von Beispielen zusammengefasst sind.<\/p>\n\t*Durchschnittlich von 5 Schweizer Grossbanken. Die Daten wurden zur gleichen Zeit (Tag, Stunde, Minute) erhoben.<br>\n**Durchschnittlich in den 3 bekanntesten und g\u00fcnstigsten Wechselstuben in Genf durchgef\u00fchrt. Die Daten wurden zur gleichen Zeit (Tag, Stunde, Minute) erhoben.<br>\n*** Es ist nicht m\u00f6glich, einen solchen Betrag in einer Wechselstube zu \u00e4ndern, daher wird dieser Betrag zu Informationszwecken angegeben.\n","protected":false},"excerpt":{"rendered":"<p>Umrechner Schweizer Franken \/ Euro Der Umrechner von Schweizer Franken in Euro erm\u00f6glicht es Ihnen, den Gegenwert des Betrags in Schweizer Franken, den Sie wechseln m\u00f6chten, in Euro zu ermitteln. Geben Sie den Betrag in Schweizer Franken ein und der Umtausch in Euro, in Echtzeit berechnet, wird angezeigt. Die von uns angezeigten EUR-CHF-Wechselkurse sind diejenigen,&hellip;<\/p>\n","protected":false},"author":2,"featured_media":24563,"parent":0,"menu_order":0,"comment_status":"closed","ping_status":"closed","template":"","meta":{"_acf_changed":false,"footnotes":""},"class_list":["post-12826","page","type-page","status-publish","has-post-thumbnail","hentry"],"acf":[],"yoast_head":"<!-- This site is optimized with the Yoast SEO plugin v26.9 - https:\/\/yoast.com\/product\/yoast-seo-wordpress\/ -->\n<title>Umrechner von Schweizer Franken in Euro (CHF EUR)<\/title>\n<meta name=\"description\" content=\"Konsultieren Sie unseren Umrechner von Schweizer Franken in Euro (EUR CHF). F\u00fchren Sie eine Umrechnung von Schweizer Franken in Euro in Echtzeit durch. Tageskurs, b-sharpe Wechselkurs.\" \/>\n<meta name=\"robots\" content=\"index, follow, max-snippet:-1, max-image-preview:large, max-video-preview:-1\" \/>\n<link rel=\"canonical\" href=\"https:\/\/www.b-sharpe.com\/de\/franc-schweiz-euro-umrechner\/\" \/>\n<meta property=\"og:locale\" content=\"de_DE\" \/>\n<meta property=\"og:type\" content=\"article\" \/>\n<meta property=\"og:title\" content=\"Umrechner von Schweizer Franken in Euro (CHF EUR)\" \/>\n<meta property=\"og:description\" content=\"Konsultieren Sie unseren Umrechner von Schweizer Franken in Euro (EUR CHF). F\u00fchren Sie eine Umrechnung von Schweizer Franken in Euro in Echtzeit durch. Tageskurs, b-sharpe Wechselkurs.\" \/>\n<meta property=\"og:url\" content=\"https:\/\/www.b-sharpe.com\/de\/franc-schweiz-euro-umrechner\/\" \/>\n<meta property=\"og:site_name\" content=\"b-sharpe\" \/>\n<meta property=\"article:modified_time\" content=\"2024-03-22T09:42:51+00:00\" \/>\n<meta property=\"og:image\" content=\"https:\/\/www.b-sharpe.com\/wp-content\/uploads\/2020\/06\/2-min.png\" \/>\n\t<meta property=\"og:image:width\" content=\"1200\" \/>\n\t<meta property=\"og:image:height\" content=\"630\" \/>\n\t<meta property=\"og:image:type\" content=\"image\/png\" \/>\n<meta name=\"twitter:card\" content=\"summary_large_image\" \/>\n<meta name=\"twitter:image\" content=\"https:\/\/www.b-sharpe.com\/wp-content\/uploads\/2020\/06\/2-min-1.png\" \/>\n<meta name=\"twitter:label1\" content=\"Gesch\u00e4tzte Lesezeit\" \/>\n\t<meta name=\"twitter:data1\" content=\"2\u00a0Minuten\" \/>\n<script type=\"application\/ld+json\" class=\"yoast-schema-graph\">{\"@context\":\"https:\/\/schema.org\",\"@graph\":[{\"@type\":\"WebPage\",\"@id\":\"https:\/\/www.b-sharpe.com\/de\/franc-schweiz-euro-umrechner\/\",\"url\":\"https:\/\/www.b-sharpe.com\/de\/franc-schweiz-euro-umrechner\/\",\"name\":\"Umrechner von Schweizer Franken in Euro (CHF EUR)\",\"isPartOf\":{\"@id\":\"https:\/\/www.b-sharpe.com\/de\/#website\"},\"primaryImageOfPage\":{\"@id\":\"https:\/\/www.b-sharpe.com\/de\/franc-schweiz-euro-umrechner\/#primaryimage\"},\"image\":{\"@id\":\"https:\/\/www.b-sharpe.com\/de\/franc-schweiz-euro-umrechner\/#primaryimage\"},\"thumbnailUrl\":\"https:\/\/www.b-sharpe.com\/wp-content\/uploads\/2021\/02\/13.png\",\"datePublished\":\"2020-04-17T20:43:48+00:00\",\"dateModified\":\"2024-03-22T09:42:51+00:00\",\"description\":\"Konsultieren Sie unseren Umrechner von Schweizer Franken in Euro (EUR CHF). F\u00fchren Sie eine Umrechnung von Schweizer Franken in Euro in Echtzeit durch. Tageskurs, b-sharpe Wechselkurs.\",\"breadcrumb\":{\"@id\":\"https:\/\/www.b-sharpe.com\/de\/franc-schweiz-euro-umrechner\/#breadcrumb\"},\"inLanguage\":\"de\",\"potentialAction\":[{\"@type\":\"ReadAction\",\"target\":[\"https:\/\/www.b-sharpe.com\/de\/franc-schweiz-euro-umrechner\/\"]}]},{\"@type\":\"ImageObject\",\"inLanguage\":\"de\",\"@id\":\"https:\/\/www.b-sharpe.com\/de\/franc-schweiz-euro-umrechner\/#primaryimage\",\"url\":\"https:\/\/www.b-sharpe.com\/wp-content\/uploads\/2021\/02\/13.png\",\"contentUrl\":\"https:\/\/www.b-sharpe.com\/wp-content\/uploads\/2021\/02\/13.png\",\"width\":1500,\"height\":940},{\"@type\":\"BreadcrumbList\",\"@id\":\"https:\/\/www.b-sharpe.com\/de\/franc-schweiz-euro-umrechner\/#breadcrumb\",\"itemListElement\":[{\"@type\":\"ListItem\",\"position\":1,\"name\":\"Accueil\",\"item\":\"https:\/\/www.b-sharpe.com\/de\/\"},{\"@type\":\"ListItem\",\"position\":2,\"name\":\"Umrechner Schweizer Franken \/ Euro\"}]},{\"@type\":\"WebSite\",\"@id\":\"https:\/\/www.b-sharpe.com\/de\/#website\",\"url\":\"https:\/\/www.b-sharpe.com\/de\/\",\"name\":\"b-sharpe\",\"description\":\"Le change en ligne de qualit\u00e9 suisse\",\"potentialAction\":[{\"@type\":\"SearchAction\",\"target\":{\"@type\":\"EntryPoint\",\"urlTemplate\":\"https:\/\/www.b-sharpe.com\/de\/?s={search_term_string}\"},\"query-input\":{\"@type\":\"PropertyValueSpecification\",\"valueRequired\":true,\"valueName\":\"search_term_string\"}}],\"inLanguage\":\"de\"}]}<\/script>\n<!-- \/ Yoast SEO plugin. -->","yoast_head_json":{"title":"Umrechner von Schweizer Franken in Euro (CHF EUR)","description":"Konsultieren Sie unseren Umrechner von Schweizer Franken in Euro (EUR CHF). F\u00fchren Sie eine Umrechnung von Schweizer Franken in Euro in Echtzeit durch. Tageskurs, b-sharpe Wechselkurs.","robots":{"index":"index","follow":"follow","max-snippet":"max-snippet:-1","max-image-preview":"max-image-preview:large","max-video-preview":"max-video-preview:-1"},"canonical":"https:\/\/www.b-sharpe.com\/de\/franc-schweiz-euro-umrechner\/","og_locale":"de_DE","og_type":"article","og_title":"Umrechner von Schweizer Franken in Euro (CHF EUR)","og_description":"Konsultieren Sie unseren Umrechner von Schweizer Franken in Euro (EUR CHF). F\u00fchren Sie eine Umrechnung von Schweizer Franken in Euro in Echtzeit durch. Tageskurs, b-sharpe Wechselkurs.","og_url":"https:\/\/www.b-sharpe.com\/de\/franc-schweiz-euro-umrechner\/","og_site_name":"b-sharpe","article_modified_time":"2024-03-22T09:42:51+00:00","og_image":[{"width":1200,"height":630,"url":"https:\/\/www.b-sharpe.com\/wp-content\/uploads\/2020\/06\/2-min.png","type":"image\/png"}],"twitter_card":"summary_large_image","twitter_image":"https:\/\/www.b-sharpe.com\/wp-content\/uploads\/2020\/06\/2-min-1.png","twitter_misc":{"Gesch\u00e4tzte Lesezeit":"2\u00a0Minuten"},"schema":{"@context":"https:\/\/schema.org","@graph":[{"@type":"WebPage","@id":"https:\/\/www.b-sharpe.com\/de\/franc-schweiz-euro-umrechner\/","url":"https:\/\/www.b-sharpe.com\/de\/franc-schweiz-euro-umrechner\/","name":"Umrechner von Schweizer Franken in Euro (CHF EUR)","isPartOf":{"@id":"https:\/\/www.b-sharpe.com\/de\/#website"},"primaryImageOfPage":{"@id":"https:\/\/www.b-sharpe.com\/de\/franc-schweiz-euro-umrechner\/#primaryimage"},"image":{"@id":"https:\/\/www.b-sharpe.com\/de\/franc-schweiz-euro-umrechner\/#primaryimage"},"thumbnailUrl":"https:\/\/www.b-sharpe.com\/wp-content\/uploads\/2021\/02\/13.png","datePublished":"2020-04-17T20:43:48+00:00","dateModified":"2024-03-22T09:42:51+00:00","description":"Konsultieren Sie unseren Umrechner von Schweizer Franken in Euro (EUR CHF). F\u00fchren Sie eine Umrechnung von Schweizer Franken in Euro in Echtzeit durch. Tageskurs, b-sharpe Wechselkurs.","breadcrumb":{"@id":"https:\/\/www.b-sharpe.com\/de\/franc-schweiz-euro-umrechner\/#breadcrumb"},"inLanguage":"de","potentialAction":[{"@type":"ReadAction","target":["https:\/\/www.b-sharpe.com\/de\/franc-schweiz-euro-umrechner\/"]}]},{"@type":"ImageObject","inLanguage":"de","@id":"https:\/\/www.b-sharpe.com\/de\/franc-schweiz-euro-umrechner\/#primaryimage","url":"https:\/\/www.b-sharpe.com\/wp-content\/uploads\/2021\/02\/13.png","contentUrl":"https:\/\/www.b-sharpe.com\/wp-content\/uploads\/2021\/02\/13.png","width":1500,"height":940},{"@type":"BreadcrumbList","@id":"https:\/\/www.b-sharpe.com\/de\/franc-schweiz-euro-umrechner\/#breadcrumb","itemListElement":[{"@type":"ListItem","position":1,"name":"Accueil","item":"https:\/\/www.b-sharpe.com\/de\/"},{"@type":"ListItem","position":2,"name":"Umrechner Schweizer Franken \/ Euro"}]},{"@type":"WebSite","@id":"https:\/\/www.b-sharpe.com\/de\/#website","url":"https:\/\/www.b-sharpe.com\/de\/","name":"b-sharpe","description":"Le change en ligne de qualit\u00e9 suisse","potentialAction":[{"@type":"SearchAction","target":{"@type":"EntryPoint","urlTemplate":"https:\/\/www.b-sharpe.com\/de\/?s={search_term_string}"},"query-input":{"@type":"PropertyValueSpecification","valueRequired":true,"valueName":"search_term_string"}}],"inLanguage":"de"}]}},"_links":{"self":[{"href":"https:\/\/www.b-sharpe.com\/de\/wp-json\/wp\/v2\/pages\/12826","targetHints":{"allow":["GET"]}}],"collection":[{"href":"https:\/\/www.b-sharpe.com\/de\/wp-json\/wp\/v2\/pages"}],"about":[{"href":"https:\/\/www.b-sharpe.com\/de\/wp-json\/wp\/v2\/types\/page"}],"author":[{"embeddable":true,"href":"https:\/\/www.b-sharpe.com\/de\/wp-json\/wp\/v2\/users\/2"}],"replies":[{"embeddable":true,"href":"https:\/\/www.b-sharpe.com\/de\/wp-json\/wp\/v2\/comments?post=12826"}],"version-history":[{"count":4,"href":"https:\/\/www.b-sharpe.com\/de\/wp-json\/wp\/v2\/pages\/12826\/revisions"}],"predecessor-version":[{"id":420390,"href":"https:\/\/www.b-sharpe.com\/de\/wp-json\/wp\/v2\/pages\/12826\/revisions\/420390"}],"wp:featuredmedia":[{"embeddable":true,"href":"https:\/\/www.b-sharpe.com\/de\/wp-json\/wp\/v2\/media\/24563"}],"wp:attachment":[{"href":"https:\/\/www.b-sharpe.com\/de\/wp-json\/wp\/v2\/media?parent=12826"}],"curies":[{"name":"wp","href":"https:\/\/api.w.org\/{rel}","templated":true}]}}