{"id":12623,"date":"2020-04-17T17:12:26","date_gmt":"2020-04-17T17:12:26","guid":{"rendered":"https:\/\/b-sharpe.d.wpstage.net\/?page_id=12623"},"modified":"2024-04-12T12:54:17","modified_gmt":"2024-04-12T12:54:17","slug":"kundenbewertungen","status":"publish","type":"page","link":"https:\/\/www.b-sharpe.com\/de\/kundenbewertungen\/","title":{"rendered":"Finden Sie heraus, was b-sharpe Kunden \u00fcber den Devisendienst denken"},"content":{"rendered":"\n<h1>\n\t\tb-sharpe Kundenzufriedenheit, unsere Servicegarantie\n\t<\/h1>\n\t<p>Im Interesse vollst\u00e4ndiger Transparenz holen wir die Kundenmeinungen von b-sharpe \u00fcber eine unabh\u00e4ngige Organisation, Trustpilot, ein.<\/p>\n\t<!-- TrustBox widget - Mini -->\n  <a href=\"https:\/\/de.trustpilot.com\/review\/b-sharpe.com\" target=\"_blank\" rel=\"noopener noreferrer\">Trustpilot<\/a>\n<!-- End TrustBox widget -->\n\t\t\t<a href=\"https:\/\/secure.b-sharpe.com\/auth\/registration\/private\/?language=de\" target=\"_self\" role=\"button\" rel=\"noopener noreferrer\">\n\t\t\t\t\t\t\tVersuchen Sie b-sharpe\n\t\t\t\t\t<\/a>\n<h2>\n\t\tHier sind die wichtigsten Punkte, die Sie sich \u00fcber unser Kundenbenachrichtigungssystem merken sollten\n\t<\/h2>\n\tTrustpilot ist eine unabh\u00e4ngige Plattform, die es uns erm\u00f6glicht, Feedback von unseren Kunden zu sammeln.<br>\nIhr Dienst ist zertifiziert und entspricht der Norm NF Z74-501.\n\t\t\t\t<img decoding=\"async\" src=\"https:\/\/www.b-sharpe.com\/wp-content\/uploads\/2021\/03\/Chat-1.svg\" alt=\"Chat (1)\" title=\"Chat (1)\" itemprop=\"image\">\n\t\t\t\t<p>b-sharpe zeigt alle Mitteilungen an, unabh\u00e4ngig von der Bewertung. Wir filtern die Anzeige der Mitteilungen nicht.<\/p>\n\t\t\t\t<img decoding=\"async\" src=\"https:\/\/www.b-sharpe.com\/wp-content\/uploads\/2021\/03\/icon-mail.svg\" alt=\"icon-mail\" title=\"icon-mail\" itemprop=\"image\">\n\t\t\t\t<p>Truspilot sendet automatisch eine Benachrichtigungsanforderung an jeden Kunden, der eine Transaktion durchgef\u00fchrt hat.<\/p>\n\t\t\t\t<img decoding=\"async\" src=\"https:\/\/www.b-sharpe.com\/wp-content\/uploads\/2021\/03\/icon-lock.svg\" alt=\"icon-lock\" title=\"icon-lock\" itemprop=\"image\">\n\t\t\t\t<p>b-sharpe kann eine Benachrichtigung nicht \u00e4ndern oder l\u00f6schen, sondern nur der Kunde kann dies tun.<\/p>\n\t\t\t<a href=\"https:\/\/de.trustpilot.com\/review\/b-sharpe.com\" target=\"_self\" role=\"button\" rel=\"noopener noreferrer\">\n\t\t\t\t\t\t\tAlle Bewertungen lesen\n\t\t\t\t\t<\/a>\n<h2>\n\t\tDie neuesten b-sharpe Kundenbewertungen\n\t<\/h2>\n\t\t\t\t<img decoding=\"async\" src=\"https:\/\/www.b-sharpe.com\/wp-content\/uploads\/bb-plugin\/cache\/homme-1-circle.jpg\" alt=\"homme\" title=\"homme\" itemprop=\"image\">\n\t\t\t\t\n<p>&#8222;Ob f\u00fcr professionelle oder private Devisengesch\u00e4fte, der Service von b-sharpe ist schnell und von hoher Qualit\u00e4t, mit vorteilhaften Umtauschbedingungen. Zudem ist der telefonische Kontakt kompetent und freundlich, ein kommerzieller Service, der sich auszeichnet. Vor allem muss es so bleiben&#8220;<\/p>\n\t\t\t\t<img decoding=\"async\" src=\"https:\/\/www.b-sharpe.com\/wp-content\/uploads\/bb-plugin\/cache\/smartphone-femme-b-sharpe-circle.jpg\" alt=\"cliente b-sharpe\" title=\"smartphone-femme-b-sharpe\" itemprop=\"image\">\n\t\t\t\t\n<p>&#8222;Ich bin gerade erst zu b-sharpe zur\u00fcckgekehrt, das ich vor zwei Jahren durch meine Arbeit kannte. Ich brauche sie heute f\u00fcr pers\u00f6nliche Bed\u00fcrfnisse. Sie waren schon vor zwei Jahren gro\u00dfartig. Heute sind ihre Schnelligkeit, Professionalit\u00e4t, Geduld und Freundlichkeit noch besser. Es ist eine wahre Freude, mit ihrem Team zu arbeiten. Ich danke Ihnen f\u00fcr Ihren tadellosen Dienst, in den ich volles Vertrauen habe.&#8220;<\/p>\n\t<!-- TrustBox widget - Grid -->\n  <a href=\"https:\/\/de.trustpilot.com\/review\/b-sharpe.com\" target=\"_blank\" rel=\"noopener noreferrer\">Trustpilot<\/a>\n<!-- End TrustBox widget -->\n","protected":false},"excerpt":{"rendered":"<p>b-sharpe Kundenzufriedenheit, unsere Servicegarantie Im Interesse vollst\u00e4ndiger Transparenz holen wir die Kundenmeinungen von b-sharpe \u00fcber eine unabh\u00e4ngige Organisation, Trustpilot, ein. Trustpilot Versuchen Sie b-sharpe Hier sind die wichtigsten Punkte, die Sie sich \u00fcber unser Kundenbenachrichtigungssystem merken sollten Trustpilot ist eine unabh\u00e4ngige Plattform, die es uns erm\u00f6glicht, Feedback von unseren Kunden zu sammeln. Ihr Dienst ist&hellip;<\/p>\n","protected":false},"author":10,"featured_media":24814,"parent":0,"menu_order":0,"comment_status":"closed","ping_status":"closed","template":"","meta":{"_acf_changed":false,"footnotes":""},"class_list":["post-12623","page","type-page","status-publish","has-post-thumbnail","hentry"],"acf":[],"yoast_head":"<!-- This site is optimized with the Yoast SEO plugin v26.9 - https:\/\/yoast.com\/product\/yoast-seo-wordpress\/ -->\n<title>Finden Sie heraus, was b-sharpe Kunden \u00fcber den Devisendienst denken<\/title>\n<meta name=\"description\" content=\"Finden Sie alle b-sharpe Kundenbewertungen, die Bewertung, die sie uns geben, ihre Kommentare, in Zusammenarbeit mit dem Bewertungsdienst Trustpilot\" \/>\n<meta name=\"robots\" content=\"index, follow, max-snippet:-1, max-image-preview:large, max-video-preview:-1\" \/>\n<link rel=\"canonical\" href=\"https:\/\/www.b-sharpe.com\/de\/kundenbewertungen\/\" \/>\n<meta property=\"og:locale\" content=\"de_DE\" \/>\n<meta property=\"og:type\" content=\"article\" \/>\n<meta property=\"og:title\" content=\"Finden Sie heraus, was b-sharpe Kunden \u00fcber den Devisendienst denken\" \/>\n<meta property=\"og:description\" content=\"Finden Sie alle b-sharpe Kundenbewertungen, die Bewertung, die sie uns geben, ihre Kommentare, in Zusammenarbeit mit dem Bewertungsdienst Trustpilot\" \/>\n<meta property=\"og:url\" content=\"https:\/\/www.b-sharpe.com\/de\/kundenbewertungen\/\" \/>\n<meta property=\"og:site_name\" content=\"b-sharpe\" \/>\n<meta property=\"article:modified_time\" content=\"2024-04-12T12:54:17+00:00\" \/>\n<meta property=\"og:image\" content=\"https:\/\/www.b-sharpe.com\/wp-content\/uploads\/2021\/02\/Images-MEA-pages-37.png\" \/>\n\t<meta property=\"og:image:width\" content=\"1500\" \/>\n\t<meta property=\"og:image:height\" content=\"940\" \/>\n\t<meta property=\"og:image:type\" content=\"image\/png\" \/>\n<meta name=\"twitter:card\" content=\"summary_large_image\" \/>\n<meta name=\"twitter:image\" content=\"https:\/\/www.b-sharpe.com\/wp-content\/uploads\/2021\/02\/Images-MEA-pages-37.png\" \/>\n<meta name=\"twitter:label1\" content=\"Gesch\u00e4tzte Lesezeit\" \/>\n\t<meta name=\"twitter:data1\" content=\"3\u00a0Minuten\" \/>\n<script type=\"application\/ld+json\" class=\"yoast-schema-graph\">{\"@context\":\"https:\/\/schema.org\",\"@graph\":[{\"@type\":\"WebPage\",\"@id\":\"https:\/\/www.b-sharpe.com\/de\/kundenbewertungen\/\",\"url\":\"https:\/\/www.b-sharpe.com\/de\/kundenbewertungen\/\",\"name\":\"Finden Sie heraus, was b-sharpe Kunden \u00fcber den Devisendienst denken\",\"isPartOf\":{\"@id\":\"https:\/\/www.b-sharpe.com\/de\/#website\"},\"primaryImageOfPage\":{\"@id\":\"https:\/\/www.b-sharpe.com\/de\/kundenbewertungen\/#primaryimage\"},\"image\":{\"@id\":\"https:\/\/www.b-sharpe.com\/de\/kundenbewertungen\/#primaryimage\"},\"thumbnailUrl\":\"https:\/\/www.b-sharpe.com\/wp-content\/uploads\/2021\/02\/Images-MEA-pages-37.png\",\"datePublished\":\"2020-04-17T17:12:26+00:00\",\"dateModified\":\"2024-04-12T12:54:17+00:00\",\"description\":\"Finden Sie alle b-sharpe Kundenbewertungen, die Bewertung, die sie uns geben, ihre Kommentare, in Zusammenarbeit mit dem Bewertungsdienst Trustpilot\",\"breadcrumb\":{\"@id\":\"https:\/\/www.b-sharpe.com\/de\/kundenbewertungen\/#breadcrumb\"},\"inLanguage\":\"de\",\"potentialAction\":[{\"@type\":\"ReadAction\",\"target\":[\"https:\/\/www.b-sharpe.com\/de\/kundenbewertungen\/\"]}]},{\"@type\":\"ImageObject\",\"inLanguage\":\"de\",\"@id\":\"https:\/\/www.b-sharpe.com\/de\/kundenbewertungen\/#primaryimage\",\"url\":\"https:\/\/www.b-sharpe.com\/wp-content\/uploads\/2021\/02\/Images-MEA-pages-37.png\",\"contentUrl\":\"https:\/\/www.b-sharpe.com\/wp-content\/uploads\/2021\/02\/Images-MEA-pages-37.png\",\"width\":1500,\"height\":940},{\"@type\":\"BreadcrumbList\",\"@id\":\"https:\/\/www.b-sharpe.com\/de\/kundenbewertungen\/#breadcrumb\",\"itemListElement\":[{\"@type\":\"ListItem\",\"position\":1,\"name\":\"Accueil\",\"item\":\"https:\/\/www.b-sharpe.com\/de\/\"},{\"@type\":\"ListItem\",\"position\":2,\"name\":\"Finden Sie heraus, was b-sharpe Kunden \u00fcber den Devisendienst denken\"}]},{\"@type\":\"WebSite\",\"@id\":\"https:\/\/www.b-sharpe.com\/de\/#website\",\"url\":\"https:\/\/www.b-sharpe.com\/de\/\",\"name\":\"b-sharpe\",\"description\":\"Le change en ligne de qualit\u00e9 suisse\",\"potentialAction\":[{\"@type\":\"SearchAction\",\"target\":{\"@type\":\"EntryPoint\",\"urlTemplate\":\"https:\/\/www.b-sharpe.com\/de\/?s={search_term_string}\"},\"query-input\":{\"@type\":\"PropertyValueSpecification\",\"valueRequired\":true,\"valueName\":\"search_term_string\"}}],\"inLanguage\":\"de\"}]}<\/script>\n<!-- \/ Yoast SEO plugin. -->","yoast_head_json":{"title":"Finden Sie heraus, was b-sharpe Kunden \u00fcber den Devisendienst denken","description":"Finden Sie alle b-sharpe Kundenbewertungen, die Bewertung, die sie uns geben, ihre Kommentare, in Zusammenarbeit mit dem Bewertungsdienst Trustpilot","robots":{"index":"index","follow":"follow","max-snippet":"max-snippet:-1","max-image-preview":"max-image-preview:large","max-video-preview":"max-video-preview:-1"},"canonical":"https:\/\/www.b-sharpe.com\/de\/kundenbewertungen\/","og_locale":"de_DE","og_type":"article","og_title":"Finden Sie heraus, was b-sharpe Kunden \u00fcber den Devisendienst denken","og_description":"Finden Sie alle b-sharpe Kundenbewertungen, die Bewertung, die sie uns geben, ihre Kommentare, in Zusammenarbeit mit dem Bewertungsdienst Trustpilot","og_url":"https:\/\/www.b-sharpe.com\/de\/kundenbewertungen\/","og_site_name":"b-sharpe","article_modified_time":"2024-04-12T12:54:17+00:00","og_image":[{"width":1500,"height":940,"url":"https:\/\/www.b-sharpe.com\/wp-content\/uploads\/2021\/02\/Images-MEA-pages-37.png","type":"image\/png"}],"twitter_card":"summary_large_image","twitter_image":"https:\/\/www.b-sharpe.com\/wp-content\/uploads\/2021\/02\/Images-MEA-pages-37.png","twitter_misc":{"Gesch\u00e4tzte Lesezeit":"3\u00a0Minuten"},"schema":{"@context":"https:\/\/schema.org","@graph":[{"@type":"WebPage","@id":"https:\/\/www.b-sharpe.com\/de\/kundenbewertungen\/","url":"https:\/\/www.b-sharpe.com\/de\/kundenbewertungen\/","name":"Finden Sie heraus, was b-sharpe Kunden \u00fcber den Devisendienst denken","isPartOf":{"@id":"https:\/\/www.b-sharpe.com\/de\/#website"},"primaryImageOfPage":{"@id":"https:\/\/www.b-sharpe.com\/de\/kundenbewertungen\/#primaryimage"},"image":{"@id":"https:\/\/www.b-sharpe.com\/de\/kundenbewertungen\/#primaryimage"},"thumbnailUrl":"https:\/\/www.b-sharpe.com\/wp-content\/uploads\/2021\/02\/Images-MEA-pages-37.png","datePublished":"2020-04-17T17:12:26+00:00","dateModified":"2024-04-12T12:54:17+00:00","description":"Finden Sie alle b-sharpe Kundenbewertungen, die Bewertung, die sie uns geben, ihre Kommentare, in Zusammenarbeit mit dem Bewertungsdienst Trustpilot","breadcrumb":{"@id":"https:\/\/www.b-sharpe.com\/de\/kundenbewertungen\/#breadcrumb"},"inLanguage":"de","potentialAction":[{"@type":"ReadAction","target":["https:\/\/www.b-sharpe.com\/de\/kundenbewertungen\/"]}]},{"@type":"ImageObject","inLanguage":"de","@id":"https:\/\/www.b-sharpe.com\/de\/kundenbewertungen\/#primaryimage","url":"https:\/\/www.b-sharpe.com\/wp-content\/uploads\/2021\/02\/Images-MEA-pages-37.png","contentUrl":"https:\/\/www.b-sharpe.com\/wp-content\/uploads\/2021\/02\/Images-MEA-pages-37.png","width":1500,"height":940},{"@type":"BreadcrumbList","@id":"https:\/\/www.b-sharpe.com\/de\/kundenbewertungen\/#breadcrumb","itemListElement":[{"@type":"ListItem","position":1,"name":"Accueil","item":"https:\/\/www.b-sharpe.com\/de\/"},{"@type":"ListItem","position":2,"name":"Finden Sie heraus, was b-sharpe Kunden \u00fcber den Devisendienst denken"}]},{"@type":"WebSite","@id":"https:\/\/www.b-sharpe.com\/de\/#website","url":"https:\/\/www.b-sharpe.com\/de\/","name":"b-sharpe","description":"Le change en ligne de qualit\u00e9 suisse","potentialAction":[{"@type":"SearchAction","target":{"@type":"EntryPoint","urlTemplate":"https:\/\/www.b-sharpe.com\/de\/?s={search_term_string}"},"query-input":{"@type":"PropertyValueSpecification","valueRequired":true,"valueName":"search_term_string"}}],"inLanguage":"de"}]}},"_links":{"self":[{"href":"https:\/\/www.b-sharpe.com\/de\/wp-json\/wp\/v2\/pages\/12623","targetHints":{"allow":["GET"]}}],"collection":[{"href":"https:\/\/www.b-sharpe.com\/de\/wp-json\/wp\/v2\/pages"}],"about":[{"href":"https:\/\/www.b-sharpe.com\/de\/wp-json\/wp\/v2\/types\/page"}],"author":[{"embeddable":true,"href":"https:\/\/www.b-sharpe.com\/de\/wp-json\/wp\/v2\/users\/10"}],"replies":[{"embeddable":true,"href":"https:\/\/www.b-sharpe.com\/de\/wp-json\/wp\/v2\/comments?post=12623"}],"version-history":[{"count":2,"href":"https:\/\/www.b-sharpe.com\/de\/wp-json\/wp\/v2\/pages\/12623\/revisions"}],"predecessor-version":[{"id":420685,"href":"https:\/\/www.b-sharpe.com\/de\/wp-json\/wp\/v2\/pages\/12623\/revisions\/420685"}],"wp:featuredmedia":[{"embeddable":true,"href":"https:\/\/www.b-sharpe.com\/de\/wp-json\/wp\/v2\/media\/24814"}],"wp:attachment":[{"href":"https:\/\/www.b-sharpe.com\/de\/wp-json\/wp\/v2\/media?parent=12623"}],"curies":[{"name":"wp","href":"https:\/\/api.w.org\/{rel}","templated":true}]}}