{"id":12610,"date":"2020-04-17T17:10:53","date_gmt":"2020-04-17T17:10:53","guid":{"rendered":"https:\/\/b-sharpe.d.wpstage.net\/?page_id=12610"},"modified":"2025-05-19T10:53:15","modified_gmt":"2025-05-19T10:53:15","slug":"geschaeftsbereich","status":"publish","type":"page","link":"https:\/\/www.b-sharpe.com\/de\/geschaeftsbereich\/","title":{"rendered":"Online-W\u00e4hrungsumtauschl\u00f6sungen f\u00fcr Unternehmen &#8211; b-sharpe"},"content":{"rendered":"\n<h2>\n\t\tWir bieten Ihnen mehr als nur einen Wechselservice\n\t<\/h2>\n\t\t\t\t<img decoding=\"async\" src=\"https:\/\/www.b-sharpe.com\/wp-content\/uploads\/2022\/05\/Groupe-229.png\" alt=\"Groupe 229\" title=\"Groupe 229\" itemprop=\"image\"\/>\n\t\t<h3>Premium-Support<\/h3>\t\t\t\n\t\t\t\t<p>Unsere Teams stehen Ihnen zur Verf\u00fcgung und unterst\u00fctzen Sie von der Anmeldung bis hin zur Abwicklung Ihrer Gesch\u00e4fte.<\/p>\n\t\t\t\t<img decoding=\"async\" src=\"https:\/\/www.b-sharpe.com\/wp-content\/uploads\/2022\/05\/Groupe-232.png\" alt=\"Groupe 232\" title=\"Groupe 232\" itemprop=\"image\"\/>\n\t\t<h3>Sicherheit<\/h3>\t\t\t\n\t\t\t\t<p>Unsere Dienstleistungen werden von Schweizer Organisationen reguliert, die die Sicherheit Ihrer Transaktionen garantieren.<\/p>\n\t\t\t\t<img decoding=\"async\" src=\"https:\/\/www.b-sharpe.com\/wp-content\/uploads\/2022\/05\/Groupe-230.png\" alt=\"Groupe 230\" title=\"Groupe 230\" itemprop=\"image\"\/>\n\t\t<h3>Schnelligkeit<\/h3>\t\t\t\n\t\t\t\t<p>Ihre Betr\u00e4ge werden innerhalb von 1 bis 24 Arbeitsstunden umgetauscht und verschickt.<\/p>\n\t\t\t\t<img decoding=\"async\" src=\"https:\/\/www.b-sharpe.com\/wp-content\/uploads\/2022\/05\/Groupe-231.png\" alt=\"Groupe 231\" title=\"Groupe 231\" itemprop=\"image\"\/>\n\t\t<h3>Einfachheit<\/h3>\t\t\t\n\t\t\t\t<p>Die Verwaltung Ihres Devisenbedarfs wird f\u00fcr Ihre Finanzabteilung zum Kinderspiel.<\/p>\n<h2>\n\t\t\u00dcberschreiten Sie Grenzen mit wenigen Klicks\n\t<\/h2>\n\t<p>Wechseln Sie Ihr Geld online in \u00fcber 25 verschiedenen W\u00e4hrungen.<\/p>\n\t\t\t\t<img decoding=\"async\" src=\"https:\/\/www.b-sharpe.com\/wp-content\/uploads\/2022\/06\/Groupe-327@2x.png\" alt=\"Groupe 327@2x\" itemprop=\"image\" height=\"4198\" width=\"2125\" title=\"Groupe 327@2x\" onerror=\"this.style.display='none'\"  \/>\n<img decoding=\"async\" src=\"https:\/\/www.b-sharpe.com\/wp-content\/uploads\/2022\/03\/Photo-Alain-1-1.jpg\"\/>\n    <p>Als Reiseb\u00fcro haben wir viele Rechnungen in Fremdw\u00e4hrungen zu begleichen. Die <b>Flexibilit\u00e4t<\/b> von b-sharpe, die immer sehr g\u00fcnstigen Wechselkurse und die Qualit\u00e4t des Kundenservices kommen uns dabei immer zugute.<\/p>\n    <p>Alain Bost, Directeur<\/p>\n    <p><a href=\"https:\/\/www.charter.ch\/\">Charter Voyages<\/a><\/p>\n\t\t\t<a href=\"https:\/\/secure.b-sharpe.com\/auth\/registration\/company\/?language=de\" target=\"_self\" role=\"button\">\n\t\t\t\t\t\t\tAnmeldung ohne Verpflichtungen\n\t\t\t\t\t<\/a>\n\t\t\t<a href=\"tel:+41223111187\" target=\"_blank\" role=\"button\" rel=\"noopener\">\n\t\t\t\t\t\t\tKontaktieren Sie das Vertriebsteam\n\t\t\t\t\t<\/a>\n<h2>\n\t\tEin sicherer Service &#8211; garantiert\n\t<\/h2>\n\t\t\t\t<img decoding=\"async\" src=\"https:\/\/www.b-sharpe.com\/wp-content\/uploads\/2021\/03\/euro.svg\" alt=\"\" title=\"\" itemprop=\"image\"\/>\n\t\t<h3>Bei uns ist Ihr Geld versichert<\/h3>\t\t\t\n\t\t\t\t<p>Wir bieten all unseren Kunden eine Versicherungsgarantie \u00fcber 5 Millionen Franken, die s\u00e4mtliche Transaktionen vor Betrug und Softwarepiraterie sch\u00fctzt.<\/p>\n\t\t\t\t<img decoding=\"async\" src=\"https:\/\/www.b-sharpe.com\/wp-content\/uploads\/2021\/03\/finance.svg\" alt=\"\" title=\"\" itemprop=\"image\"\/>\n\t\t<h3>Schweizerische Finanzlizenz<\/h3>\t\t\t\n\t\t\t\t<p>b-sharpe unterliegt den Schweizer Finanzmarktgesetzen und den Reglementen von SO-FIT, von der FINMA (Eidgen\u00f6ssische Finanzmarktaufsicht) anerkannte Selbstregulierungsorganisation.<\/p>\n\t\t\t\t<img decoding=\"async\" src=\"https:\/\/www.b-sharpe.com\/wp-content\/uploads\/2021\/03\/control.svg\" alt=\"\" title=\"\" itemprop=\"image\"\/>\n\t\t<h3>Immer f\u00fcr <br \/>Sie da<\/h3>\t\t\t\n\t\t\t\t<p>Wir sind stolz darauf, Ihnen einen massgeschneiderten Service bieten zu k\u00f6nnen, der Sie bei all Ihren Devisentransaktionen unterst\u00fctzt. Im Rahmen unserer Gesch\u00e4ftszeiten sind wir jederzeit und ohne Wartezeiten f\u00fcr Sie erreichbar.<\/p>\n<h2>\n\t\tN\u00fctzliche Ressourcen f\u00fcr KMU\n\t<\/h2>\n    <!--  -->\n                                                                    <article id=\"blog-post-418302\">\n                    4 Min                \n                                    <img width=\"599\" height=\"337\" src=\"https:\/\/www.b-sharpe.com\/wp-content\/uploads\/2022\/10\/homme.balcon.png\" alt=\"Homme cherchant le meilleur taux de change sur son ordinateur \u00e0 Gen\u00e8ve\" decoding=\"async\" \/>                            \n                        <img alt='' src='https:\/\/secure.gravatar.com\/avatar\/27ea763e8f1115b78a5d3fb73ca62837db8563f1aed7b18fdaf5d7ff033573c9?s=40&#038;d=blank&#038;r=g' srcset='https:\/\/secure.gravatar.com\/avatar\/27ea763e8f1115b78a5d3fb73ca62837db8563f1aed7b18fdaf5d7ff033573c9?s=80&#038;d=blank&#038;r=g 2x' class='avatar avatar-40 photo' height='40' width='40' decoding='async'\/>                    \n                        Von Alexandre Malingue\n                            25 Nov. 2022                        \n                <a target=\"_blank\" href=\"https:\/\/www.b-sharpe.com\/de\/blog\/categorie\/finanzen-de\/\">Finanzen<\/a>                \n            <h2>\n                <a target=\"_blank\" rel=\"noopener noreferrer\" href=\"https:\/\/www.b-sharpe.com\/de\/blog\/bester-wechselkurs-genf\/\">Unsere Tipps, um den besten Wechselkurs in Genf zu finden<\/a>            <\/h2>\n<\/article>                                                                    <article id=\"blog-post-418220\">\n                    3 Min                \n                                    <img width=\"599\" height=\"337\" src=\"https:\/\/www.b-sharpe.com\/wp-content\/uploads\/2021\/08\/tauxdechange.jpg\" alt=\"6 Conseils pour Obtenir le Meilleur Taux de Change (Particuliers)\" decoding=\"async\" srcset=\"\/\/www.b-sharpe.com\/wp-content\/uploads\/2021\/08\/tauxdechange.jpg 1920w, \/\/www.b-sharpe.com\/wp-content\/uploads\/2021\/08\/tauxdechange-300x169.jpg 300w, \/\/www.b-sharpe.com\/wp-content\/uploads\/2021\/08\/tauxdechange-1024x576.jpg 1024w, \/\/www.b-sharpe.com\/wp-content\/uploads\/2021\/08\/tauxdechange-768x432.jpg 768w, \/\/www.b-sharpe.com\/wp-content\/uploads\/2021\/08\/tauxdechange-1536x864.jpg 1536w\" sizes=\"(max-width: 599px) 100vw, 599px\" \/>                            \n                        <img alt='' src='https:\/\/secure.gravatar.com\/avatar\/a6923874e84a6b22a30b1b8aaac064a16a3503cc1b06b8e09980b44b236f6f73?s=40&#038;d=blank&#038;r=g' srcset='https:\/\/secure.gravatar.com\/avatar\/a6923874e84a6b22a30b1b8aaac064a16a3503cc1b06b8e09980b44b236f6f73?s=80&#038;d=blank&#038;r=g 2x' class='avatar avatar-40 photo' height='40' width='40' decoding='async'\/>                    \n                        Von David Pereira\n                            10 Nov. 2022                        \n                <a target=\"_blank\" href=\"https:\/\/www.b-sharpe.com\/de\/blog\/categorie\/finanzen-de\/\">Finanzen<\/a>                \n            <h2>\n                <a target=\"_blank\" rel=\"noopener noreferrer\" href=\"https:\/\/www.b-sharpe.com\/de\/blog\/bester-wechselkurs\/\">Wie finde ich als Privatperson den bestm\u00f6glichen Wechselkurs?<\/a>            <\/h2>\n<\/article>                                                                    <article id=\"blog-post-417560\">\n                    2 Min                \n                                    <img width=\"599\" height=\"337\" src=\"https:\/\/www.b-sharpe.com\/wp-content\/uploads\/2018\/01\/changechfeur1.jpg\" alt=\"Change CHF EUR\" decoding=\"async\" srcset=\"\/\/www.b-sharpe.com\/wp-content\/uploads\/2018\/01\/changechfeur1.jpg 1920w, \/\/www.b-sharpe.com\/wp-content\/uploads\/2018\/01\/changechfeur1-300x169.jpg 300w, \/\/www.b-sharpe.com\/wp-content\/uploads\/2018\/01\/changechfeur1-1024x576.jpg 1024w, \/\/www.b-sharpe.com\/wp-content\/uploads\/2018\/01\/changechfeur1-768x432.jpg 768w, \/\/www.b-sharpe.com\/wp-content\/uploads\/2018\/01\/changechfeur1-1536x864.jpg 1536w\" sizes=\"(max-width: 599px) 100vw, 599px\" \/>                            \n                        <img alt='' src='https:\/\/secure.gravatar.com\/avatar\/a6923874e84a6b22a30b1b8aaac064a16a3503cc1b06b8e09980b44b236f6f73?s=40&#038;d=blank&#038;r=g' srcset='https:\/\/secure.gravatar.com\/avatar\/a6923874e84a6b22a30b1b8aaac064a16a3503cc1b06b8e09980b44b236f6f73?s=80&#038;d=blank&#038;r=g 2x' class='avatar avatar-40 photo' height='40' width='40' decoding='async'\/>                    \n                        Von David Pereira\n                            11 Aug. 2022                        \n                <a target=\"_blank\" href=\"https:\/\/www.b-sharpe.com\/de\/blog\/categorie\/finanzen-de\/\">Finanzen<\/a>                \n            <h2>\n                <a target=\"_blank\" rel=\"noopener noreferrer\" href=\"https:\/\/www.b-sharpe.com\/de\/blog\/chf-eur-wechseln-5-fehler-vermeiden\/\">Schweizer Franken in Euro wechseln: 5 Fehler, die Sie nicht machen sollten<\/a>            <\/h2>\n<\/article>                                    \n\n","protected":false},"excerpt":{"rendered":"<p>Wir bieten Ihnen mehr als nur einen Wechselservice Premium-Support Unsere Teams stehen Ihnen zur Verf\u00fcgung und unterst\u00fctzen Sie von der Anmeldung bis hin zur Abwicklung Ihrer Gesch\u00e4fte. Sicherheit Unsere Dienstleistungen werden von Schweizer Organisationen reguliert, die die Sicherheit Ihrer Transaktionen garantieren. Schnelligkeit Ihre Betr\u00e4ge werden innerhalb von 1 bis 24 Arbeitsstunden umgetauscht und verschickt. Einfachheit&hellip;<\/p>\n","protected":false},"author":10,"featured_media":24796,"parent":0,"menu_order":0,"comment_status":"closed","ping_status":"closed","template":"","meta":{"_acf_changed":false,"footnotes":""},"class_list":["post-12610","page","type-page","status-publish","has-post-thumbnail","hentry"],"acf":[],"yoast_head":"<!-- This site is optimized with the Yoast SEO plugin v26.9 - https:\/\/yoast.com\/product\/yoast-seo-wordpress\/ -->\n<title>Professionelle Online-L\u00f6sungen f\u00fcr den Devisenwechsel<\/title>\n<meta name=\"description\" content=\"Entdecken Sie unsere L\u00f6sungen: internationale Zahlungsabwicklung, Bezahlung von Lieferanten und Mitarbeitern in \u00fcber 20 Fremdw\u00e4hrungen (CHF, EUR, USD...)\" \/>\n<meta name=\"robots\" content=\"index, follow, max-snippet:-1, max-image-preview:large, max-video-preview:-1\" \/>\n<link rel=\"canonical\" href=\"https:\/\/www.b-sharpe.com\/de\/geschaeftsbereich\/\" \/>\n<meta property=\"og:locale\" content=\"de_DE\" \/>\n<meta property=\"og:type\" content=\"article\" \/>\n<meta property=\"og:title\" content=\"Professionelle Online-L\u00f6sungen f\u00fcr den Devisenwechsel\" \/>\n<meta property=\"og:description\" content=\"Entdecken Sie unsere L\u00f6sungen: internationale Zahlungsabwicklung, Bezahlung von Lieferanten und Mitarbeitern in \u00fcber 20 Fremdw\u00e4hrungen (CHF, EUR, USD...)\" \/>\n<meta property=\"og:url\" content=\"https:\/\/www.b-sharpe.com\/de\/geschaeftsbereich\/\" \/>\n<meta property=\"og:site_name\" content=\"b-sharpe\" \/>\n<meta property=\"article:modified_time\" content=\"2025-05-19T10:53:15+00:00\" \/>\n<meta property=\"og:image\" content=\"https:\/\/www.b-sharpe.com\/wp-content\/uploads\/2021\/02\/Images-MEA-pages-34.png\" \/>\n\t<meta property=\"og:image:width\" content=\"1500\" \/>\n\t<meta property=\"og:image:height\" content=\"940\" \/>\n\t<meta property=\"og:image:type\" content=\"image\/png\" \/>\n<meta name=\"twitter:card\" content=\"summary_large_image\" \/>\n<meta name=\"twitter:image\" content=\"https:\/\/www.b-sharpe.com\/wp-content\/uploads\/2021\/02\/Images-MEA-pages-34.png\" \/>\n<meta name=\"twitter:label1\" content=\"Gesch\u00e4tzte Lesezeit\" \/>\n\t<meta name=\"twitter:data1\" content=\"5\u00a0Minuten\" \/>\n<script type=\"application\/ld+json\" class=\"yoast-schema-graph\">{\"@context\":\"https:\/\/schema.org\",\"@graph\":[{\"@type\":\"WebPage\",\"@id\":\"https:\/\/www.b-sharpe.com\/de\/geschaeftsbereich\/\",\"url\":\"https:\/\/www.b-sharpe.com\/de\/geschaeftsbereich\/\",\"name\":\"Professionelle Online-L\u00f6sungen f\u00fcr den Devisenwechsel\",\"isPartOf\":{\"@id\":\"https:\/\/www.b-sharpe.com\/de\/#website\"},\"primaryImageOfPage\":{\"@id\":\"https:\/\/www.b-sharpe.com\/de\/geschaeftsbereich\/#primaryimage\"},\"image\":{\"@id\":\"https:\/\/www.b-sharpe.com\/de\/geschaeftsbereich\/#primaryimage\"},\"thumbnailUrl\":\"https:\/\/www.b-sharpe.com\/wp-content\/uploads\/2021\/02\/Images-MEA-pages-34.png\",\"datePublished\":\"2020-04-17T17:10:53+00:00\",\"dateModified\":\"2025-05-19T10:53:15+00:00\",\"description\":\"Entdecken Sie unsere L\u00f6sungen: internationale Zahlungsabwicklung, Bezahlung von Lieferanten und Mitarbeitern in \u00fcber 20 Fremdw\u00e4hrungen (CHF, EUR, USD...)\",\"breadcrumb\":{\"@id\":\"https:\/\/www.b-sharpe.com\/de\/geschaeftsbereich\/#breadcrumb\"},\"inLanguage\":\"de\",\"potentialAction\":[{\"@type\":\"ReadAction\",\"target\":[\"https:\/\/www.b-sharpe.com\/de\/geschaeftsbereich\/\"]}]},{\"@type\":\"ImageObject\",\"inLanguage\":\"de\",\"@id\":\"https:\/\/www.b-sharpe.com\/de\/geschaeftsbereich\/#primaryimage\",\"url\":\"https:\/\/www.b-sharpe.com\/wp-content\/uploads\/2021\/02\/Images-MEA-pages-34.png\",\"contentUrl\":\"https:\/\/www.b-sharpe.com\/wp-content\/uploads\/2021\/02\/Images-MEA-pages-34.png\",\"width\":1500,\"height\":940},{\"@type\":\"BreadcrumbList\",\"@id\":\"https:\/\/www.b-sharpe.com\/de\/geschaeftsbereich\/#breadcrumb\",\"itemListElement\":[{\"@type\":\"ListItem\",\"position\":1,\"name\":\"Accueil\",\"item\":\"https:\/\/www.b-sharpe.com\/de\/\"},{\"@type\":\"ListItem\",\"position\":2,\"name\":\"Online-W\u00e4hrungsumtauschl\u00f6sungen f\u00fcr Unternehmen &#8211; b-sharpe\"}]},{\"@type\":\"WebSite\",\"@id\":\"https:\/\/www.b-sharpe.com\/de\/#website\",\"url\":\"https:\/\/www.b-sharpe.com\/de\/\",\"name\":\"b-sharpe\",\"description\":\"Le change en ligne de qualit\u00e9 suisse\",\"potentialAction\":[{\"@type\":\"SearchAction\",\"target\":{\"@type\":\"EntryPoint\",\"urlTemplate\":\"https:\/\/www.b-sharpe.com\/de\/?s={search_term_string}\"},\"query-input\":{\"@type\":\"PropertyValueSpecification\",\"valueRequired\":true,\"valueName\":\"search_term_string\"}}],\"inLanguage\":\"de\"}]}<\/script>\n<!-- \/ Yoast SEO plugin. -->","yoast_head_json":{"title":"Professionelle Online-L\u00f6sungen f\u00fcr den Devisenwechsel","description":"Entdecken Sie unsere L\u00f6sungen: internationale Zahlungsabwicklung, Bezahlung von Lieferanten und Mitarbeitern in \u00fcber 20 Fremdw\u00e4hrungen (CHF, EUR, USD...)","robots":{"index":"index","follow":"follow","max-snippet":"max-snippet:-1","max-image-preview":"max-image-preview:large","max-video-preview":"max-video-preview:-1"},"canonical":"https:\/\/www.b-sharpe.com\/de\/geschaeftsbereich\/","og_locale":"de_DE","og_type":"article","og_title":"Professionelle Online-L\u00f6sungen f\u00fcr den Devisenwechsel","og_description":"Entdecken Sie unsere L\u00f6sungen: internationale Zahlungsabwicklung, Bezahlung von Lieferanten und Mitarbeitern in \u00fcber 20 Fremdw\u00e4hrungen (CHF, EUR, USD...)","og_url":"https:\/\/www.b-sharpe.com\/de\/geschaeftsbereich\/","og_site_name":"b-sharpe","article_modified_time":"2025-05-19T10:53:15+00:00","og_image":[{"width":1500,"height":940,"url":"https:\/\/www.b-sharpe.com\/wp-content\/uploads\/2021\/02\/Images-MEA-pages-34.png","type":"image\/png"}],"twitter_card":"summary_large_image","twitter_image":"https:\/\/www.b-sharpe.com\/wp-content\/uploads\/2021\/02\/Images-MEA-pages-34.png","twitter_misc":{"Gesch\u00e4tzte Lesezeit":"5\u00a0Minuten"},"schema":{"@context":"https:\/\/schema.org","@graph":[{"@type":"WebPage","@id":"https:\/\/www.b-sharpe.com\/de\/geschaeftsbereich\/","url":"https:\/\/www.b-sharpe.com\/de\/geschaeftsbereich\/","name":"Professionelle Online-L\u00f6sungen f\u00fcr den Devisenwechsel","isPartOf":{"@id":"https:\/\/www.b-sharpe.com\/de\/#website"},"primaryImageOfPage":{"@id":"https:\/\/www.b-sharpe.com\/de\/geschaeftsbereich\/#primaryimage"},"image":{"@id":"https:\/\/www.b-sharpe.com\/de\/geschaeftsbereich\/#primaryimage"},"thumbnailUrl":"https:\/\/www.b-sharpe.com\/wp-content\/uploads\/2021\/02\/Images-MEA-pages-34.png","datePublished":"2020-04-17T17:10:53+00:00","dateModified":"2025-05-19T10:53:15+00:00","description":"Entdecken Sie unsere L\u00f6sungen: internationale Zahlungsabwicklung, Bezahlung von Lieferanten und Mitarbeitern in \u00fcber 20 Fremdw\u00e4hrungen (CHF, EUR, USD...)","breadcrumb":{"@id":"https:\/\/www.b-sharpe.com\/de\/geschaeftsbereich\/#breadcrumb"},"inLanguage":"de","potentialAction":[{"@type":"ReadAction","target":["https:\/\/www.b-sharpe.com\/de\/geschaeftsbereich\/"]}]},{"@type":"ImageObject","inLanguage":"de","@id":"https:\/\/www.b-sharpe.com\/de\/geschaeftsbereich\/#primaryimage","url":"https:\/\/www.b-sharpe.com\/wp-content\/uploads\/2021\/02\/Images-MEA-pages-34.png","contentUrl":"https:\/\/www.b-sharpe.com\/wp-content\/uploads\/2021\/02\/Images-MEA-pages-34.png","width":1500,"height":940},{"@type":"BreadcrumbList","@id":"https:\/\/www.b-sharpe.com\/de\/geschaeftsbereich\/#breadcrumb","itemListElement":[{"@type":"ListItem","position":1,"name":"Accueil","item":"https:\/\/www.b-sharpe.com\/de\/"},{"@type":"ListItem","position":2,"name":"Online-W\u00e4hrungsumtauschl\u00f6sungen f\u00fcr Unternehmen &#8211; b-sharpe"}]},{"@type":"WebSite","@id":"https:\/\/www.b-sharpe.com\/de\/#website","url":"https:\/\/www.b-sharpe.com\/de\/","name":"b-sharpe","description":"Le change en ligne de qualit\u00e9 suisse","potentialAction":[{"@type":"SearchAction","target":{"@type":"EntryPoint","urlTemplate":"https:\/\/www.b-sharpe.com\/de\/?s={search_term_string}"},"query-input":{"@type":"PropertyValueSpecification","valueRequired":true,"valueName":"search_term_string"}}],"inLanguage":"de"}]}},"_links":{"self":[{"href":"https:\/\/www.b-sharpe.com\/de\/wp-json\/wp\/v2\/pages\/12610","targetHints":{"allow":["GET"]}}],"collection":[{"href":"https:\/\/www.b-sharpe.com\/de\/wp-json\/wp\/v2\/pages"}],"about":[{"href":"https:\/\/www.b-sharpe.com\/de\/wp-json\/wp\/v2\/types\/page"}],"author":[{"embeddable":true,"href":"https:\/\/www.b-sharpe.com\/de\/wp-json\/wp\/v2\/users\/10"}],"replies":[{"embeddable":true,"href":"https:\/\/www.b-sharpe.com\/de\/wp-json\/wp\/v2\/comments?post=12610"}],"version-history":[{"count":5,"href":"https:\/\/www.b-sharpe.com\/de\/wp-json\/wp\/v2\/pages\/12610\/revisions"}],"predecessor-version":[{"id":423266,"href":"https:\/\/www.b-sharpe.com\/de\/wp-json\/wp\/v2\/pages\/12610\/revisions\/423266"}],"wp:featuredmedia":[{"embeddable":true,"href":"https:\/\/www.b-sharpe.com\/de\/wp-json\/wp\/v2\/media\/24796"}],"wp:attachment":[{"href":"https:\/\/www.b-sharpe.com\/de\/wp-json\/wp\/v2\/media?parent=12610"}],"curies":[{"name":"wp","href":"https:\/\/api.w.org\/{rel}","templated":true}]}}