{"id":12589,"date":"2020-04-17T17:09:05","date_gmt":"2020-04-17T17:09:05","guid":{"rendered":"https:\/\/b-sharpe.d.wpstage.net\/?page_id=12589"},"modified":"2024-04-10T12:20:06","modified_gmt":"2024-04-10T12:20:06","slug":"kontakt","status":"publish","type":"page","link":"https:\/\/www.b-sharpe.com\/de\/kontakt\/","title":{"rendered":"Kontakt b-sharpe Kundendienst \/ 1204 Genf \/ Schweiz"},"content":{"rendered":"\n<h1>\n\t\tUnser Kundendienst ist leicht erreichbar, um alle Ihre Anfragen zu bearbeiten!\n\t<\/h1>\n\t<p>Haben Sie Fragen zur Registrierung oder zu unserem Service? Kontaktieren Sie uns, um die gew\u00fcnschten Informationen zu erhalten. Wir sind Montag bis Freitag von 9 bis 18 Uhr erreichbar.<\/p>\n\t<a href=\"mailto:info@b-sharpe.com\" target=\"_self\" aria-label=\"Go to mailto:info@b-sharpe.com\" rel=\"noopener\"><\/a>\n\t\t\t\t<img decoding=\"async\" src=\"https:\/\/www.b-sharpe.com\/wp-content\/uploads\/2021\/03\/phone.svg\" alt=\"\" title=\"\" itemprop=\"image\">\n\t\t<h3>info@b-sharpe.com<\/h3>\t\t\t\n\t\t\t\tWenn Sie Fragen haben, k\u00f6nnen Sie uns per E-Mail kontaktieren.<br><a href=\"mailto:info@b-sharpe.com\">info@b-sharpe.com<\/a>\n&nbsp;\n\t<a href=\"tel:+41223111182\" target=\"_self\" aria-label=\"Go to tel:+41223111182\" rel=\"noopener\"><\/a>\n\t\t\t\t<img decoding=\"async\" src=\"https:\/\/www.b-sharpe.com\/wp-content\/uploads\/2021\/03\/phone-1.svg\" alt=\"\" title=\"\" itemprop=\"image\">\n\t\t<h3>+41 22 311 11 82<\/h3>\t\t\t\n\t\t\t\t<p>Rufen Sie uns an, um die Antworten oder die Hilfe zu erhalten, die Sie ben\u00f6tigen.<br><a href=\"tel:+41223111182\">+41 22 311 11 82<\/a><\/p>\n\t<a href=\"tel:+41223111185\" target=\"_self\" aria-label=\"Go to tel:+41223111185\" rel=\"noopener\"><\/a>\n\t\t\t\t<img decoding=\"async\" src=\"https:\/\/www.b-sharpe.com\/wp-content\/uploads\/2021\/03\/phone-1.svg\" alt=\"\" title=\"\" itemprop=\"image\">\n\t\t<h3>+41 22 311 11 85<\/h3>\t\t\t\n\t\t\t\t<p>Kontaktieren Sie unser Handelsteam mit einer speziellen Nummer f\u00fcr Ihre Transaktionen.<br><a href=\"tel:+41223111185\">+41 22 311 11 85<\/a><\/p>\n\t\t\t\t<img decoding=\"async\" src=\"https:\/\/www.b-sharpe.com\/wp-content\/uploads\/2021\/03\/Chat.svg\" alt=\"\" title=\"\" itemprop=\"image\">\n\t\t<h3>Online-Chat<\/h3>\t\t\t\n\t\t\t\t<p>Unser Chat ist auf unserer Website w\u00e4hrend der \u00d6ffnungszeiten verf\u00fcgbar.<\/p>\n\t\t\t\t<img decoding=\"async\" src=\"https:\/\/www.b-sharpe.com\/wp-content\/uploads\/2021\/03\/Chat.svg\" alt=\"\" title=\"\" itemprop=\"image\">\n\t\t<h3>Whatsapp<\/h3>\t\t\t\n\t\t\t\tSie k\u00f6nnen uns hier kontaktieren :<br>\n<iframe src=\"https:\/\/cdn.smooch.io\/message-us\/index.html?channel=whatsapp&amp;color=green&amp;size=standard&amp;radius=8px&amp;label=Kontaktieren Sie uns&amp;number=41794013030\" width=\"200\" height=\"50\"><\/iframe>\n\t<p><strong>b-sharpe<\/strong><\/p>\nPont-Rouge &#8211; Esplanade 2<br>\n1212 Grand-Lancy\n+41 22 311 11 82<br>\n<a href=\"mailto:info@b-sharpe.com\">info@b-sharpe.com<\/a>\n\t<iframe src=\"https:\/\/www.google.com\/maps\/embed\/v1\/place?q=b-sharpe+SA%0APont-Rouge%2C+Esplanade+2%0A1212+Grand-Lancy%0ASuisse&amp;key=AIzaSyD09zQ9PNDNNy9TadMuzRV_UsPUoWKntt8\" aria-hidden=\"true\"><\/iframe>\n","protected":false},"excerpt":{"rendered":"<p>Unser Kundendienst ist leicht erreichbar, um alle Ihre Anfragen zu bearbeiten! Haben Sie Fragen zur Registrierung oder zu unserem Service? Kontaktieren Sie uns, um die gew\u00fcnschten Informationen zu erhalten. Wir sind Montag bis Freitag von 9 bis 18 Uhr erreichbar. info@b-sharpe.com Wenn Sie Fragen haben, k\u00f6nnen Sie uns per E-Mail kontaktieren.info@b-sharpe.com &nbsp; +41 22 311&hellip;<\/p>\n","protected":false},"author":10,"featured_media":24819,"parent":0,"menu_order":0,"comment_status":"closed","ping_status":"closed","template":"","meta":{"_acf_changed":false,"footnotes":""},"class_list":["post-12589","page","type-page","status-publish","has-post-thumbnail","hentry"],"acf":[],"yoast_head":"<!-- This site is optimized with the Yoast SEO plugin v26.9 - https:\/\/yoast.com\/product\/yoast-seo-wordpress\/ -->\n<title>Kontakt b-sharpe Kundendienst \/ 1204 Genf \/ Schweiz - b-sharpe<\/title>\n<meta name=\"description\" content=\"Kontaktieren Sie das Team von b-Sharpe, dem Spezialisten f\u00fcr den Online-W\u00e4hrungsumtausch zu Vorzugskonditionen in Genf, Schweiz. Kontaktformular und soziale Netzwerke\" \/>\n<meta name=\"robots\" content=\"index, follow, max-snippet:-1, max-image-preview:large, max-video-preview:-1\" \/>\n<link rel=\"canonical\" href=\"https:\/\/www.b-sharpe.com\/de\/kontakt\/\" \/>\n<meta property=\"og:locale\" content=\"de_DE\" \/>\n<meta property=\"og:type\" content=\"article\" \/>\n<meta property=\"og:title\" content=\"Kontakt b-sharpe Kundendienst \/ 1204 Genf \/ Schweiz - b-sharpe\" \/>\n<meta property=\"og:description\" content=\"Kontaktieren Sie das Team von b-Sharpe, dem Spezialisten f\u00fcr den Online-W\u00e4hrungsumtausch zu Vorzugskonditionen in Genf, Schweiz. Kontaktformular und soziale Netzwerke\" \/>\n<meta property=\"og:url\" content=\"https:\/\/www.b-sharpe.com\/de\/kontakt\/\" \/>\n<meta property=\"og:site_name\" content=\"b-sharpe\" \/>\n<meta property=\"article:modified_time\" content=\"2024-04-10T12:20:06+00:00\" \/>\n<meta property=\"og:image\" content=\"https:\/\/www.b-sharpe.com\/wp-content\/uploads\/2021\/02\/Images-MEA-pages-38.png\" \/>\n\t<meta property=\"og:image:width\" content=\"1500\" \/>\n\t<meta property=\"og:image:height\" content=\"940\" \/>\n\t<meta property=\"og:image:type\" content=\"image\/png\" \/>\n<meta name=\"twitter:card\" content=\"summary_large_image\" \/>\n<meta name=\"twitter:image\" content=\"https:\/\/www.b-sharpe.com\/wp-content\/uploads\/2021\/02\/Images-MEA-pages-38.png\" \/>\n<meta name=\"twitter:label1\" content=\"Gesch\u00e4tzte Lesezeit\" \/>\n\t<meta name=\"twitter:data1\" content=\"2\u00a0Minuten\" \/>\n<script type=\"application\/ld+json\" class=\"yoast-schema-graph\">{\"@context\":\"https:\/\/schema.org\",\"@graph\":[{\"@type\":\"WebPage\",\"@id\":\"https:\/\/www.b-sharpe.com\/de\/kontakt\/\",\"url\":\"https:\/\/www.b-sharpe.com\/de\/kontakt\/\",\"name\":\"Kontakt b-sharpe Kundendienst \/ 1204 Genf \/ Schweiz - b-sharpe\",\"isPartOf\":{\"@id\":\"https:\/\/www.b-sharpe.com\/de\/#website\"},\"primaryImageOfPage\":{\"@id\":\"https:\/\/www.b-sharpe.com\/de\/kontakt\/#primaryimage\"},\"image\":{\"@id\":\"https:\/\/www.b-sharpe.com\/de\/kontakt\/#primaryimage\"},\"thumbnailUrl\":\"https:\/\/www.b-sharpe.com\/wp-content\/uploads\/2021\/02\/Images-MEA-pages-38.png\",\"datePublished\":\"2020-04-17T17:09:05+00:00\",\"dateModified\":\"2024-04-10T12:20:06+00:00\",\"description\":\"Kontaktieren Sie das Team von b-Sharpe, dem Spezialisten f\u00fcr den Online-W\u00e4hrungsumtausch zu Vorzugskonditionen in Genf, Schweiz. Kontaktformular und soziale Netzwerke\",\"breadcrumb\":{\"@id\":\"https:\/\/www.b-sharpe.com\/de\/kontakt\/#breadcrumb\"},\"inLanguage\":\"de\",\"potentialAction\":[{\"@type\":\"ReadAction\",\"target\":[\"https:\/\/www.b-sharpe.com\/de\/kontakt\/\"]}]},{\"@type\":\"ImageObject\",\"inLanguage\":\"de\",\"@id\":\"https:\/\/www.b-sharpe.com\/de\/kontakt\/#primaryimage\",\"url\":\"https:\/\/www.b-sharpe.com\/wp-content\/uploads\/2021\/02\/Images-MEA-pages-38.png\",\"contentUrl\":\"https:\/\/www.b-sharpe.com\/wp-content\/uploads\/2021\/02\/Images-MEA-pages-38.png\",\"width\":1500,\"height\":940},{\"@type\":\"BreadcrumbList\",\"@id\":\"https:\/\/www.b-sharpe.com\/de\/kontakt\/#breadcrumb\",\"itemListElement\":[{\"@type\":\"ListItem\",\"position\":1,\"name\":\"Accueil\",\"item\":\"https:\/\/www.b-sharpe.com\/de\/\"},{\"@type\":\"ListItem\",\"position\":2,\"name\":\"Kontakt b-sharpe Kundendienst \/ 1204 Genf \/ Schweiz\"}]},{\"@type\":\"WebSite\",\"@id\":\"https:\/\/www.b-sharpe.com\/de\/#website\",\"url\":\"https:\/\/www.b-sharpe.com\/de\/\",\"name\":\"b-sharpe\",\"description\":\"Le change en ligne de qualit\u00e9 suisse\",\"potentialAction\":[{\"@type\":\"SearchAction\",\"target\":{\"@type\":\"EntryPoint\",\"urlTemplate\":\"https:\/\/www.b-sharpe.com\/de\/?s={search_term_string}\"},\"query-input\":{\"@type\":\"PropertyValueSpecification\",\"valueRequired\":true,\"valueName\":\"search_term_string\"}}],\"inLanguage\":\"de\"}]}<\/script>\n<!-- \/ Yoast SEO plugin. -->","yoast_head_json":{"title":"Kontakt b-sharpe Kundendienst \/ 1204 Genf \/ Schweiz - b-sharpe","description":"Kontaktieren Sie das Team von b-Sharpe, dem Spezialisten f\u00fcr den Online-W\u00e4hrungsumtausch zu Vorzugskonditionen in Genf, Schweiz. Kontaktformular und soziale Netzwerke","robots":{"index":"index","follow":"follow","max-snippet":"max-snippet:-1","max-image-preview":"max-image-preview:large","max-video-preview":"max-video-preview:-1"},"canonical":"https:\/\/www.b-sharpe.com\/de\/kontakt\/","og_locale":"de_DE","og_type":"article","og_title":"Kontakt b-sharpe Kundendienst \/ 1204 Genf \/ Schweiz - b-sharpe","og_description":"Kontaktieren Sie das Team von b-Sharpe, dem Spezialisten f\u00fcr den Online-W\u00e4hrungsumtausch zu Vorzugskonditionen in Genf, Schweiz. Kontaktformular und soziale Netzwerke","og_url":"https:\/\/www.b-sharpe.com\/de\/kontakt\/","og_site_name":"b-sharpe","article_modified_time":"2024-04-10T12:20:06+00:00","og_image":[{"width":1500,"height":940,"url":"https:\/\/www.b-sharpe.com\/wp-content\/uploads\/2021\/02\/Images-MEA-pages-38.png","type":"image\/png"}],"twitter_card":"summary_large_image","twitter_image":"https:\/\/www.b-sharpe.com\/wp-content\/uploads\/2021\/02\/Images-MEA-pages-38.png","twitter_misc":{"Gesch\u00e4tzte Lesezeit":"2\u00a0Minuten"},"schema":{"@context":"https:\/\/schema.org","@graph":[{"@type":"WebPage","@id":"https:\/\/www.b-sharpe.com\/de\/kontakt\/","url":"https:\/\/www.b-sharpe.com\/de\/kontakt\/","name":"Kontakt b-sharpe Kundendienst \/ 1204 Genf \/ Schweiz - b-sharpe","isPartOf":{"@id":"https:\/\/www.b-sharpe.com\/de\/#website"},"primaryImageOfPage":{"@id":"https:\/\/www.b-sharpe.com\/de\/kontakt\/#primaryimage"},"image":{"@id":"https:\/\/www.b-sharpe.com\/de\/kontakt\/#primaryimage"},"thumbnailUrl":"https:\/\/www.b-sharpe.com\/wp-content\/uploads\/2021\/02\/Images-MEA-pages-38.png","datePublished":"2020-04-17T17:09:05+00:00","dateModified":"2024-04-10T12:20:06+00:00","description":"Kontaktieren Sie das Team von b-Sharpe, dem Spezialisten f\u00fcr den Online-W\u00e4hrungsumtausch zu Vorzugskonditionen in Genf, Schweiz. Kontaktformular und soziale Netzwerke","breadcrumb":{"@id":"https:\/\/www.b-sharpe.com\/de\/kontakt\/#breadcrumb"},"inLanguage":"de","potentialAction":[{"@type":"ReadAction","target":["https:\/\/www.b-sharpe.com\/de\/kontakt\/"]}]},{"@type":"ImageObject","inLanguage":"de","@id":"https:\/\/www.b-sharpe.com\/de\/kontakt\/#primaryimage","url":"https:\/\/www.b-sharpe.com\/wp-content\/uploads\/2021\/02\/Images-MEA-pages-38.png","contentUrl":"https:\/\/www.b-sharpe.com\/wp-content\/uploads\/2021\/02\/Images-MEA-pages-38.png","width":1500,"height":940},{"@type":"BreadcrumbList","@id":"https:\/\/www.b-sharpe.com\/de\/kontakt\/#breadcrumb","itemListElement":[{"@type":"ListItem","position":1,"name":"Accueil","item":"https:\/\/www.b-sharpe.com\/de\/"},{"@type":"ListItem","position":2,"name":"Kontakt b-sharpe Kundendienst \/ 1204 Genf \/ Schweiz"}]},{"@type":"WebSite","@id":"https:\/\/www.b-sharpe.com\/de\/#website","url":"https:\/\/www.b-sharpe.com\/de\/","name":"b-sharpe","description":"Le change en ligne de qualit\u00e9 suisse","potentialAction":[{"@type":"SearchAction","target":{"@type":"EntryPoint","urlTemplate":"https:\/\/www.b-sharpe.com\/de\/?s={search_term_string}"},"query-input":{"@type":"PropertyValueSpecification","valueRequired":true,"valueName":"search_term_string"}}],"inLanguage":"de"}]}},"_links":{"self":[{"href":"https:\/\/www.b-sharpe.com\/de\/wp-json\/wp\/v2\/pages\/12589","targetHints":{"allow":["GET"]}}],"collection":[{"href":"https:\/\/www.b-sharpe.com\/de\/wp-json\/wp\/v2\/pages"}],"about":[{"href":"https:\/\/www.b-sharpe.com\/de\/wp-json\/wp\/v2\/types\/page"}],"author":[{"embeddable":true,"href":"https:\/\/www.b-sharpe.com\/de\/wp-json\/wp\/v2\/users\/10"}],"replies":[{"embeddable":true,"href":"https:\/\/www.b-sharpe.com\/de\/wp-json\/wp\/v2\/comments?post=12589"}],"version-history":[{"count":5,"href":"https:\/\/www.b-sharpe.com\/de\/wp-json\/wp\/v2\/pages\/12589\/revisions"}],"predecessor-version":[{"id":420549,"href":"https:\/\/www.b-sharpe.com\/de\/wp-json\/wp\/v2\/pages\/12589\/revisions\/420549"}],"wp:featuredmedia":[{"embeddable":true,"href":"https:\/\/www.b-sharpe.com\/de\/wp-json\/wp\/v2\/media\/24819"}],"wp:attachment":[{"href":"https:\/\/www.b-sharpe.com\/de\/wp-json\/wp\/v2\/media?parent=12589"}],"curies":[{"name":"wp","href":"https:\/\/api.w.org\/{rel}","templated":true}]}}