{"id":12563,"date":"2020-04-17T17:00:40","date_gmt":"2020-04-17T17:00:40","guid":{"rendered":"https:\/\/b-sharpe.d.wpstage.net\/?page_id=12563"},"modified":"2025-05-14T12:09:08","modified_gmt":"2025-05-14T12:09:08","slug":"b-sharpe-der-schweizer-qualitaets-online-geldwechsel","status":"publish","type":"page","link":"https:\/\/www.b-sharpe.com\/de\/","title":{"rendered":"b-sharpe, der Schweizer Qualit\u00e4ts-Online-Geldwechsel"},"content":{"rendered":"\n<h1>\n\t\tKeine versteckten Geb\u00fchren mehr. Sparen Sie durchschnittlich 864 CHF pro Jahr.\n\t<\/h1>\n<h2>\n\t\tProfitieren Sie von einer Schweizer IBAN auf Ihren Namen. Ein besserer Wechselkurs.\n\t<\/h2>\n<h1>\n\t\tEin einfaches, schnelles, transparentes und sicheres Wechse-Erlebnis.\n\t<\/h1>\n\t<p><iframe src=\"https:\/\/simulator.b-sharpe.com\/preview?lang=de&#038;displaySavings=true&#038;amountSell=10000&#038;currencySell=CHF&#038;currencyBuy=EUR\" width=\"1000\" height=\"450\" frameBorder=\"0\"><\/iframe><\/p>\n\t<!-- TrustBox widget - Micro Combo -->\n  <a href=\"https:\/\/de.trustpilot.com\/review\/b-sharpe.com\" target=\"_blank\" rel=\"noopener\">Trustpilot<\/a>\n<!-- End TrustBox widget -->\n<h2>\n\t\tVertrauen Sie dem Schweizer W\u00e4hrungsexperten\n\t<\/h2>\n\t\t\t\t<img decoding=\"async\" src=\"https:\/\/www.b-sharpe.com\/wp-content\/uploads\/2022\/05\/Groupe-232@2x-1.png\" alt=\"\" title=\"\" itemprop=\"image\"\/>\n\t\t<h3>Sicherheit<\/h3>\t\t\t\n\t\t\t\t<p>Unsere Dienstleistungen werden von Schweizer Organisationen reguliert, die die Sicherheit Ihrer Transaktionen garantieren.<\/p>\n\t\t\t\t<img decoding=\"async\" src=\"https:\/\/www.b-sharpe.com\/wp-content\/uploads\/2022\/05\/Groupe-306@2x.png\" alt=\"\" title=\"\" itemprop=\"image\"\/>\n\t\t<h3>N\u00e4he<\/h3>\t\t\t\n\t\t\t\t<p>Unsere Teams stehen Ihnen zur Verf\u00fcgung und unterst\u00fctzen Sie von der Anmeldung bis hin zur Abwicklung Ihrer Gesch\u00e4fte.<\/p>\n\t\t\t\t<img decoding=\"async\" src=\"https:\/\/www.b-sharpe.com\/wp-content\/uploads\/2022\/05\/Groupe-231@2x.png\" alt=\"\" title=\"\" itemprop=\"image\"\/>\n\t\t<h3>Einfachheit<\/h3>\t\t\t\n\t\t\t\t<p>Mit unserer App k\u00f6nnen Sie Ihr Geld wechseln, wo und wann Sie wollen.<\/p>\n\t\t\t\t<img decoding=\"async\" src=\"https:\/\/www.b-sharpe.com\/wp-content\/uploads\/2022\/05\/Groupe-230@2x.png\" alt=\"\" title=\"\" itemprop=\"image\"\/>\n\t\t<h3>Schnelligkeit<\/h3>\t\t\t\n\t\t\t\t<p>Ihre Betr\u00e4ge werden innerhalb von 1 bis 24 Arbeitsstunden umgetauscht und verschickt.<\/p>\n<h2>\n\t\tUnser Service passt sich all Ihren Bed\u00fcrfnissen an.\n\t<\/h2>\n\t<a href=\"https:\/\/www.b-sharpe.com\/de\/ihr-gehalt-ueberweisen\/\" target=\"_blank\" rel=\"noopener\" aria-label=\"Go to https:\/\/www.b-sharpe.com\/de\/ihr-gehalt-ueberweisen\/\"><\/a>\n\t\t\t\t<img decoding=\"async\" src=\"https:\/\/www.b-sharpe.com\/wp-content\/uploads\/2022\/05\/illustration-salaire-receive@2x.png\" alt=\"illustration-salaire-receive@2x\" title=\"illustration-salaire-receive@2x\" itemprop=\"image\"\/>\n\t\t<h3>Gehalt wechseln<\/h3>\t\t\t\n\t<a href=\"https:\/\/www.b-sharpe.com\/de\/rueckfuehrung-ihrer-ersparnisse\/\" target=\"_blank\" rel=\"noopener\" aria-label=\"Go to https:\/\/www.b-sharpe.com\/de\/rueckfuehrung-ihrer-ersparnisse\/\"><\/a>\n\t\t\t\t<img decoding=\"async\" src=\"https:\/\/www.b-sharpe.com\/wp-content\/uploads\/2022\/05\/illustration-rapatriement@2x.png\" alt=\"\" title=\"\" itemprop=\"image\"\/>\n\t\t<h3>Ersparnisse zur\u00fcckf\u00fchren<\/h3>\t\t\t\n\t<a href=\"https:\/\/www.b-sharpe.com\/de\/rechnungen-bezahlen\/\" target=\"_blank\" rel=\"noopener\" aria-label=\"Go to https:\/\/www.b-sharpe.com\/de\/rechnungen-bezahlen\/\"><\/a>\n\t\t\t\t<img decoding=\"async\" src=\"https:\/\/www.b-sharpe.com\/wp-content\/uploads\/2022\/05\/illustration-facture@2x.png\" alt=\"\" title=\"\" itemprop=\"image\"\/>\n\t\t<h3>Rechnungen begleichen<\/h3>\t\t\t\n\t<a href=\"https:\/\/www.b-sharpe.com\/de\/auslandsstudium\/\" target=\"_blank\" rel=\"noopener\" aria-label=\"Go to https:\/\/www.b-sharpe.com\/de\/auslandsstudium\/\"><\/a>\n\t\t\t\t<img decoding=\"async\" src=\"https:\/\/www.b-sharpe.com\/wp-content\/uploads\/2022\/05\/illustration-etudiant@2x.png\" alt=\"illustration-etudiant@2x\" title=\"illustration-etudiant@2x\" itemprop=\"image\"\/>\n\t\t<h3>Studiengeb\u00fchren bezahlen<\/h3>\t\t\t\n\t<a href=\"https:\/\/www.b-sharpe.com\/de\/immobilientransaktionen\/\" target=\"_blank\" rel=\"noopener\" aria-label=\"Go to https:\/\/www.b-sharpe.com\/de\/immobilientransaktionen\/\"><\/a>\n\t\t\t\t<img decoding=\"async\" src=\"https:\/\/www.b-sharpe.com\/wp-content\/uploads\/2022\/05\/4@2x.png\" alt=\"4@2x\" title=\"4@2x\" itemprop=\"image\"\/>\n\t\t<h3>Immobilie im Ausland kaufen<\/h3>\t\t\t\n\t<a href=\"https:\/\/www.b-sharpe.com\/de\/darlehen-verwalten\/\" target=\"_blank\" rel=\"noopener\" aria-label=\"Go to https:\/\/www.b-sharpe.com\/de\/darlehen-verwalten\/\"><\/a>\n\t\t\t\t<img decoding=\"async\" src=\"https:\/\/www.b-sharpe.com\/wp-content\/uploads\/2022\/05\/illustration-pr-t@2x.png\" alt=\"\" title=\"\" itemprop=\"image\"\/>\n\t\t<h3>Fremdw\u00e4hrungsdarlehen<\/h3>\t\t\t\n\t\t\t<a href=\"https:\/\/www.b-sharpe.com\/de\/prozess\/\" target=\"_blank\" role=\"button\" rel=\"noopener\">\n\t\t\t\t\t\t\tWie muss ich vorgehen?\n\t\t\t\t\t<\/a>\n<h2>\n\t\tIhre Gelder in den besten H\u00e4nden\n\t<\/h2>\n\t\t\t\t<img decoding=\"async\" src=\"https:\/\/www.b-sharpe.com\/wp-content\/uploads\/2021\/03\/euro.svg\" alt=\"\" title=\"\" itemprop=\"image\"\/>\n\t\t<h4>Bei uns ist Ihr Geld versichert<\/h4>\t\t\t\n\t\t\t\t<p>Wir bieten all unseren Kunden eine Versicherungsgarantie \u00fcber 5 Millionen Franken, die s\u00e4mtliche Transaktionen vor Betrug und Softwarepiraterie sch\u00fctzt.<\/p>\n\t\t\t\t<img decoding=\"async\" src=\"https:\/\/www.b-sharpe.com\/wp-content\/uploads\/2021\/03\/finance.svg\" alt=\"\" title=\"\" itemprop=\"image\"\/>\n\t\t<h4>Schweizerische Finanzlizenz<\/h4>\t\t\t\n\t\t\t\t<p>b-sharpe ist ein Finanzintermedi\u00e4r, der der Schweizer Finanzregulierung unterliegt.<\/p>\n\t\t\t\t<img decoding=\"async\" src=\"https:\/\/www.b-sharpe.com\/wp-content\/uploads\/2021\/03\/control.svg\" alt=\"\" title=\"\" itemprop=\"image\"\/>\n\t\t<h4>Immer f\u00fcr Sie da<\/h4>\t\t\t\n\t\t\t\t<p>Wir sind stolz darauf, Ihnen einen massgeschneiderten Service bieten zu k\u00f6nnen, der Sie bei all Ihren Devisentransaktionen unterst\u00fctzt. Im Rahmen unserer Gesch\u00e4ftszeiten sind wir jederzeit und ohne Wartezeiten f\u00fcr Sie erreichbar.<\/p>\n<h2>\n\t\tDas sagen die Nutzer von b-sharpe\n\t<\/h2>\n\t<!-- TrustBox widget - Slider -->\n  <a href=\"https:\/\/ch.trustpilot.com\/review\/b-sharpe.com\" target=\"_blank\" rel=\"noopener\">Trustpilot<\/a>\n<!-- End TrustBox widget -->\n<h2>\n\t\tTesten Sie b-sharpe\n\t<\/h2>\n\t<p>Ein Kunde, der monatlich CHF 5&#8217;000 in Euro wechselt, spart durchschnittlich CHF 650 pro Jahr.<\/p>\n\t\t\t<a href=\"https:\/\/secure.b-sharpe.com\/auth\/registration\/private\/?language=de\" target=\"_self\" role=\"button\">\n\t\t\t\t\t\t\tAnmeldung ohne Verpflichtungen\n\t\t\t\t\t<\/a>\n\t\t\t\t<img decoding=\"async\" src=\"https:\/\/www.b-sharpe.com\/wp-content\/uploads\/2021\/03\/logo-1.png\" alt=\"logo-1\" itemprop=\"image\" height=\"24\" width=\"63\" title=\"logo-1\" onerror=\"this.style.display='none'\"  \/>\n\t\t\t\t<img decoding=\"async\" src=\"https:\/\/www.b-sharpe.com\/wp-content\/uploads\/2021\/03\/logo-2.png\" alt=\"logo-2\" itemprop=\"image\" height=\"24\" width=\"63\" title=\"logo-2\" onerror=\"this.style.display='none'\"  \/>\n\t\t\t\t<img decoding=\"async\" src=\"https:\/\/www.b-sharpe.com\/wp-content\/uploads\/2021\/03\/logo-3.png\" alt=\"logo-3\" itemprop=\"image\" height=\"24\" width=\"161\" title=\"logo-3\" onerror=\"this.style.display='none'\"  \/>\n\t\t\t\t<img decoding=\"async\" src=\"https:\/\/www.b-sharpe.com\/wp-content\/uploads\/2021\/03\/logo-4.png\" alt=\"logo-4\" itemprop=\"image\" height=\"24\" width=\"120\" title=\"logo-4\" onerror=\"this.style.display='none'\"  \/>\n\t\t\t\t<img decoding=\"async\" src=\"https:\/\/www.b-sharpe.com\/wp-content\/uploads\/2021\/03\/logo-5.png\" alt=\"logo-5\" itemprop=\"image\" height=\"24\" width=\"51\" title=\"logo-5\" onerror=\"this.style.display='none'\"  \/>\n\t\t\t\t<img decoding=\"async\" src=\"https:\/\/www.b-sharpe.com\/wp-content\/uploads\/2021\/03\/logo-6.png\" alt=\"logo-6\" itemprop=\"image\" height=\"24\" width=\"107\" title=\"logo-6\" onerror=\"this.style.display='none'\"  \/>\n\t\t\t\t<img decoding=\"async\" src=\"https:\/\/www.b-sharpe.com\/wp-content\/uploads\/2021\/03\/logo-8.png\" alt=\"logo-8\" itemprop=\"image\" height=\"24\" width=\"149\" title=\"logo-8\" onerror=\"this.style.display='none'\"  \/>\n\n","protected":false},"excerpt":{"rendered":"<p>Keine versteckten Geb\u00fchren mehr. Sparen Sie durchschnittlich 864 CHF pro Jahr. Profitieren Sie von einer Schweizer IBAN auf Ihren Namen. Ein besserer Wechselkurs. Ein einfaches, schnelles, transparentes und sicheres Wechse-Erlebnis. Trustpilot Vertrauen Sie dem Schweizer W\u00e4hrungsexperten Sicherheit Unsere Dienstleistungen werden von Schweizer Organisationen reguliert, die die Sicherheit Ihrer Transaktionen garantieren. N\u00e4he Unsere Teams stehen Ihnen&hellip;<\/p>\n","protected":false},"author":10,"featured_media":24505,"parent":0,"menu_order":0,"comment_status":"closed","ping_status":"closed","template":"","meta":{"_acf_changed":false,"footnotes":""},"class_list":["post-12563","page","type-page","status-publish","has-post-thumbnail","hentry"],"acf":[],"yoast_head":"<!-- This site is optimized with the Yoast SEO plugin v26.9 - https:\/\/yoast.com\/product\/yoast-seo-wordpress\/ -->\n<title>b-sharpe - Schweizerische Qualit\u00e4t f\u00fcr Ihren Online-Devisenwechsel<\/title>\n<meta name=\"description\" content=\"Geldwechsel zu fairen und transparenten Kursen. Sichere internationale \u00dcberweisungen innerhalb von 24 Stunden, f\u00fcr Privatpersonen und Kleinunternehmen.\" \/>\n<meta name=\"robots\" content=\"index, follow, max-snippet:-1, max-image-preview:large, max-video-preview:-1\" \/>\n<link rel=\"canonical\" href=\"https:\/\/www.b-sharpe.com\/de\/\" \/>\n<meta property=\"og:locale\" content=\"de_DE\" \/>\n<meta property=\"og:type\" content=\"article\" \/>\n<meta property=\"og:title\" content=\"b-sharpe - Schweizerische Qualit\u00e4t f\u00fcr Ihren Online-Devisenwechsel\" \/>\n<meta property=\"og:description\" content=\"Geldwechsel zu fairen und transparenten Kursen. Sichere internationale \u00dcberweisungen innerhalb von 24 Stunden, f\u00fcr Privatpersonen und Kleinunternehmen.\" \/>\n<meta property=\"og:url\" content=\"https:\/\/www.b-sharpe.com\/de\/\" \/>\n<meta property=\"og:site_name\" content=\"b-sharpe\" \/>\n<meta property=\"article:modified_time\" content=\"2025-05-14T12:09:08+00:00\" \/>\n<meta property=\"og:image\" content=\"https:\/\/www.b-sharpe.com\/wp-content\/uploads\/2021\/02\/1-1.png\" \/>\n\t<meta property=\"og:image:width\" content=\"1500\" \/>\n\t<meta property=\"og:image:height\" content=\"940\" \/>\n\t<meta property=\"og:image:type\" content=\"image\/png\" \/>\n<meta name=\"twitter:card\" content=\"summary_large_image\" \/>\n<meta name=\"twitter:image\" content=\"https:\/\/www.b-sharpe.com\/wp-content\/uploads\/2021\/02\/1-1.png\" \/>\n<meta name=\"twitter:label1\" content=\"Gesch\u00e4tzte Lesezeit\" \/>\n\t<meta name=\"twitter:data1\" content=\"6\u00a0Minuten\" \/>\n<script type=\"application\/ld+json\" class=\"yoast-schema-graph\">{\"@context\":\"https:\/\/schema.org\",\"@graph\":[{\"@type\":\"WebPage\",\"@id\":\"https:\/\/www.b-sharpe.com\/de\/\",\"url\":\"https:\/\/www.b-sharpe.com\/de\/\",\"name\":\"b-sharpe - Schweizerische Qualit\u00e4t f\u00fcr Ihren Online-Devisenwechsel\",\"isPartOf\":{\"@id\":\"https:\/\/www.b-sharpe.com\/de\/#website\"},\"primaryImageOfPage\":{\"@id\":\"https:\/\/www.b-sharpe.com\/de\/#primaryimage\"},\"image\":{\"@id\":\"https:\/\/www.b-sharpe.com\/de\/#primaryimage\"},\"thumbnailUrl\":\"https:\/\/www.b-sharpe.com\/wp-content\/uploads\/2021\/02\/1.png\",\"datePublished\":\"2020-04-17T17:00:40+00:00\",\"dateModified\":\"2025-05-14T12:09:08+00:00\",\"description\":\"Geldwechsel zu fairen und transparenten Kursen. Sichere internationale \u00dcberweisungen innerhalb von 24 Stunden, f\u00fcr Privatpersonen und Kleinunternehmen.\",\"breadcrumb\":{\"@id\":\"https:\/\/www.b-sharpe.com\/de\/#breadcrumb\"},\"inLanguage\":\"de\",\"potentialAction\":[{\"@type\":\"ReadAction\",\"target\":[\"https:\/\/www.b-sharpe.com\/de\/\"]}]},{\"@type\":\"ImageObject\",\"inLanguage\":\"de\",\"@id\":\"https:\/\/www.b-sharpe.com\/de\/#primaryimage\",\"url\":\"https:\/\/www.b-sharpe.com\/wp-content\/uploads\/2021\/02\/1.png\",\"contentUrl\":\"https:\/\/www.b-sharpe.com\/wp-content\/uploads\/2021\/02\/1.png\",\"width\":1500,\"height\":940},{\"@type\":\"BreadcrumbList\",\"@id\":\"https:\/\/www.b-sharpe.com\/de\/#breadcrumb\",\"itemListElement\":[{\"@type\":\"ListItem\",\"position\":1,\"name\":\"Accueil\",\"item\":\"https:\/\/www.b-sharpe.com\/de\/\"},{\"@type\":\"ListItem\",\"position\":2,\"name\":\"b-sharpe, der Schweizer Qualit\u00e4ts-Online-Geldwechsel\"}]},{\"@type\":\"WebSite\",\"@id\":\"https:\/\/www.b-sharpe.com\/de\/#website\",\"url\":\"https:\/\/www.b-sharpe.com\/de\/\",\"name\":\"b-sharpe\",\"description\":\"Le change en ligne de qualit\u00e9 suisse\",\"potentialAction\":[{\"@type\":\"SearchAction\",\"target\":{\"@type\":\"EntryPoint\",\"urlTemplate\":\"https:\/\/www.b-sharpe.com\/de\/?s={search_term_string}\"},\"query-input\":{\"@type\":\"PropertyValueSpecification\",\"valueRequired\":true,\"valueName\":\"search_term_string\"}}],\"inLanguage\":\"de\"}]}<\/script>\n<!-- \/ Yoast SEO plugin. -->","yoast_head_json":{"title":"b-sharpe - Schweizerische Qualit\u00e4t f\u00fcr Ihren Online-Devisenwechsel","description":"Geldwechsel zu fairen und transparenten Kursen. Sichere internationale \u00dcberweisungen innerhalb von 24 Stunden, f\u00fcr Privatpersonen und Kleinunternehmen.","robots":{"index":"index","follow":"follow","max-snippet":"max-snippet:-1","max-image-preview":"max-image-preview:large","max-video-preview":"max-video-preview:-1"},"canonical":"https:\/\/www.b-sharpe.com\/de\/","og_locale":"de_DE","og_type":"article","og_title":"b-sharpe - Schweizerische Qualit\u00e4t f\u00fcr Ihren Online-Devisenwechsel","og_description":"Geldwechsel zu fairen und transparenten Kursen. Sichere internationale \u00dcberweisungen innerhalb von 24 Stunden, f\u00fcr Privatpersonen und Kleinunternehmen.","og_url":"https:\/\/www.b-sharpe.com\/de\/","og_site_name":"b-sharpe","article_modified_time":"2025-05-14T12:09:08+00:00","og_image":[{"width":1500,"height":940,"url":"https:\/\/www.b-sharpe.com\/wp-content\/uploads\/2021\/02\/1-1.png","type":"image\/png"}],"twitter_card":"summary_large_image","twitter_image":"https:\/\/www.b-sharpe.com\/wp-content\/uploads\/2021\/02\/1-1.png","twitter_misc":{"Gesch\u00e4tzte Lesezeit":"6\u00a0Minuten"},"schema":{"@context":"https:\/\/schema.org","@graph":[{"@type":"WebPage","@id":"https:\/\/www.b-sharpe.com\/de\/","url":"https:\/\/www.b-sharpe.com\/de\/","name":"b-sharpe - Schweizerische Qualit\u00e4t f\u00fcr Ihren Online-Devisenwechsel","isPartOf":{"@id":"https:\/\/www.b-sharpe.com\/de\/#website"},"primaryImageOfPage":{"@id":"https:\/\/www.b-sharpe.com\/de\/#primaryimage"},"image":{"@id":"https:\/\/www.b-sharpe.com\/de\/#primaryimage"},"thumbnailUrl":"https:\/\/www.b-sharpe.com\/wp-content\/uploads\/2021\/02\/1.png","datePublished":"2020-04-17T17:00:40+00:00","dateModified":"2025-05-14T12:09:08+00:00","description":"Geldwechsel zu fairen und transparenten Kursen. Sichere internationale \u00dcberweisungen innerhalb von 24 Stunden, f\u00fcr Privatpersonen und Kleinunternehmen.","breadcrumb":{"@id":"https:\/\/www.b-sharpe.com\/de\/#breadcrumb"},"inLanguage":"de","potentialAction":[{"@type":"ReadAction","target":["https:\/\/www.b-sharpe.com\/de\/"]}]},{"@type":"ImageObject","inLanguage":"de","@id":"https:\/\/www.b-sharpe.com\/de\/#primaryimage","url":"https:\/\/www.b-sharpe.com\/wp-content\/uploads\/2021\/02\/1.png","contentUrl":"https:\/\/www.b-sharpe.com\/wp-content\/uploads\/2021\/02\/1.png","width":1500,"height":940},{"@type":"BreadcrumbList","@id":"https:\/\/www.b-sharpe.com\/de\/#breadcrumb","itemListElement":[{"@type":"ListItem","position":1,"name":"Accueil","item":"https:\/\/www.b-sharpe.com\/de\/"},{"@type":"ListItem","position":2,"name":"b-sharpe, der Schweizer Qualit\u00e4ts-Online-Geldwechsel"}]},{"@type":"WebSite","@id":"https:\/\/www.b-sharpe.com\/de\/#website","url":"https:\/\/www.b-sharpe.com\/de\/","name":"b-sharpe","description":"Le change en ligne de qualit\u00e9 suisse","potentialAction":[{"@type":"SearchAction","target":{"@type":"EntryPoint","urlTemplate":"https:\/\/www.b-sharpe.com\/de\/?s={search_term_string}"},"query-input":{"@type":"PropertyValueSpecification","valueRequired":true,"valueName":"search_term_string"}}],"inLanguage":"de"}]}},"_links":{"self":[{"href":"https:\/\/www.b-sharpe.com\/de\/wp-json\/wp\/v2\/pages\/12563","targetHints":{"allow":["GET"]}}],"collection":[{"href":"https:\/\/www.b-sharpe.com\/de\/wp-json\/wp\/v2\/pages"}],"about":[{"href":"https:\/\/www.b-sharpe.com\/de\/wp-json\/wp\/v2\/types\/page"}],"author":[{"embeddable":true,"href":"https:\/\/www.b-sharpe.com\/de\/wp-json\/wp\/v2\/users\/10"}],"replies":[{"embeddable":true,"href":"https:\/\/www.b-sharpe.com\/de\/wp-json\/wp\/v2\/comments?post=12563"}],"version-history":[{"count":5,"href":"https:\/\/www.b-sharpe.com\/de\/wp-json\/wp\/v2\/pages\/12563\/revisions"}],"predecessor-version":[{"id":423260,"href":"https:\/\/www.b-sharpe.com\/de\/wp-json\/wp\/v2\/pages\/12563\/revisions\/423260"}],"wp:featuredmedia":[{"embeddable":true,"href":"https:\/\/www.b-sharpe.com\/de\/wp-json\/wp\/v2\/media\/24505"}],"wp:attachment":[{"href":"https:\/\/www.b-sharpe.com\/de\/wp-json\/wp\/v2\/media?parent=12563"}],"curies":[{"name":"wp","href":"https:\/\/api.w.org\/{rel}","templated":true}]}}